{"id":39893,"date":"2025-02-25T11:49:36","date_gmt":"2025-02-25T10:49:36","guid":{"rendered":"https:\/\/revierwelt.de\/index.php\/revoka\/"},"modified":"2025-02-25T11:49:36","modified_gmt":"2025-02-25T10:49:36","slug":"revoka","status":"publish","type":"page","link":"https:\/\/revierwelt.de\/index.php\/revoka\/?lang=mt","title":{"rendered":"revoka"},"content":{"rendered":"<p><strong>dritt ta&#8216; rtirar<\/strong><\/p>\n<p>Tista\u2019 tirrevoka d-dikjarazzjoni tal-kuntratt tieg\u0127ek fi \u017cmien 14-il jum ming\u0127ajr ma tag\u0127ti ra\u0121unijiet f\u2019forma ta\u2019 test (e\u017c. ittra, faks, e-mail). Il-perjodu jibda wara li tir\u010bievi din l-istruzzjoni f&#8217;forma ta&#8216; test, i\u017cda mhux qabel il-konklu\u017cjoni tal-kuntratt u lanqas qabel it-twettiq tal-obbligi ta&#8216; informazzjoni tag\u0127na skont l-Artikolu 246 \u00a7 2 flimkien ma&#8216; \u00a7 1 paragrafi 1 u 2 EGBGB kif ukoll l-obbligi tag\u0127na skont \u00a7 312g paragrafu 1 sentenza 1 BGB flimkien mal-Artikolu 3 EGB46 \u00a7 3 EGB4. Biex til\u0127aq l-iskadenza tal-kan\u010bellazzjoni, huwa bi\u017c\u017cejjed li tibg\u0127at il-kan\u010bellazzjoni fil-\u0127in. Ir-revoka g\u0127andha ti\u0121i indirizzata lil:   <\/p>\n<p>REVIERWELT MEDIA GMBH<br \/>\n Direttur Mani\u0121erjali: Alexander Vinnai<br \/>\n Pestalozzistra\u00dfe 41<br \/>\n 35606 Solms<br \/>\n support@revierwelt.de<\/p>\n<p><strong>konsegwenzi ta\u2019 revoka<\/strong><\/p>\n<p>Fil-ka\u017c ta\u2019 revoka effettiva, is-servizzi ri\u010bevuti mi\u017c-\u017cew\u0121 partijiet iridu ji\u0121u rritornati u kwalunkwe benefi\u010b\u010bju derivat (e\u017c. img\u0127ax) g\u0127andu ji\u0121i \u010bedut. Jekk ma tkunx tista\u2019 tirritorna jew tg\u0127addi s-servizz u l-benefi\u010b\u010bji ri\u010bevuti (e\u017c. benefi\u010b\u010bji tal-u\u017cu) kollha kemm huma jew parzjalment jew biss f\u2019kundizzjoni deterjorata, trid t\u0127allasna kumpens g\u0127at-telf fil-valur. Dan jista&#8216; jfisser li inti xorta trid tissodisfa l-obbligi tal-\u0127las kuntrattwali tieg\u0127ek g\u0127all-perjodu sal-revoka. L-obbligi tar-rimbor\u017c tal-\u0127lasijiet g\u0127andhom ji\u0121u ssodisfati fi \u017cmien 30 jum. G\u0127alik, il-perjodu jibda meta tibg\u0127at l-avvi\u017c tal-kan\u010bellazzjoni tieg\u0127ek u g\u0127alina meta nir\u010bievuh.    <\/p>\n<p><strong>Noti Spe\u010bjali<\/strong><\/p>\n<p>Id-dritt tal-irtirar tieg\u0127ek jiskadi qabel i\u017c-\u017cmien jekk il-kuntratt ji\u0121i ssodisfat bis-s\u0127i\u0127 mi\u017c-\u017cew\u0121 partijiet fuq talba espli\u010bita tieg\u0127ek qabel ma tkun e\u017cer\u010bitat id-dritt tal-irtirar tieg\u0127ek.<\/p>\n<p><strong>Tmiem tal-politika tal-kan\u010bellazzjoni.<\/strong><\/p>\n","protected":false},"excerpt":{"rendered":"<p>dritt ta&#8216; rtirar Tista\u2019 tirrevoka d-dikjarazzjoni tal-kuntratt tieg\u0127ek fi \u017cmien 14-il jum ming\u0127ajr ma tag\u0127ti ra\u0121unijiet f\u2019forma ta\u2019 test (e\u017c. ittra, faks, e-mail). Il-perjodu jibda wara li tir\u010bievi din l-istruzzjoni f&#8217;forma ta&#8216; test, i\u017cda mhux qabel il-konklu\u017cjoni tal-kuntratt u lanqas qabel it-twettiq tal-obbligi ta&#8216; informazzjoni tag\u0127na skont l-Artikolu 246 \u00a7 2 flimkien ma&#8216; \u00a7 1&#8230;<\/p>\n","protected":false},"author":4,"featured_media":0,"parent":0,"menu_order":0,"comment_status":"closed","ping_status":"closed","template":"","meta":{"footnotes":""},"class_list":["post-39893","page","type-page","status-publish","hentry"],"_links":{"self":[{"href":"https:\/\/revierwelt.de\/index.php\/wp-json\/wp\/v2\/pages\/39893","targetHints":{"allow":["GET"]}}],"collection":[{"href":"https:\/\/revierwelt.de\/index.php\/wp-json\/wp\/v2\/pages"}],"about":[{"href":"https:\/\/revierwelt.de\/index.php\/wp-json\/wp\/v2\/types\/page"}],"author":[{"embeddable":true,"href":"https:\/\/revierwelt.de\/index.php\/wp-json\/wp\/v2\/users\/4"}],"replies":[{"embeddable":true,"href":"https:\/\/revierwelt.de\/index.php\/wp-json\/wp\/v2\/comments?post=39893"}],"version-history":[{"count":0,"href":"https:\/\/revierwelt.de\/index.php\/wp-json\/wp\/v2\/pages\/39893\/revisions"}],"wp:attachment":[{"href":"https:\/\/revierwelt.de\/index.php\/wp-json\/wp\/v2\/media?parent=39893"}],"curies":[{"name":"wp","href":"https:\/\/api.w.org\/{rel}","templated":true}]}}