{"id":40148,"date":"2025-02-25T11:53:06","date_gmt":"2025-02-25T10:53:06","guid":{"rendered":"https:\/\/revierwelt.de\/index.php\/co-je-revierwelt\/"},"modified":"2025-02-25T11:53:13","modified_gmt":"2025-02-25T10:53:13","slug":"co-je-revierwelt","status":"publish","type":"page","link":"https:\/\/revierwelt.de\/index.php\/co-je-revierwelt\/?lang=sk","title":{"rendered":"\u010co je Revierwelt?"},"content":{"rendered":"<section class=\"l-section wpb_row height_medium color_alternate\" id=\"spustenie\"><div class=\"l-section-h i-cf\"><div class=\"g-cols vc_row via_flex valign_top type_default stacking_default\"><div class=\"vc_col-sm-12 wpb_column vc_column_container\"><div class=\"vc_column-inner\"><div class=\"wpb_wrapper\"><div class=\"wpb_text_column\"><div class=\"wpb_wrapper\"><h2 style=\"text-align: center;\"><strong>REVIERWELT.<\/strong><\/h2>\n<\/div><\/div><\/div><\/div><\/div><\/div><\/div><\/section><section class=\"l-section wpb_row height_auto width_full\"><div class=\"l-section-h i-cf\"><div class=\"g-cols vc_row via_flex valign_middle type_boxes stacking_default\"><div class=\"vc_col-sm-6 wpb_column vc_column_container us_animate_afl\"><div class=\"vc_column-inner\"><div class=\"wpb_wrapper\"><div class=\"wpb_text_column\"><div class=\"wpb_wrapper\"><h5>\u010co je Revierwelt?<\/h5>\n<p>S pribli\u017ene 100 000 odberate\u013emi je Revierwelt najv\u00e4\u010d\u0161\u00edm poskytovate\u013eom softv\u00e9rov\u00fdch rie\u0161en\u00ed pre ka\u017edodenn\u00e9 po\u013eovn\u00edctvo a po\u013eovn\u00e9 rev\u00edry a je pravdepodobne jedinou platformou na svete, ktor\u00e1 sp\u00e1ja <b>funkcie <\/b> <b>po\u013eovn\u00edckeho mana\u017ementu <\/b>a <b>soci\u00e1lnych m\u00e9di\u00ed <\/b>v jednom programe. Revierwelt je vhodn\u00fd pre mal\u00e9 aj ve\u013ek\u00e9 po\u013eovn\u00e9 rev\u00edry, ako aj pre komer\u010dn\u00fdch pou\u017e\u00edvate\u013eov, ako s\u00fa miestne org\u00e1ny a zdru\u017eenia. S viac ako 120 funkciami v\u00e1m Revierwelt pon\u00faka v\u0161etko, \u010do potrebujete na ka\u017edodenn\u00e9 lovenie, vr\u00e1tane \u0161peci\u00e1lnych rie\u0161en\u00ed pre komplexn\u00e9 \u00falohy, ako je sledovanie GPS, pl\u00e1novanie riaden\u00fdch lovov, monitorovanie pasc\u00ed, pripojenie kamier na zver a messenger. Kombin\u00e1cia r\u00f4znych aplik\u00e1ci\u00ed v jednom programe je v\u00fdnimo\u010dn\u00e1. Revierwelt pon\u00faka v\u0161etko na jednom mieste, od koordin\u00e1cie lovu a pripojenia IOT zariaden\u00ed a\u017e po podrobn\u00e9 anal\u00fdzy v\u0161etk\u00fdch koncov\u00fdch zariaden\u00ed.    <\/p>\n<h5>Ko\u013eko stoj\u00ed Revierwelt?<\/h5>\n<p>Va\u0161e konto Revierwelt je bezplatn\u00e9. Ak ste \u010dlenom existuj\u00faceho po\u013eovn\u00e9ho rev\u00edru, m\u00f4\u017eete vyu\u017e\u00edva\u0165 v\u00fdhody Revierweltu bezplatne a by\u0165 v kontakte s po\u013eovn\u00edkmi a po\u013eovn\u00edckymi nad\u0161encami na celom svete. <\/p>\n<p>Pon\u00fakame r\u00f4zne <a href=\"https:\/\/revierwelt.de\/index.php\/preise-2023\/\"><strong>bal\u00ed\u010dky<\/strong><\/a> v syst\u00e9me predplatn\u00e9ho, prisp\u00f4soben\u00e9 va\u0161im osobn\u00fdm po\u017eiadavk\u00e1m:<\/p>\n<ul>\n<li><strong>\u0161tandardn\u00fd bal\u00edk<\/strong> pre mal\u00e9 po\u013eovn\u00e9 rev\u00edry len s nieko\u013ek\u00fdmi po\u013eovn\u00edkmi, s pripojen\u00edm monitorovac\u00edch zariaden\u00ed a sledovan\u00edm GPS,<\/li>\n<li><strong>bal\u00edk Plus,<\/strong> ktor\u00fd obsahuje GPS a monitorovacie funkcie a ktor\u00fd si ni\u010d nevy\u017eaduje,<\/li>\n<li><strong>profesion\u00e1lny bal\u00edk<\/strong> pre ve\u013ek\u00e9 po\u013eovn\u00e9 rev\u00edry, po\u013eovn\u00edcke zdru\u017eenia, lesy a obce.<\/li>\n<\/ul>\n<\/div><\/div><\/div><\/div><\/div><div class=\"vc_col-sm-6 wpb_column vc_column_container has_bg_color us_animate_afr\"><div class=\"vc_column-inner us_custom_b53f5a27\"><div class=\"wpb_wrapper\"><div class=\"w-separator size_custom\" style=\"height:200px\"><\/div><\/div><\/div><\/div><\/div><\/div><\/section><section class=\"l-section wpb_row height_auto width_full\"><div class=\"l-section-h i-cf\"><div class=\"g-cols vc_row via_flex valign_middle type_boxes stacking_default\"><div class=\"vc_col-sm-6 vc_hidden-xs wpb_column vc_column_container has_bg_color us_animate_afl\"><div class=\"vc_column-inner us_custom_af2dc2ee\"><div class=\"wpb_wrapper\"><\/div><\/div><\/div><div class=\"vc_col-sm-6 wpb_column vc_column_container us_animate_afr\"><div class=\"vc_column-inner\"><div class=\"wpb_wrapper\"><div class=\"wpb_text_column\"><div class=\"wpb_wrapper\"><h5>Ako a kde m\u00f4\u017eem pou\u017e\u00edva\u0165 Revierwelt?<\/h5>\n<p>Revierwelt je slu\u017eba z cloudu, ku ktorej m\u00f4\u017eete pristupova\u0165 prostredn\u00edctvom ak\u00e9hoko\u013evek webov\u00e9ho prehliada\u010da na adrese revierwelt.de. Nie je preto potrebn\u00e9 in\u0161talova\u0165 softv\u00e9r do po\u010d\u00edta\u010da, tabletu alebo smartf\u00f3nu.  Pr\u00edstup k slu\u017ebe Revierwelt m\u00f4\u017eete z\u00edska\u0165 aj na smartf\u00f3ne alebo tablete prostredn\u00edctvom ak\u00e9hoko\u013evek webov\u00e9ho prehliada\u010da. Pou\u017e\u00edvanie Revierweltu prostredn\u00edctvom na\u0161ich <a href=\"https:\/\/revierwelt.de\/index.php\/apps-und-software\/\" target=\"_blank\" rel=\"noopener\">aplik\u00e1ci\u00ed<\/a> je v\u0161ak ove\u013ea pohodlnej\u0161ie. <\/p>\n<p>Nov\u00fd Revierwelt je z\u00e1kladom komplexn\u00e9ho digit\u00e1lneho po\u013eovn\u00edckeho mana\u017ementu ako webov\u00e1 aplik\u00e1cia a mobiln\u00e1 aplik\u00e1cia na online aj offline pou\u017eitie. Realizovalo sa nespo\u010detn\u00e9 mno\u017estvo vylep\u0161en\u00ed pre mobiln\u00e9 pou\u017eitie v po\u013eovn\u00edckych prev\u00e1dzkach. Do v\u00fdvoja bolo zapracovan\u00fdch mnoho n\u00e1vrhov na\u0161ich vern\u00fdch pou\u017e\u00edvate\u013eov Revierweltu na zlep\u0161enie aplik\u00e1cie.  <\/p>\n<p>Okrem aplik\u00e1cie Revierwelt s viac ako 120 funkciami s\u00fa k dispoz\u00edcii \u0161pecializovan\u00e9 aplik\u00e1cie na sledovanie psov, kamier na zver, sledovanie pasc\u00ed a riaden\u00fdch lovov.<\/p>\n<p>A \u010do je najlep\u0161ie: v\u0161etky aplik\u00e1cie Revierwelt s\u00fa k dispoz\u00edcii zadarmo v <a href=\"https:\/\/play.google.com\/store\/apps\/developer?id=Revierwelt+Media+GmbH\" target=\"_blank\" rel=\"noopener\">obchodoch Google Play<\/a> a <a href=\"https:\/\/apps.apple.com\/de\/developer\/revierwelt-media-gmbh\/id464658720\" target=\"_blank\" rel=\"noopener\">Apple Store<\/a>.<\/p>\n<\/div><\/div><\/div><\/div><\/div><\/div><\/div><\/section><section class=\"l-section wpb_row height_auto width_full\"><div class=\"l-section-h i-cf\"><div class=\"g-cols vc_row via_flex valign_middle type_boxes stacking_default\"><div class=\"vc_col-sm-6 wpb_column vc_column_container us_animate_afl\"><div class=\"vc_column-inner\"><div class=\"wpb_wrapper\"><div class=\"wpb_text_column\"><div class=\"wpb_wrapper\"><h5>Ako to funguje so spr\u00e1vou \u00fazemia?<\/h5>\n<p>Hne\u010f po vytvoren\u00ed pou\u017e\u00edvate\u013esk\u00e9ho \u00fa\u010dtu v slu\u017ebe Revierwelt m\u00f4\u017eete vytvori\u0165 jeden alebo viac po\u013eovn\u00fdch rev\u00edrov alebo sa pripoji\u0165 k jedn\u00e9mu alebo viacer\u00fdm existuj\u00facim po\u013eovn\u00fdm rev\u00edrom.<\/p>\n<p>Z\u00e1kladom programu je mapa po\u013eovn\u00e9ho rev\u00edru s vyzna\u010den\u00edm hran\u00edc po\u013eovn\u00e9ho rev\u00edru a zariaden\u00ed po\u013eovn\u00e9ho rev\u00edru (v\u00fd\u0161kov\u00e9 posedy, k\u0155mne miesta, ohnisk\u00e1, body z\u00e1ujmu a tie\u017e detektory pasc\u00ed a kamery na sledovanie zveri). Rovnako d\u00f4le\u017eit\u00fd je, samozrejme, aj zoznam tr\u00e1s s prepojen\u00edm na m\u00e4sov\u00fd mana\u017ement, pokladni\u010dn\u00fa knihu a trh so zverinou. <\/p>\n<h5>Ako vytvor\u00edm mapu okresu?<\/h5>\n<p>Mapu okresu m\u00f4\u017eete nakresli\u0165 priamo vo svete okresu a nesk\u00f4r ju upravi\u0165. Samozrejme, m\u00f4\u017eete tie\u017e priamo importova\u0165 mnoh\u00e9 d\u00e1tov\u00e9 form\u00e1ty, napr\u00edklad .kml. Je mo\u017en\u00e9 integrova\u0165 aj in\u00e9 form\u00e1ty &#8211; sta\u010d\u00ed n\u00e1s kontaktova\u0165.<\/p>\n<\/div><\/div><\/div><\/div><\/div><div class=\"vc_col-sm-6 wpb_column vc_column_container has_bg_color us_animate_afr\"><div class=\"vc_column-inner us_custom_6bab4c50\"><div class=\"wpb_wrapper\"><div class=\"w-separator size_custom\" style=\"height:200px\"><\/div><\/div><\/div><\/div><\/div><\/div><\/section><section class=\"l-section wpb_row height_auto width_full\"><div class=\"l-section-h i-cf\"><div class=\"g-cols vc_row via_flex valign_middle type_boxes stacking_default\"><div class=\"vc_col-sm-6 vc_hidden-xs wpb_column vc_column_container has_bg_color us_animate_afl\"><div class=\"vc_column-inner us_custom_06e4b8c2\"><div class=\"wpb_wrapper\"><div class=\"w-separator size_custom\" style=\"height:200px\"><\/div><\/div><\/div><\/div><div class=\"vc_col-sm-6 wpb_column vc_column_container us_animate_afr\"><div class=\"vc_column-inner\"><div class=\"wpb_wrapper\"><div class=\"wpb_text_column\"><div class=\"wpb_wrapper\"><h5>Ako m\u00f4\u017eem do svojho po\u013eovn\u00e9ho rev\u00edru prija\u0165 in\u00fdch po\u013eovn\u00edkov?<\/h5>\n<p>Do svojho po\u013eovn\u00e9ho rev\u00edru m\u00f4\u017eete prida\u0165 ka\u017ed\u00e9ho po\u013eovn\u00edka, ktor\u00fd je registrovan\u00fd v spolo\u010dnosti Revierwelt. Ka\u017ed\u00e9mu po\u013eovn\u00edkovi m\u00f4\u017eete udeli\u0165 r\u00f4zne pr\u00e1va vr\u00e1tane moder\u00e1torsk\u00fdch pr\u00e1v. M\u00f4\u017eete tie\u017e udeli\u0165 ostatn\u00fdm po\u013eovn\u00edkom do\u010dasn\u00fd pr\u00edstup pre host\u00ed &#8211; ide\u00e1lne napr\u00edklad na po\u013eova\u010dku s vodi\u010dom.  <\/p>\n<p>S ostatn\u00fdmi po\u013eovn\u00edkmi v r\u00e1mci spolo\u010dnosti Revierwelt aj mimo nej m\u00f4\u017eete by\u0165 v kontakte prostredn\u00edctvom na\u0161ej rozsiahlej skupinovej funkcie a slu\u017eby Messenger &#8211; komunita Revierwelt sp\u00e1ja funkcie aplik\u00e1ci\u00ed WhatsApp a Facebook na jednom mieste.<\/p>\n<\/div><\/div><\/div><\/div><\/div><\/div><\/div><\/section><section class=\"l-section wpb_row height_medium color_alternate\"><div class=\"l-section-h i-cf\"><div class=\"g-cols vc_row via_flex valign_top type_default stacking_default\"><div class=\"vc_col-sm-12 wpb_column vc_column_container\"><div class=\"vc_column-inner\"><div class=\"wpb_wrapper\"><div class=\"wpb_text_column\"><div class=\"wpb_wrapper\"><h2 style=\"text-align: center;\"><strong>REVIERWELT.<\/strong>  Objavte.<\/h2>\n<\/div><\/div><\/div><\/div><\/div><\/div><\/div><\/section><section class=\"l-section wpb_row height_medium with_img parallax_ver\"><div class=\"l-section-img\" role=\"img\" data-img-width=\"1024\" data-img-height=\"683\" style=\"background-image: url(https:\/\/revierwelt.de\/wp-content\/uploads\/2018\/01\/170301-0001-2.jpg);\"><\/div><div class=\"l-section-overlay\" style=\"background:rgba(72,108,75,0.5)\"><\/div><div class=\"l-section-h i-cf\"><div class=\"g-cols vc_row via_flex valign_top type_default stacking_default\"><div class=\"vc_col-sm-12 wpb_column vc_column_container\"><div class=\"vc_column-inner\"><div class=\"wpb_wrapper\"><div class=\"w-grid type_grid layout_25853 cols_5 ratio_1x1\" id=\"us_grid_1\" style=\"--columns:5;--gap:2px;--item-ratio:1;\" data-filterable=\"true\"><style>@media (max-width:1380px){#us_grid_1{--columns:3!important}}@media (max-width:1024px){#us_grid_1{--columns:2!important}}@media (max-width:600px){#us_grid_1{--columns:1!important}}.layout_25853 .w-grid-item-h{}.layout_25853 .usg_post_custom_field_1{transition-duration:0.4s;transform-origin:50% 50%;transform:scale(0) translate(0,0);opacity:0}.layout_25853 .w-grid-item-h:hover .usg_post_custom_field_1{transform:scale(1.5) translate(0,0);opacity:1}.layout_25853 .usg_vwrapper_1{transition-duration:0.4s;transform-origin:50% 50%;transform:scale(0) translate(0,0);opacity:0}.layout_25853 .w-grid-item-h:hover .usg_vwrapper_1{transform:scale(1) translate(0,0);opacity:1}.layout_25853 .usg_post_image_1{position:absolute!important;top:0!important;right:0!important;bottom:0!important;left:0!important}.layout_25853 .usg_post_custom_field_1{position:absolute!important;top:0!important;right:0!important;bottom:0!important;left:0!important;border-radius:50!important;padding:2rem!important;background:inherit!important}.layout_25853 .usg_vwrapper_1{position:absolute!important;top:0!important;right:0!important;bottom:0!important;left:0!important;padding:2rem!important}.layout_25853 .usg_post_title_1{color:inherit!important}<\/style><div class=\"w-grid-list\">\t<article class=\"w-grid-item size_1x1 post-28473 us_portfolio type-us_portfolio status-publish has-post-thumbnail hentry us_portfolio_category-revierwelt\" data-id=\"28473\">\r\n\t\t<div class=\"w-grid-item-h\" style=\"background:#f2f2f2;color:#486c4b;\">\r\n\t\t\t\t\t\t\t<a href=\"https:\/\/revierwelt.de\/index.php\/portfolio\/fleischverwaltung\/\" class=\"w-grid-item-anchor\" aria-label=\"Fleischverwaltung\"><\/a>\r\n\t\t\t\t\t\t<div class=\"w-post-elm post_image usg_post_image_1 stretched\"><img loading=\"lazy\" decoding=\"async\" width=\"573\" height=\"573\" src=\"https:\/\/revierwelt.de\/wp-content\/uploads\/2022\/03\/frisches_wild_qua.png\" class=\"attachment-us_600_0 size-us_600_0 wp-post-image\" alt=\"\" \/><\/div><div class=\"w-post-elm post_custom_field usg_post_custom_field_1 type_text  color_link_inherit has_border_radius\"><span class=\"w-post-elm-value\"><\/span><\/div><div class=\"w-vwrapper usg_vwrapper_1 align_center valign_middle\"><h3 class=\"w-post-elm post_title usg_post_title_1 has_text_color align_center entry-title color_link_inherit\">Fleischverwaltung<\/h3><\/div>\t\t<\/div>\r\n\t\t\t<\/article>\r\n\t<article class=\"w-grid-item size_1x1 post-26717 us_portfolio type-us_portfolio status-publish has-post-thumbnail hentry us_portfolio_category-revierwelt\" data-id=\"26717\">\r\n\t\t<div class=\"w-grid-item-h\" style=\"background:#f2f2f2;color:#486c4b;\">\r\n\t\t\t\t\t\t\t<a href=\"https:\/\/revierwelt.de\/index.php\/portfolio\/drueckjagd\/\" class=\"w-grid-item-anchor\" aria-label=\"Dr\u00fcckjagd\"><\/a>\r\n\t\t\t\t\t\t<div class=\"w-post-elm post_image usg_post_image_1 stretched\"><img loading=\"lazy\" decoding=\"async\" width=\"600\" height=\"600\" src=\"https:\/\/revierwelt.de\/wp-content\/uploads\/2020\/05\/DRU\u0308CKJAGD_qua.jpg\" class=\"attachment-us_600_0 size-us_600_0 wp-post-image\" alt=\"\" \/><\/div><div class=\"w-post-elm post_custom_field usg_post_custom_field_1 type_text  color_link_inherit has_border_radius\"><span class=\"w-post-elm-value\"><\/span><\/div><div class=\"w-vwrapper usg_vwrapper_1 align_center valign_middle\"><h3 class=\"w-post-elm post_title usg_post_title_1 has_text_color align_center entry-title color_link_inherit\">Dr\u00fcckjagd<\/h3><\/div>\t\t<\/div>\r\n\t\t\t<\/article>\r\n\t<article class=\"w-grid-item size_1x1 post-23142 us_portfolio type-us_portfolio status-publish has-post-thumbnail hentry us_portfolio_category-revierwelt\" data-id=\"23142\">\r\n\t\t<div class=\"w-grid-item-h\" style=\"background:#f2f2f2;color:#486c4b;\">\r\n\t\t\t\t\t\t\t<a href=\"https:\/\/revierwelt.de\/index.php\/portfolio\/revierverwaltung\/\" class=\"w-grid-item-anchor\" aria-label=\"Revierverwaltung\"><\/a>\r\n\t\t\t\t\t\t<div class=\"w-post-elm post_image usg_post_image_1 stretched\"><img loading=\"lazy\" decoding=\"async\" width=\"600\" height=\"600\" src=\"https:\/\/revierwelt.de\/wp-content\/uploads\/2018\/01\/revierverwaltung-1-1-600x600.jpg\" class=\"attachment-us_600_0 size-us_600_0 wp-post-image\" alt=\"\" srcset=\"https:\/\/revierwelt.de\/wp-content\/uploads\/2018\/01\/revierverwaltung-1-1-600x600.jpg 600w, https:\/\/revierwelt.de\/wp-content\/uploads\/2018\/01\/revierverwaltung-1-1-150x150.jpg 150w, https:\/\/revierwelt.de\/wp-content\/uploads\/2018\/01\/revierverwaltung-1-1-300x300.jpg 300w, https:\/\/revierwelt.de\/wp-content\/uploads\/2018\/01\/revierverwaltung-1-1-768x768.jpg 768w, https:\/\/revierwelt.de\/wp-content\/uploads\/2018\/01\/revierverwaltung-1-1.jpg 1024w, https:\/\/revierwelt.de\/wp-content\/uploads\/2018\/01\/revierverwaltung-1-1-180x180.jpg 180w, https:\/\/revierwelt.de\/wp-content\/uploads\/2018\/01\/revierverwaltung-1-1-350x350.jpg 350w\" sizes=\"auto, (max-width: 600px) 100vw, 600px\" \/><\/div><div class=\"w-post-elm post_custom_field usg_post_custom_field_1 type_text  color_link_inherit has_border_radius\"><span class=\"w-post-elm-value\"><\/span><\/div><div class=\"w-vwrapper usg_vwrapper_1 align_center valign_middle\"><h3 class=\"w-post-elm post_title usg_post_title_1 has_text_color align_center entry-title color_link_inherit\">Revierverwaltung<\/h3><\/div>\t\t<\/div>\r\n\t\t\t<\/article>\r\n\t<article class=\"w-grid-item size_1x1 post-331 us_portfolio type-us_portfolio status-publish has-post-thumbnail hentry us_portfolio_category-revierwelt\" data-id=\"331\">\r\n\t\t<div class=\"w-grid-item-h\" style=\"background:#f2f2f2;color:#486c4b;\">\r\n\t\t\t\t\t\t\t<a href=\"https:\/\/revierwelt.de\/index.php\/portfolio\/gps-hundeortung\/\" class=\"w-grid-item-anchor\" aria-label=\"GPS-Hundeortung\"><\/a>\r\n\t\t\t\t\t\t<div class=\"w-post-elm post_image usg_post_image_1 stretched\"><img loading=\"lazy\" decoding=\"async\" width=\"600\" height=\"600\" src=\"https:\/\/revierwelt.de\/wp-content\/uploads\/2018\/01\/Dru\u0308ckjagd_iphone_qua2.png\" class=\"attachment-us_600_0 size-us_600_0 wp-post-image\" alt=\"\" \/><\/div><div class=\"w-post-elm post_custom_field usg_post_custom_field_1 type_text  color_link_inherit has_border_radius\"><span class=\"w-post-elm-value\"><\/span><\/div><div class=\"w-vwrapper usg_vwrapper_1 align_center valign_middle\"><h3 class=\"w-post-elm post_title usg_post_title_1 has_text_color align_center entry-title color_link_inherit\">GPS-Hundeortung<\/h3><\/div>\t\t<\/div>\r\n\t\t\t<\/article>\r\n\t<article class=\"w-grid-item size_1x1 post-23138 us_portfolio type-us_portfolio status-publish has-post-thumbnail hentry us_portfolio_category-revierwelt\" data-id=\"23138\">\r\n\t\t<div class=\"w-grid-item-h\" style=\"background:#f2f2f2;color:#486c4b;\">\r\n\t\t\t\t\t\t\t<a href=\"https:\/\/revierwelt.de\/index.php\/portfolio\/wildkameras\/\" class=\"w-grid-item-anchor\" aria-label=\"Wildkameras\"><\/a>\r\n\t\t\t\t\t\t<div class=\"w-post-elm post_image usg_post_image_1 stretched\"><img loading=\"lazy\" decoding=\"async\" width=\"600\" height=\"600\" src=\"https:\/\/revierwelt.de\/wp-content\/uploads\/2018\/01\/WILDKAMERA_wald_qua.jpg\" class=\"attachment-us_600_0 size-us_600_0 wp-post-image\" alt=\"\" \/><\/div><div class=\"w-post-elm post_custom_field usg_post_custom_field_1 type_text  color_link_inherit has_border_radius\"><span class=\"w-post-elm-value\"><\/span><\/div><div class=\"w-vwrapper usg_vwrapper_1 align_center valign_middle\"><h3 class=\"w-post-elm post_title usg_post_title_1 has_text_color align_center entry-title color_link_inherit\">Wildkameras<\/h3><\/div>\t\t<\/div>\r\n\t\t\t<\/article>\r\n<\/div><div class=\"w-grid-preloader\">\t<div class=\"g-preloader type_1\">\r\n\t\t<div><\/div>\r\n\t<\/div>\r\n\t<\/div>\t<div class=\"w-grid-json hidden\" onclick='return {&quot;action&quot;:&quot;us_ajax_grid&quot;,&quot;infinite_scroll&quot;:0,&quot;max_num_pages&quot;:2,&quot;pagination&quot;:&quot;none&quot;,&quot;template_vars&quot;:{&quot;columns&quot;:&quot;5&quot;,&quot;exclude_items&quot;:&quot;none&quot;,&quot;img_size&quot;:&quot;us_600_0&quot;,&quot;ignore_items_size&quot;:0,&quot;items_layout&quot;:&quot;25853&quot;,&quot;items_offset&quot;:&quot;1&quot;,&quot;load_animation&quot;:&quot;none&quot;,&quot;overriding_link&quot;:&quot;%7B%22type%22%3A%22post%22%7D&quot;,&quot;post_id&quot;:0,&quot;query_args&quot;:{&quot;post_type&quot;:[&quot;us_portfolio&quot;],&quot;tax_query&quot;:[{&quot;taxonomy&quot;:&quot;us_portfolio_category&quot;,&quot;field&quot;:&quot;slug&quot;,&quot;terms&quot;:[&quot;revierwelt&quot;]}],&quot;post_status&quot;:[&quot;publish&quot;],&quot;posts_per_page&quot;:&quot;5&quot;},&quot;orderby_query_args&quot;:{&quot;orderby&quot;:{&quot;date&quot;:&quot;DESC&quot;}},&quot;type&quot;:&quot;grid&quot;,&quot;us_grid_post_type&quot;:&quot;us_portfolio&quot;,&quot;us_grid_ajax_index&quot;:1,&quot;us_grid_filter_query_string&quot;:null,&quot;us_grid_index&quot;:1,&quot;page_args&quot;:[]}}'><\/div>\r\n\t<\/div><\/div><\/div><\/div><\/div><\/div><\/section><section class=\"l-section wpb_row height_medium color_primary\"><div class=\"l-section-h i-cf\"><div class=\"g-cols vc_row via_flex valign_top type_default stacking_default\"><div class=\"vc_col-sm-12 wpb_column vc_column_container us_animate_afb\"><div class=\"vc_column-inner\"><div class=\"wpb_wrapper\"><div class=\"w-actionbox color_primary controls_right\"><div class=\"w-actionbox-text\"><h2 class=\"w-actionbox-title\">Presved\u010dte sa o Revierwelt!<\/h2><\/div><div class=\"w-actionbox-controls\"><a class=\"w-btn us-btn-style_6 icon_atleft\" href=\"https:\/\/portal.revierwelt.de\/\" style=\"font-size:19px;\"><i class=\"fas fa-user-plus\"><\/i><span class=\"w-btn-label\">Zaregistrujte sa teraz!<\/span><\/a><\/div><\/div><\/div><\/div><\/div><\/div><\/div><\/section>\n","protected":false},"excerpt":{"rendered":"REVIERWELT. Wildkamera. Wissen, was l\u00e4uft. Sie k\u00f6nnen nicht rund um die Uhr im Revier sein, um zu wissen was l\u00e4uft. Eine Wildkamera mit GPRS-Funktion dagegen schon \u2013 ihre Bilder zeigen Ihnen, wo sich welches Wild momentan im Revier bewegt. Sie k\u00f6nnen fast jede am Markt erh\u00e4ltliche Kamera mit Revierwelt verwenden. Kameras der Revierwelt-Edition lassen sich...","protected":false},"author":4,"featured_media":0,"parent":0,"menu_order":0,"comment_status":"closed","ping_status":"closed","template":"","meta":{"footnotes":""},"class_list":["post-40148","page","type-page","status-publish","hentry"],"_links":{"self":[{"href":"https:\/\/revierwelt.de\/index.php\/wp-json\/wp\/v2\/pages\/40148","targetHints":{"allow":["GET"]}}],"collection":[{"href":"https:\/\/revierwelt.de\/index.php\/wp-json\/wp\/v2\/pages"}],"about":[{"href":"https:\/\/revierwelt.de\/index.php\/wp-json\/wp\/v2\/types\/page"}],"author":[{"embeddable":true,"href":"https:\/\/revierwelt.de\/index.php\/wp-json\/wp\/v2\/users\/4"}],"replies":[{"embeddable":true,"href":"https:\/\/revierwelt.de\/index.php\/wp-json\/wp\/v2\/comments?post=40148"}],"version-history":[{"count":0,"href":"https:\/\/revierwelt.de\/index.php\/wp-json\/wp\/v2\/pages\/40148\/revisions"}],"wp:attachment":[{"href":"https:\/\/revierwelt.de\/index.php\/wp-json\/wp\/v2\/media?parent=40148"}],"curies":[{"name":"wp","href":"https:\/\/api.w.org\/{rel}","templated":true}]}}