{"id":40164,"date":"2025-02-25T11:53:41","date_gmt":"2025-02-25T10:53:41","guid":{"rendered":"https:\/\/revierwelt.de\/index.php\/hvad-er-revierwelt\/"},"modified":"2025-02-25T11:53:54","modified_gmt":"2025-02-25T10:53:54","slug":"hvad-er-revierwelt","status":"publish","type":"page","link":"https:\/\/revierwelt.de\/index.php\/hvad-er-revierwelt\/?lang=is","title":{"rendered":"Hva\u00f0 er Revierwelt?"},"content":{"rendered":"<section class=\"l-section wpb_row height_medium color_alternate\" id=\"byrja\"><div class=\"l-section-h i-cf\"><div class=\"g-cols vc_row via_flex valign_top type_default stacking_default\"><div class=\"vc_col-sm-12 wpb_column vc_column_container\"><div class=\"vc_column-inner\"><div class=\"wpb_wrapper\"><div class=\"wpb_text_column\"><div class=\"wpb_wrapper\"><h2 style=\"text-align: center;\"><strong>REVIERWELT .<\/strong><\/h2>\n<\/div><\/div><\/div><\/div><\/div><\/div><\/div><\/section><section class=\"l-section wpb_row height_auto width_full\"><div class=\"l-section-h i-cf\"><div class=\"g-cols vc_row via_flex valign_middle type_boxes stacking_default\"><div class=\"vc_col-sm-6 wpb_column vc_column_container us_animate_afl\"><div class=\"vc_column-inner\"><div class=\"wpb_wrapper\"><div class=\"wpb_text_column\"><div class=\"wpb_wrapper\"><h5>Hva\u00f0 er Revierwelt?<\/h5>\n<p>Me\u00f0 um 100.000 \u00e1skrifendur er Revierwelt st\u00e6rsti veitandi hugb\u00fana\u00f0arlausna fyrir hversdagsleg vei\u00f0i- og vei\u00f0isv\u00e6\u00f0i og er l\u00edklega eini vettvangurinn \u00ed heiminum sem sameinar <b>vei\u00f0istj\u00f3rnun<\/b> og <b>samf\u00e9lagsmi\u00f0laa\u00f0ger\u00f0ir<\/b> \u00ed einu forriti. Revierwelt hentar jafnt fyrir l\u00edtil sem st\u00f3r vei\u00f0isv\u00e6\u00f0i, sem og fyrir notendur \u00ed atvinnuskyni eins og sveitarf\u00e9l\u00f6gum og f\u00e9l\u00f6gum. Me\u00f0 yfir 120 a\u00f0ger\u00f0um b\u00fd\u00f0ur Revierwelt \u00fe\u00e9r allt sem \u00fe\u00fa \u00fearft fyrir daglegar vei\u00f0ar, \u00fear \u00e1 me\u00f0al s\u00e9rlausnir fyrir fl\u00f3kin verkefni eins og GPS m\u00e6lingar, aksturs\u00e1\u00e6tlun, gildrueftirlit, tengingu vi\u00f0 vei\u00f0imyndav\u00e9l og sendibo\u00f0a. \u00dea\u00f0 sem er fram\u00farskarandi er samsetning mismunandi forrita \u00ed einu forriti. Fr\u00e1 vei\u00f0isamh\u00e6fingu til tengingar IOT t\u00e6kja til \u00edtarlegra mata \u00e1 \u00f6llum endat\u00e6kjum, Revierwelt b\u00fd\u00f0ur upp \u00e1 allt \u00e1 einum sta\u00f0.    <\/p>\n<h5>Hva\u00f0 kostar Revierwelt?<\/h5>\n<p>Reikningurinn \u00feinn hj\u00e1 Revierwelt er \u00f3keypis. Me\u00f0 \u00fev\u00ed a\u00f0 gerast me\u00f0limur \u00e1 n\u00faverandi vei\u00f0isv\u00e6\u00f0i getur\u00f0u n\u00fdtt \u00fe\u00e9r kosti vei\u00f0isv\u00e6\u00f0isins \u00fe\u00e9r a\u00f0 kostna\u00f0arlausu og komist \u00ed samband vi\u00f0 vei\u00f0imenn og vei\u00f0i\u00e1hugamenn um allan heim. <\/p>\n<p>Vi\u00f0 bj\u00f3\u00f0um upp \u00e1 mismunandi <a href=\"https:\/\/revierwelt.de\/index.php\/preise-2023\/\"><strong>pakka<\/strong><\/a> \u00ed \u00e1skriftarkerfinu, sni\u00f0na a\u00f0 \u00fe\u00ednum pers\u00f3nulegu \u00fe\u00f6rfum:<\/p>\n<ul>\n<li><strong>sta\u00f0alpakkinn<\/strong> fyrir litla sv\u00e6\u00f0i\u00f0 me\u00f0 a\u00f0eins f\u00e1um vei\u00f0if\u00e9l\u00f6gum, me\u00f0 tengingu eftirlitst\u00e6kja og GPS m\u00e6lingar,<\/li>\n<li><strong>Plus pakkinn,<\/strong> sem inniheldur GPS og v\u00f6ktunara\u00f0ger\u00f0ir og skilur l\u00edti\u00f0 eftir sig,<\/li>\n<li><strong>fagpakkann<\/strong> fyrir st\u00f3r vei\u00f0isv\u00e6\u00f0i, villibr\u00e1\u00f0arf\u00e9l\u00f6g, sk\u00f3ga og sveitarf\u00e9l\u00f6g.<\/li>\n<\/ul>\n<\/div><\/div><\/div><\/div><\/div><div class=\"vc_col-sm-6 wpb_column vc_column_container has_bg_color us_animate_afr\"><div class=\"vc_column-inner us_custom_b53f5a27\"><div class=\"wpb_wrapper\"><div class=\"w-separator size_custom\" style=\"height:200px\"><\/div><\/div><\/div><\/div><\/div><\/div><\/section><section class=\"l-section wpb_row height_auto width_full\"><div class=\"l-section-h i-cf\"><div class=\"g-cols vc_row via_flex valign_middle type_boxes stacking_default\"><div class=\"vc_col-sm-6 vc_hidden-xs wpb_column vc_column_container has_bg_color us_animate_afl\"><div class=\"vc_column-inner us_custom_af2dc2ee\"><div class=\"wpb_wrapper\"><\/div><\/div><\/div><div class=\"vc_col-sm-6 wpb_column vc_column_container us_animate_afr\"><div class=\"vc_column-inner\"><div class=\"wpb_wrapper\"><div class=\"wpb_text_column\"><div class=\"wpb_wrapper\"><h5>Hvernig og hvar get \u00e9g nota\u00f0 Revierwelt?<\/h5>\n<p>Revierwelt er sk\u00fdja\u00fej\u00f3nusta sem \u00fe\u00fa getur n\u00e1lgast \u00ed gegnum hva\u00f0a vafra sem er \u00e1 revierwelt.de. \u00dea\u00f0 er \u00fev\u00ed engin \u00fe\u00f6rf \u00e1 a\u00f0 setja upp neinn hugb\u00fana\u00f0 \u00e1 t\u00f6lvunni \u00feinni, spjaldt\u00f6lvu e\u00f0a snjalls\u00edma.  \u00de\u00fa getur l\u00edka fengi\u00f0 a\u00f0gang a\u00f0 Revierwelt \u00e1 snjalls\u00edmanum \u00fe\u00ednum e\u00f0a spjaldt\u00f6lvu me\u00f0 hva\u00f0a vafra sem er. Hins vegar er miklu \u00fe\u00e6gilegra a\u00f0 nota Revierwelt \u00ed gegnum <a href=\"https:\/\/revierwelt.de\/index.php\/apps-und-software\/\" target=\"_blank\" rel=\"noopener\">\u00f6ppin<\/a> okkar. <\/p>\n<p>N\u00fdja vei\u00f0isv\u00e6\u00f0i\u00f0 er grunnur a\u00f0 alhli\u00f0a stafr\u00e6nni vei\u00f0istj\u00f3rnun, sem vefforrit og sem fars\u00edmaapp til notkunar \u00ed rekstri \u00e1 netinu og utan nets. \u00d3tal endurb\u00e6tur fyrir fars\u00edmanotkun \u00ed vei\u00f0istarfsemi hafa or\u00f0i\u00f0 a\u00f0 veruleika. Margar till\u00f6gur fr\u00e1 dyggum Revierwelt notendum okkar til a\u00f0 b\u00e6ta appi\u00f0 voru teknar inn \u00ed \u00fer\u00f3unina.  <\/p>\n<p>Auk Revierwelt appsins me\u00f0 yfir 120 a\u00f0ger\u00f0um eru s\u00e9rh\u00e6f\u00f0 \u00f6pp fyrir hundaspor, vei\u00f0imyndav\u00e9lar, gildrueftirlit og eknar vei\u00f0ar.<\/p>\n<p>Og \u00fea\u00f0 besta af \u00f6llu: \u00f6ll Revierwelt \u00f6pp eru f\u00e1anleg \u00f3keypis \u00ed <a href=\"https:\/\/play.google.com\/store\/apps\/developer?id=Revierwelt+Media+GmbH\" target=\"_blank\" rel=\"noopener\">Google Play Store<\/a> og <a href=\"https:\/\/apps.apple.com\/de\/developer\/revierwelt-media-gmbh\/id464658720\" target=\"_blank\" rel=\"noopener\">Apple Store<\/a> .<\/p>\n<\/div><\/div><\/div><\/div><\/div><\/div><\/div><\/section><section class=\"l-section wpb_row height_auto width_full\"><div class=\"l-section-h i-cf\"><div class=\"g-cols vc_row via_flex valign_middle type_boxes stacking_default\"><div class=\"vc_col-sm-6 wpb_column vc_column_container us_animate_afl\"><div class=\"vc_column-inner\"><div class=\"wpb_wrapper\"><div class=\"wpb_text_column\"><div class=\"wpb_wrapper\"><h5>Hvernig virkar sv\u00e6\u00f0isstj\u00f3rnin?<\/h5>\n<p>\u00deegar \u00fe\u00fa hefur sett upp notandareikning hj\u00e1 Revierwelt getur\u00f0u b\u00fai\u00f0 til eitt e\u00f0a fleiri sv\u00e6\u00f0i e\u00f0a gengi\u00f0 \u00ed eitt e\u00f0a fleiri n\u00faverandi sv\u00e6\u00f0i.<\/p>\n<p>Sv\u00e6\u00f0iskorti\u00f0 me\u00f0 sv\u00e6\u00f0ism\u00f6rkum og a\u00f0st\u00f6\u00f0u sv\u00e6\u00f0isins (h\u00e1s\u00e6ti, f\u00f3\u00f0runarst\u00f6\u00f0var, heitir reitir, POI og einnig gildruskynjarar og leikjamyndav\u00e9lar) myndar hjarta \u00e1\u00e6tlunarinnar. Jafn mikilv\u00e6gur er au\u00f0vita\u00f0 lagalistinn me\u00f0 tengingu vi\u00f0 kj\u00f6tstj\u00f3rnun, peningab\u00f3k og leikjamarka\u00f0. <\/p>\n<h5>Hvernig b\u00fd \u00e9g til landsv\u00e6\u00f0iskort?<\/h5>\n<p>\u00de\u00fa getur teikna\u00f0 landsv\u00e6\u00f0iskorti\u00f0 beint \u00ed landsv\u00e6\u00f0isheiminum og breytt \u00fev\u00ed s\u00ed\u00f0ar. Au\u00f0vita\u00f0 getur\u00f0u l\u00edka flutt inn m\u00f6rg gagnasni\u00f0 eins og .kml beint. \u00d6nnur sni\u00f0 geta l\u00edka veri\u00f0 sam\u00fe\u00e6tt &#8211; bara haf\u00f0u samband vi\u00f0 okkur.<\/p>\n<\/div><\/div><\/div><\/div><\/div><div class=\"vc_col-sm-6 wpb_column vc_column_container has_bg_color us_animate_afr\"><div class=\"vc_column-inner us_custom_6bab4c50\"><div class=\"wpb_wrapper\"><div class=\"w-separator size_custom\" style=\"height:200px\"><\/div><\/div><\/div><\/div><\/div><\/div><\/section><section class=\"l-section wpb_row height_auto width_full\"><div class=\"l-section-h i-cf\"><div class=\"g-cols vc_row via_flex valign_middle type_boxes stacking_default\"><div class=\"vc_col-sm-6 vc_hidden-xs wpb_column vc_column_container has_bg_color us_animate_afl\"><div class=\"vc_column-inner us_custom_06e4b8c2\"><div class=\"wpb_wrapper\"><div class=\"w-separator size_custom\" style=\"height:200px\"><\/div><\/div><\/div><\/div><div class=\"vc_col-sm-6 wpb_column vc_column_container us_animate_afr\"><div class=\"vc_column-inner\"><div class=\"wpb_wrapper\"><div class=\"wpb_text_column\"><div class=\"wpb_wrapper\"><h5>Hvernig tek \u00e9g vi\u00f0 \u00f6\u00f0rum vei\u00f0im\u00f6nnum inn \u00e1 mitt vei\u00f0isv\u00e6\u00f0i?<\/h5>\n<p>\u00de\u00fa getur b\u00e6tt hva\u00f0a vei\u00f0imanni sem er skr\u00e1\u00f0ur hj\u00e1 Revierwelt vi\u00f0 vei\u00f0isv\u00e6\u00f0i\u00f0 \u00feitt. \u00de\u00fa getur veitt hverjum vei\u00f0if\u00e9laga mismunandi r\u00e9ttindi, \u00fear \u00e1 me\u00f0al stj\u00f3rnandar\u00e9ttindi. \u00de\u00fa getur l\u00edka veitt \u00f6\u00f0rum vei\u00f0im\u00f6nnum t\u00edmabundinn gestaa\u00f0gang &#8211; tilvali\u00f0 til d\u00e6mis fyrir eki\u00f0 vei\u00f0i.  <\/p>\n<p>\u00de\u00fa getur haft samband vi\u00f0 a\u00f0ra vei\u00f0imenn innan og utan Revierwelt \u00ed gegnum v\u00ed\u00f0t\u00e6ka h\u00f3pa\u00f0ger\u00f0ina okkar og bo\u00f0bera &#8211; Revierwelt samf\u00e9lagi\u00f0 sameinar a\u00f0ger\u00f0ir WhatsApp og Facebook \u00e1 einum sta\u00f0.<\/p>\n<\/div><\/div><\/div><\/div><\/div><\/div><\/div><\/section><section class=\"l-section wpb_row height_medium color_alternate\"><div class=\"l-section-h i-cf\"><div class=\"g-cols vc_row via_flex valign_top type_default stacking_default\"><div class=\"vc_col-sm-12 wpb_column vc_column_container\"><div class=\"vc_column-inner\"><div class=\"wpb_wrapper\"><div class=\"wpb_text_column\"><div class=\"wpb_wrapper\"><h2 style=\"text-align: center;\"><strong>REVIERWELT .<\/strong>  Uppg\u00f6tva\u00f0u.<\/h2>\n<\/div><\/div><\/div><\/div><\/div><\/div><\/div><\/section><section class=\"l-section wpb_row height_medium with_img parallax_ver\"><div class=\"l-section-img\" role=\"img\" data-img-width=\"1024\" data-img-height=\"683\" style=\"background-image: url(https:\/\/revierwelt.de\/wp-content\/uploads\/2018\/01\/170301-0001-2.jpg);\"><\/div><div class=\"l-section-overlay\" style=\"background:rgba(72,108,75,0.5)\"><\/div><div class=\"l-section-h i-cf\"><div class=\"g-cols vc_row via_flex valign_top type_default stacking_default\"><div class=\"vc_col-sm-12 wpb_column vc_column_container\"><div class=\"vc_column-inner\"><div class=\"wpb_wrapper\"><div class=\"w-grid type_grid layout_25853 cols_5 ratio_1x1\" id=\"us_grid_1\" style=\"--columns:5;--gap:2px;--item-ratio:1;\" data-filterable=\"true\"><style>@media (max-width:1380px){#us_grid_1{--columns:3!important}}@media (max-width:1024px){#us_grid_1{--columns:2!important}}@media (max-width:600px){#us_grid_1{--columns:1!important}}.layout_25853 .w-grid-item-h{}.layout_25853 .usg_post_custom_field_1{transition-duration:0.4s;transform-origin:50% 50%;transform:scale(0) translate(0,0);opacity:0}.layout_25853 .w-grid-item-h:hover .usg_post_custom_field_1{transform:scale(1.5) translate(0,0);opacity:1}.layout_25853 .usg_vwrapper_1{transition-duration:0.4s;transform-origin:50% 50%;transform:scale(0) translate(0,0);opacity:0}.layout_25853 .w-grid-item-h:hover .usg_vwrapper_1{transform:scale(1) translate(0,0);opacity:1}.layout_25853 .usg_post_image_1{position:absolute!important;top:0!important;right:0!important;bottom:0!important;left:0!important}.layout_25853 .usg_post_custom_field_1{position:absolute!important;top:0!important;right:0!important;bottom:0!important;left:0!important;border-radius:50!important;padding:2rem!important;background:inherit!important}.layout_25853 .usg_vwrapper_1{position:absolute!important;top:0!important;right:0!important;bottom:0!important;left:0!important;padding:2rem!important}.layout_25853 .usg_post_title_1{color:inherit!important}<\/style><div class=\"w-grid-list\">\t<article class=\"w-grid-item size_1x1 post-28473 us_portfolio type-us_portfolio status-publish has-post-thumbnail hentry us_portfolio_category-revierwelt\" data-id=\"28473\">\r\n\t\t<div class=\"w-grid-item-h\" style=\"background:#f2f2f2;color:#486c4b;\">\r\n\t\t\t\t\t\t\t<a href=\"https:\/\/revierwelt.de\/index.php\/portfolio\/fleischverwaltung\/\" class=\"w-grid-item-anchor\" aria-label=\"Fleischverwaltung\"><\/a>\r\n\t\t\t\t\t\t<div class=\"w-post-elm post_image usg_post_image_1 stretched\"><img loading=\"lazy\" decoding=\"async\" width=\"573\" height=\"573\" src=\"https:\/\/revierwelt.de\/wp-content\/uploads\/2022\/03\/frisches_wild_qua.png\" class=\"attachment-us_600_0 size-us_600_0 wp-post-image\" alt=\"\" \/><\/div><div class=\"w-post-elm post_custom_field usg_post_custom_field_1 type_text  color_link_inherit has_border_radius\"><span class=\"w-post-elm-value\"><\/span><\/div><div class=\"w-vwrapper usg_vwrapper_1 align_center valign_middle\"><h3 class=\"w-post-elm post_title usg_post_title_1 has_text_color align_center entry-title color_link_inherit\">Fleischverwaltung<\/h3><\/div>\t\t<\/div>\r\n\t\t\t<\/article>\r\n\t<article class=\"w-grid-item size_1x1 post-26717 us_portfolio type-us_portfolio status-publish has-post-thumbnail hentry us_portfolio_category-revierwelt\" data-id=\"26717\">\r\n\t\t<div class=\"w-grid-item-h\" style=\"background:#f2f2f2;color:#486c4b;\">\r\n\t\t\t\t\t\t\t<a href=\"https:\/\/revierwelt.de\/index.php\/portfolio\/drueckjagd\/\" class=\"w-grid-item-anchor\" aria-label=\"Dr\u00fcckjagd\"><\/a>\r\n\t\t\t\t\t\t<div class=\"w-post-elm post_image usg_post_image_1 stretched\"><img loading=\"lazy\" decoding=\"async\" width=\"600\" height=\"600\" src=\"https:\/\/revierwelt.de\/wp-content\/uploads\/2020\/05\/DRU\u0308CKJAGD_qua.jpg\" class=\"attachment-us_600_0 size-us_600_0 wp-post-image\" alt=\"\" \/><\/div><div class=\"w-post-elm post_custom_field usg_post_custom_field_1 type_text  color_link_inherit has_border_radius\"><span class=\"w-post-elm-value\"><\/span><\/div><div class=\"w-vwrapper usg_vwrapper_1 align_center valign_middle\"><h3 class=\"w-post-elm post_title usg_post_title_1 has_text_color align_center entry-title color_link_inherit\">Dr\u00fcckjagd<\/h3><\/div>\t\t<\/div>\r\n\t\t\t<\/article>\r\n\t<article class=\"w-grid-item size_1x1 post-23142 us_portfolio type-us_portfolio status-publish has-post-thumbnail hentry us_portfolio_category-revierwelt\" data-id=\"23142\">\r\n\t\t<div class=\"w-grid-item-h\" style=\"background:#f2f2f2;color:#486c4b;\">\r\n\t\t\t\t\t\t\t<a href=\"https:\/\/revierwelt.de\/index.php\/portfolio\/revierverwaltung\/\" class=\"w-grid-item-anchor\" aria-label=\"Revierverwaltung\"><\/a>\r\n\t\t\t\t\t\t<div class=\"w-post-elm post_image usg_post_image_1 stretched\"><img loading=\"lazy\" decoding=\"async\" width=\"600\" height=\"600\" src=\"https:\/\/revierwelt.de\/wp-content\/uploads\/2018\/01\/revierverwaltung-1-1-600x600.jpg\" class=\"attachment-us_600_0 size-us_600_0 wp-post-image\" alt=\"\" srcset=\"https:\/\/revierwelt.de\/wp-content\/uploads\/2018\/01\/revierverwaltung-1-1-600x600.jpg 600w, https:\/\/revierwelt.de\/wp-content\/uploads\/2018\/01\/revierverwaltung-1-1-150x150.jpg 150w, https:\/\/revierwelt.de\/wp-content\/uploads\/2018\/01\/revierverwaltung-1-1-300x300.jpg 300w, https:\/\/revierwelt.de\/wp-content\/uploads\/2018\/01\/revierverwaltung-1-1-768x768.jpg 768w, https:\/\/revierwelt.de\/wp-content\/uploads\/2018\/01\/revierverwaltung-1-1.jpg 1024w, https:\/\/revierwelt.de\/wp-content\/uploads\/2018\/01\/revierverwaltung-1-1-180x180.jpg 180w, https:\/\/revierwelt.de\/wp-content\/uploads\/2018\/01\/revierverwaltung-1-1-350x350.jpg 350w\" sizes=\"auto, (max-width: 600px) 100vw, 600px\" \/><\/div><div class=\"w-post-elm post_custom_field usg_post_custom_field_1 type_text  color_link_inherit has_border_radius\"><span class=\"w-post-elm-value\"><\/span><\/div><div class=\"w-vwrapper usg_vwrapper_1 align_center valign_middle\"><h3 class=\"w-post-elm post_title usg_post_title_1 has_text_color align_center entry-title color_link_inherit\">Revierverwaltung<\/h3><\/div>\t\t<\/div>\r\n\t\t\t<\/article>\r\n\t<article class=\"w-grid-item size_1x1 post-331 us_portfolio type-us_portfolio status-publish has-post-thumbnail hentry us_portfolio_category-revierwelt\" data-id=\"331\">\r\n\t\t<div class=\"w-grid-item-h\" style=\"background:#f2f2f2;color:#486c4b;\">\r\n\t\t\t\t\t\t\t<a href=\"https:\/\/revierwelt.de\/index.php\/portfolio\/gps-hundeortung\/\" class=\"w-grid-item-anchor\" aria-label=\"GPS-Hundeortung\"><\/a>\r\n\t\t\t\t\t\t<div class=\"w-post-elm post_image usg_post_image_1 stretched\"><img loading=\"lazy\" decoding=\"async\" width=\"600\" height=\"600\" src=\"https:\/\/revierwelt.de\/wp-content\/uploads\/2018\/01\/Dru\u0308ckjagd_iphone_qua2.png\" class=\"attachment-us_600_0 size-us_600_0 wp-post-image\" alt=\"\" \/><\/div><div class=\"w-post-elm post_custom_field usg_post_custom_field_1 type_text  color_link_inherit has_border_radius\"><span class=\"w-post-elm-value\"><\/span><\/div><div class=\"w-vwrapper usg_vwrapper_1 align_center valign_middle\"><h3 class=\"w-post-elm post_title usg_post_title_1 has_text_color align_center entry-title color_link_inherit\">GPS-Hundeortung<\/h3><\/div>\t\t<\/div>\r\n\t\t\t<\/article>\r\n\t<article class=\"w-grid-item size_1x1 post-23138 us_portfolio type-us_portfolio status-publish has-post-thumbnail hentry us_portfolio_category-revierwelt\" data-id=\"23138\">\r\n\t\t<div class=\"w-grid-item-h\" style=\"background:#f2f2f2;color:#486c4b;\">\r\n\t\t\t\t\t\t\t<a href=\"https:\/\/revierwelt.de\/index.php\/portfolio\/wildkameras\/\" class=\"w-grid-item-anchor\" aria-label=\"Wildkameras\"><\/a>\r\n\t\t\t\t\t\t<div class=\"w-post-elm post_image usg_post_image_1 stretched\"><img loading=\"lazy\" decoding=\"async\" width=\"600\" height=\"600\" src=\"https:\/\/revierwelt.de\/wp-content\/uploads\/2018\/01\/WILDKAMERA_wald_qua.jpg\" class=\"attachment-us_600_0 size-us_600_0 wp-post-image\" alt=\"\" \/><\/div><div class=\"w-post-elm post_custom_field usg_post_custom_field_1 type_text  color_link_inherit has_border_radius\"><span class=\"w-post-elm-value\"><\/span><\/div><div class=\"w-vwrapper usg_vwrapper_1 align_center valign_middle\"><h3 class=\"w-post-elm post_title usg_post_title_1 has_text_color align_center entry-title color_link_inherit\">Wildkameras<\/h3><\/div>\t\t<\/div>\r\n\t\t\t<\/article>\r\n<\/div><div class=\"w-grid-preloader\">\t<div class=\"g-preloader type_1\">\r\n\t\t<div><\/div>\r\n\t<\/div>\r\n\t<\/div>\t<div class=\"w-grid-json hidden\" onclick='return {&quot;action&quot;:&quot;us_ajax_grid&quot;,&quot;infinite_scroll&quot;:0,&quot;max_num_pages&quot;:2,&quot;pagination&quot;:&quot;none&quot;,&quot;template_vars&quot;:{&quot;columns&quot;:&quot;5&quot;,&quot;exclude_items&quot;:&quot;none&quot;,&quot;img_size&quot;:&quot;us_600_0&quot;,&quot;ignore_items_size&quot;:0,&quot;items_layout&quot;:&quot;25853&quot;,&quot;items_offset&quot;:&quot;1&quot;,&quot;load_animation&quot;:&quot;none&quot;,&quot;overriding_link&quot;:&quot;%7B%22type%22%3A%22post%22%7D&quot;,&quot;post_id&quot;:0,&quot;query_args&quot;:{&quot;post_type&quot;:[&quot;us_portfolio&quot;],&quot;tax_query&quot;:[{&quot;taxonomy&quot;:&quot;us_portfolio_category&quot;,&quot;field&quot;:&quot;slug&quot;,&quot;terms&quot;:[&quot;revierwelt&quot;]}],&quot;post_status&quot;:[&quot;publish&quot;],&quot;posts_per_page&quot;:&quot;5&quot;},&quot;orderby_query_args&quot;:{&quot;orderby&quot;:{&quot;date&quot;:&quot;DESC&quot;}},&quot;type&quot;:&quot;grid&quot;,&quot;us_grid_post_type&quot;:&quot;us_portfolio&quot;,&quot;us_grid_ajax_index&quot;:1,&quot;us_grid_filter_query_string&quot;:null,&quot;us_grid_index&quot;:1,&quot;page_args&quot;:[]}}'><\/div>\r\n\t<\/div><\/div><\/div><\/div><\/div><\/div><\/section><section class=\"l-section wpb_row height_medium color_primary\"><div class=\"l-section-h i-cf\"><div class=\"g-cols vc_row via_flex valign_top type_default stacking_default\"><div class=\"vc_col-sm-12 wpb_column vc_column_container us_animate_afb\"><div class=\"vc_column-inner\"><div class=\"wpb_wrapper\"><div class=\"w-actionbox color_primary controls_right\"><div class=\"w-actionbox-text\"><h2 class=\"w-actionbox-title\">Sannf\u00e6r\u00f0u sj\u00e1lfan \u00feig um Revierwelt!<\/h2><\/div><div class=\"w-actionbox-controls\"><a class=\"w-btn us-btn-style_6 icon_atleft\" href=\"https:\/\/portal.revierwelt.de\/\" style=\"font-size:19px;\"><i class=\"fas fa-user-plus\"><\/i><span class=\"w-btn-label\">Skr\u00e1\u00f0u \u00feig n\u00fana!<\/span><\/a><\/div><\/div><\/div><\/div><\/div><\/div><\/div><\/section>\n","protected":false},"excerpt":{"rendered":"REVIERWELT. Wildkamera. Wissen, was l\u00e4uft. Sie k\u00f6nnen nicht rund um die Uhr im Revier sein, um zu wissen was l\u00e4uft. Eine Wildkamera mit GPRS-Funktion dagegen schon \u2013 ihre Bilder zeigen Ihnen, wo sich welches Wild momentan im Revier bewegt. Sie k\u00f6nnen fast jede am Markt erh\u00e4ltliche Kamera mit Revierwelt verwenden. Kameras der Revierwelt-Edition lassen sich...","protected":false},"author":4,"featured_media":0,"parent":0,"menu_order":0,"comment_status":"closed","ping_status":"closed","template":"","meta":{"footnotes":""},"class_list":["post-40164","page","type-page","status-publish","hentry"],"_links":{"self":[{"href":"https:\/\/revierwelt.de\/index.php\/wp-json\/wp\/v2\/pages\/40164","targetHints":{"allow":["GET"]}}],"collection":[{"href":"https:\/\/revierwelt.de\/index.php\/wp-json\/wp\/v2\/pages"}],"about":[{"href":"https:\/\/revierwelt.de\/index.php\/wp-json\/wp\/v2\/types\/page"}],"author":[{"embeddable":true,"href":"https:\/\/revierwelt.de\/index.php\/wp-json\/wp\/v2\/users\/4"}],"replies":[{"embeddable":true,"href":"https:\/\/revierwelt.de\/index.php\/wp-json\/wp\/v2\/comments?post=40164"}],"version-history":[{"count":0,"href":"https:\/\/revierwelt.de\/index.php\/wp-json\/wp\/v2\/pages\/40164\/revisions"}],"wp:attachment":[{"href":"https:\/\/revierwelt.de\/index.php\/wp-json\/wp\/v2\/media?parent=40164"}],"curies":[{"name":"wp","href":"https:\/\/api.w.org\/{rel}","templated":true}]}}