{"id":40272,"date":"2025-02-25T11:54:48","date_gmt":"2025-02-25T10:54:48","guid":{"rendered":"https:\/\/revierwelt.de\/index.php\/vseobecne-podmienky\/"},"modified":"2025-02-25T11:54:52","modified_gmt":"2025-02-25T10:54:52","slug":"vseobecne-podmienky","status":"publish","type":"page","link":"https:\/\/revierwelt.de\/index.php\/vseobecne-podmienky\/?lang=sk","title":{"rendered":"V\u0161eobecn\u00e9 podmienky"},"content":{"rendered":"<section class=\"l-section wpb_row height_medium\"><div class=\"l-section-h i-cf\"><div class=\"g-cols vc_row via_flex valign_top type_default stacking_default\"><div class=\"vc_col-sm-12 wpb_column vc_column_container\"><div class=\"vc_column-inner\"><div class=\"wpb_wrapper\"><div class=\"wpb_text_column\"><div class=\"wpb_wrapper\"><p>Spolo\u010dnos\u0165 Revierwelt Media GmbH pon\u00faka vyu\u017e\u00edvanie spoplatnen\u00fdch slu\u017eieb (REVIERWELT) a n\u00e1kup doplnkov\u00fdch produktov. Na pou\u017e\u00edvanie alebo n\u00e1kup sa vz\u0165ahuj\u00fa tieto podmienky. <\/p>\n<p><strong>Podmienky pou\u017e\u00edvania spoplatnen\u00fdch slu\u017eieb<\/strong><\/p>\n<p>1. zmluvn\u00fd partner<\/p>\n<p>V pr\u00edpade uzavretia zmluvy sa zmluva uzatv\u00e1ra medzi vami ako z\u00e1kazn\u00edkom a spolo\u010dnos\u0165ou Revierwelt Media GmbH &#8211; \u010falej len Revierwelt Media.<\/p>\n<p>2. uzavretie zmluvy<\/p>\n<p>Technick\u00fd a funk\u010dn\u00fd popis slu\u017eieb a v\u00fdkonov REVIERWELT spolo\u010dnosti Revierwelt Media nepredstavuje pr\u00e1vne z\u00e1v\u00e4zn\u00fa zmluvn\u00fa ponuku spolo\u010dnosti Revierwelt Media, ale je len nez\u00e1v\u00e4znou v\u00fdzvou pre z\u00e1kazn\u00edka, aby ich vyu\u017eil.<\/p>\n<p>Zmluva sa uzatv\u00e1ra v nasleduj\u00facich krokoch:<\/p>\n<p>(a) V\u00fdberom spoplatnen\u00e9ho bal\u00edka REVIERWELT a ak\u00fdchko\u013evek \u010fal\u0161\u00edch doplnkov REVIERWELT pre \u00fazemie, ktor\u00e9 ste si predt\u00fdm vybrali, ako z\u00e1kazn\u00edk predklad\u00e1te n\u00e1vrh na uzavretie zmluvy.<\/p>\n<p>(b) Po dokon\u010den\u00ed procesu objedn\u00e1vky s uveden\u00edm po\u017eadovan\u00fdch platobn\u00fdch \u00fadajov sa zmluva o poskytnut\u00ed zmluvn\u00fdch slu\u017eieb medzi spolo\u010dnos\u0165ou Revierwelt Media a vami ako z\u00e1kazn\u00edkom uzavrie zaslan\u00edm potvrdzuj\u00faceho e-mailu od spolo\u010dnosti Revierwelt Media na e-mailov\u00fa adresu, ktor\u00fa ste ako z\u00e1kazn\u00edk uviedli vo svojom z\u00e1kazn\u00edckom \u00fa\u010dte REVIERWELT.<\/p>\n<p>Spolo\u010dnos\u0165 Revierwelt Media ulo\u017e\u00ed text zmluvy a za\u0161le v\u00e1m, z\u00e1kazn\u00edkovi, \u00fadaje o objedn\u00e1vke spolu s t\u00fdmito v\u0161eobecn\u00fdmi obchodn\u00fdmi podmienkami (VOP) e-mailom. V\u0161eobecn\u00e9 obchodn\u00e9 podmienky a s\u00favisiace z\u00e1sady ochrany osobn\u00fdch \u00fadajov si m\u00f4\u017eete kedyko\u013evek pozrie\u0165 aj na webovej str\u00e1nke spolo\u010dnosti Revierwelt Media alebo na adrese REVIERWELT. <\/p>\n<p>3. pou\u017e\u00edvanie slu\u017eieb zasielania spr\u00e1v a d\u00e1tov\u00fdch slu\u017eieb<\/p>\n<p>Vy ako z\u00e1kazn\u00edk budete m\u00f4c\u0165 pou\u017e\u00edva\u0165 syst\u00e9m na odosielanie\/pr\u00edjem \u00fadajov v r\u00e1mci dostupn\u00fdch technick\u00fdch mo\u017enost\u00ed, dostupnosti a pr\u00edpadn\u00fdch \u010fal\u0161\u00edch objednan\u00fdch doplnkov REVIERWELT.<\/p>\n<p>Spolo\u010dnos\u0165 Revierwelt Media za \u017eiadnych okolnost\u00ed nezodpoved\u00e1 za \u00faspe\u0161n\u00e9 prijatie alebo doru\u010denie \u00fadajov alebo textov\u00fdch spr\u00e1v. Spolo\u010dnos\u0165 Revierwelt Media preber\u00e1 na seba zabezpe\u010denie webovej str\u00e1nky a d\u00e1tov\u00fdch komunika\u010dn\u00fdch kan\u00e1lov pre z\u00e1kazn\u00edka pomocou syst\u00e9mu na odosielanie\/pr\u00edjem d\u00e1t, ku ktor\u00e9mu m\u00e1 spolo\u010dnos\u0165 Revierwelt Media pr\u00edstup priamo a bez sprostredkovania tret\u00edch str\u00e1n (REVIERWELT syst\u00e9m), a to v rozsahu a komunika\u010dnom form\u00e1te dohodnutom v ka\u017edom pr\u00edpade (konkr\u00e9tne d\u00e1ta, SMS, e-mail, push spr\u00e1vy a hlas) a pod\u013ea dostupnosti, syst\u00e9m REVIERWELT a \u00fa\u010det na zad\u00e1vanie textov\u00fdch spr\u00e1v a\/alebo do\u010dasn\u00e9 ukladanie textov\u00fdch spr\u00e1v a d\u00e1t na odosielanie na mobiln\u00e9 telef\u00f3nne \u010d\u00edslo, ktor\u00e9 z\u00e1kazn\u00edk uviedol ako cie\u013eov\u00fa adresu, a\/alebo primeran\u00e9 slu\u017eby s cie\u013eom prenosu d\u00e1t, textov\u00fdch alebo hlasov\u00fdch spr\u00e1v na komunika\u010dn\u00e9 rozhrania, telef\u00f3nne \u010d\u00edsla hovorov\/mobiln\u00fdch telef\u00f3nov, e-mailov\u00fa adresu, ktor\u00e9 z\u00e1kazn\u00edk uviedol. <\/p>\n<p>Spolo\u010dnos\u0165 Revierwelt Media v \u017eiadnom pr\u00edpade nezodpoved\u00e1 za \u00faspe\u0161n\u00fd prenos alebo prijatie \u00fadajov, textov\u00fdch\/hlasov\u00fdch spr\u00e1v, ktor\u00e9 sa maj\u00fa odosla\u0165, ale len za poskytnutie syst\u00e9mu REVIERWELT a za\u010datie jedn\u00e9ho alebo viacer\u00fdch pokusov o prenos spr\u00e1vy\/\u00fadajov. Z\u00e1kazn\u00edk si je najm\u00e4 vedom\u00fd toho, \u017ee aj v pr\u00edpade, ak sa tieto slu\u017eby vykon\u00e1vaj\u00fa v s\u00falade so zmluvou, m\u00f4\u017ee d\u00f4js\u0165 k oneskoreniu alebo strate \u00fadajov\/spr\u00e1v, ktor\u00e9 sa maj\u00fa preposla\u0165, najm\u00e4 v pr\u00edpade nedoru\u010dite\u013enosti alebo z in\u00fdch d\u00f4vodov, ktor\u00e9 spo\u010d\u00edvaj\u00fa mimo syst\u00e9mu REVIERWELT(napr. kapacitn\u00e9 obmedzenia alebo nedostupnos\u0165 cie\u013eovej mobilnej siete alebo inej siete a in\u00fdch poskytovate\u013eov slu\u017eieb, prostredn\u00edctvom ktor\u00fdch sa uskuto\u010d\u0148uje doru\u010denie a distrib\u00facia \u00fadajov, textov\u00fdch\/hlasov\u00fdch spr\u00e1v). Spolo\u010dnos\u0165 Revierwelt Media nezodpoved\u00e1 najm\u00e4 za telekomunika\u010dn\u00e9 slu\u017eby potrebn\u00e9 na prenos d\u00e1t medzi miestom prenosu do internetu prostredn\u00edctvom syst\u00e9mu REVIERWELT a prij\u00edmac\u00edm zariaden\u00edm cie\u013ea.  <\/p>\n<p>Predt\u00fdm, ako budete m\u00f4c\u0165 vyu\u017e\u00edva\u0165 d\u00e1tov\u00e9 slu\u017eby SMS syst\u00e9mu REVIERWELT, mus\u00edte si objedna\u0165 pr\u00edslu\u0161n\u00fd doplnok REVIERWELT.<\/p>\n<p>4. doba platnosti zmluvy a jej zru\u0161enie<\/p>\n<p>Zmluva o bal\u00edku <strong>REVIERWELT sa uzatv\u00e1ra na obdobie 365 dn\u00ed, ktor\u00e9 za\u010d\u00edna plyn\u00fa\u0165 odo d\u0148a akcept\u00e1cie zmluvy spolo\u010dnos\u0165ou Revierwelt Media na z\u00e1klade objedn\u00e1vky (term\u00edn). Predl\u017euje sa o \u010fal\u0161\u00edch 365 dn\u00ed, pokia\u013e zmluvu nevypoviete textovou formou (listom, faxom alebo e-mailom) s v\u00fdpovednou lehotou 30 dn\u00ed do konca pr\u00edslu\u0161n\u00e9ho obdobia.<\/strong>  <\/p>\n<p>Zmluva na doplnok <strong>REVIERWELT obsahuje pevne stanoven\u00fa kv\u00f3tu pou\u017e\u00edvania, ktor\u00fa m\u00f4\u017ee vyu\u017ei\u0165 z\u00e1kazn\u00edk alebo koncov\u00e9 zariadenia pou\u017e\u00edvan\u00e9 z\u00e1kazn\u00edkom. Bez predch\u00e1dzaj\u00facej objedn\u00e1vky automatick\u00e9ho dob\u00edjania, ktor\u00fa m\u00f4\u017ee z\u00e1kazn\u00edk kedyko\u013evek zru\u0161i\u0165, sa pou\u017e\u00edvanie doplnku<\/strong> REVIERWELT skon\u010d\u00ed po vy\u010derpan\u00ed kv\u00f3ty pou\u017e\u00edvania. <\/p>\n<p>Pr\u00e1vo ukon\u010di\u0165 pracovn\u00fd pomer z opr\u00e1vnen\u00e9ho d\u00f4vodu zost\u00e1va nedotknut\u00e9. D\u00f4le\u017eit\u00fd d\u00f4vod existuje napr\u00edklad vtedy, ak spolo\u010dnos\u0165 Revierwelt Media ukon\u010d\u00ed prev\u00e1dzku str\u00e1nky REVIERWELT. <\/p>\n<p>5. ceny<\/p>\n<p>Platn\u00e9 ceny bal\u00edkov REVIERWELT a doplnkov REVIERWELT si m\u00f4\u017eete pozrie\u0165 na REVIERWELT (odkaz na cenn\u00edk). Ceny m\u00f4\u017eu by\u0165 upraven\u00e9 pod\u013ea primeran\u00e9ho uv\u00e1\u017eenia spolo\u010dnosti Revierwelt Media. Rozhoduj\u00faca je cena zverejnen\u00e1 v \u010dase objedn\u00e1vky alebo roz\u0161\u00edrenia.  <\/p>\n<p>Uveden\u00e9 ceny v\u017edy zah\u0155\u0148aj\u00fa DPH platn\u00fa v krajine z\u00e1kazn\u00edka.<\/p>\n<p>6 Platba, d\u00e1tum splatnosti<\/p>\n<p>Poplatky za bal\u00edky <strong>REVIERWELT sa vypo\u010d\u00edtaj\u00fa a strhn\u00fa vopred za 365-d\u0148ov\u00e9 obdobie pou\u017e\u00edvania pri prv\u00fdch objedn\u00e1vkach a obnoveniach.<\/strong> <\/p>\n<p>Poplatky za doplnky REVIERWELT sa vypo\u010d\u00edtavaj\u00fa a \u00fa\u010dtuj\u00fa vopred za pr\u00edslu\u0161n\u00e9 pou\u017eitie pod podmienkou prvej objedn\u00e1vky a pri obnoven\u00ed. Poplatky za pou\u017e\u00edvanie s\u00favisiace so slu\u017ebou sa z\u00fa\u010dtuj\u00fa z kv\u00f3ty pou\u017e\u00edvania pr\u00edslu\u0161n\u00e9ho doplnku REVIERWELT po vyu\u017eit\u00ed pr\u00edslu\u0161nej slu\u017eby. <\/p>\n<p>7. vyl\u00fa\u010denie s\u0165a\u017enost\u00ed<\/p>\n<p>S\u0165a\u017enosti t\u00fdkaj\u00face sa pou\u017e\u00edvania doplnkov REVIERWELT s\u00fa pr\u00edpustn\u00e9 len do 30 dn\u00ed odo d\u0148a, ke\u010f bolo reklamovan\u00e9 pou\u017e\u00edvanie za\u00fa\u010dtovan\u00e9.<\/p>\n<p>8. pr\u00e1vo z\u00e1kazn\u00edka ako spotrebite\u013ea na odst\u00fapenie od zmluvy<\/p>\n<p><strong>Z\u00e1sady zru\u0161enia<\/strong><\/p>\n<p>Pr\u00e1vo na zru\u0161enie<\/p>\n<p>Svoje zmluvn\u00e9 vyhl\u00e1senie m\u00f4\u017eete zru\u0161i\u0165 p\u00edsomne (napr. listom, faxom, e-mailom) do 14 dn\u00ed bez uvedenia d\u00f4vodu. T\u00e1to lehota za\u010d\u00edna plyn\u00fa\u0165 po doru\u010den\u00ed tohto pou\u010denia v textovej podobe, nie v\u0161ak pred uzavret\u00edm zmluvy a tie\u017e nie pred splnen\u00edm na\u0161ich informa\u010dn\u00fdch povinnost\u00ed pod\u013ea \u00a7 246 ods. 2 v spojen\u00ed s \u00a7 1 ods. 1 a 2 EGBGB, ako aj na\u0161ich povinnost\u00ed pod\u013ea \u00a7 312g ods. 1 veta 1 BGB v spojen\u00ed s \u00a7 246 ods. 3 EGBGB. Na dodr\u017eanie lehoty na odst\u00fapenie od zmluvy posta\u010duje v\u010dasn\u00e9 odoslanie odst\u00fapenia od zmluvy. Odst\u00fapenie od zmluvy je potrebn\u00e9 zasla\u0165 na adresu:   <\/p>\n<p>REVIERWELT MEDIA GMBH<br \/>\nV\u00fdkonn\u00fd riadite\u013e: Alexander Vinnai<br \/>\nPestalozzistrasse 41<br \/>\n35606 Solms<br \/>\nsupport@revierwelt.de<\/p>\n<p>D\u00f4sledky zru\u0161enia<\/p>\n<p>V pr\u00edpade \u00fa\u010dinn\u00e9ho zru\u0161enia zmluvy musia obe strany vr\u00e1ti\u0165 prijat\u00e9 slu\u017eby a vzda\u0165 sa v\u0161etk\u00fdch z\u00edskan\u00fdch v\u00fdhod (napr. \u00farokov). Ak n\u00e1m nem\u00f4\u017eete vr\u00e1ti\u0165 alebo odovzda\u0165 prijat\u00fd tovar alebo slu\u017eby, ako aj v\u00fdhody (napr. \u00fa\u017eitky z pou\u017e\u00edvania), alebo ich m\u00f4\u017eete vr\u00e1ti\u0165 alebo odovzda\u0165 len \u010diasto\u010dne alebo v zhor\u0161enom stave, mus\u00edte n\u00e1m nahradi\u0165 ich hodnotu. To m\u00f4\u017ee znamena\u0165, \u017ee napriek tomu mus\u00edte splni\u0165 zmluvn\u00e9 platobn\u00e9 povinnosti za obdobie do odst\u00fapenia od zmluvy. Povinnos\u0165 nahradi\u0165 platby mus\u00ed by\u0165 splnen\u00e1 do 30 dn\u00ed. T\u00e1to lehota za\u010d\u00edna pre v\u00e1s plyn\u00fa\u0165 odoslan\u00edm ozn\u00e1menia o odst\u00fapen\u00ed od zmluvy, pre n\u00e1s jeho prijat\u00edm.    <\/p>\n<p>Osobitn\u00e9 pozn\u00e1mky<\/p>\n<p>Va\u0161e pr\u00e1vo na odst\u00fapenie od zmluvy zanik\u00e1 pred\u010dasne, ak bola zmluva na va\u0161u v\u00fdslovn\u00fa \u017eiados\u0165 oboma stranami \u00faplne splnen\u00e1 pred t\u00fdm, ako ste uplatnili svoje pr\u00e1vo na odst\u00fapenie od zmluvy.<\/p>\n<p>Ukon\u010denie storno podmienok.<\/p>\n<p><strong>Vzor formul\u00e1ra na zru\u0161enie<\/strong><\/p>\n<p>(Ak chcete zru\u0161i\u0165 zmluvu, vypl\u0148te a vr\u00e1\u0165te tento formul\u00e1r)<\/p>\n<p>Na<\/p>\n<p>REVIERWELT MEDIA GMBH<br \/>\nV\u00fdkonn\u00fd riadite\u013e: Alexander Vinnai<br \/>\nPestalozzistrasse 41<br \/>\n35606 Solms<br \/>\nsupport@revierwelt.de<\/p>\n<p>&#8211; Ja\/my (*) t\u00fdmto vypoved\u00e1m\/vypoved\u00e1vame zmluvu, ktor\u00fa som\/jeme (*) uzavrel\/uzavreli na poskytnutie nasleduj\u00facej slu\u017eby (*)<\/p>\n<p>&#8211; Objednan\u00e9 d\u0148a (*)<\/p>\n<p>&#8211; Meno spotrebite\u013ea (spotrebite\u013eov)<\/p>\n<p>&#8211; Z\u00e1kazn\u00edcke \u010d\u00edslo spotrebite\u013ea (spotrebite\u013eov)<\/p>\n<p>&#8211; \u010c\u00edslo zmluvy spotrebite\u013ea (spotrebite\u013eov)<\/p>\n<p>&#8211; Adresa spotrebite\u013ea (spotrebite\u013eov)<\/p>\n<p>&#8211; Podpis spotrebite\u013ea (spotrebite\u013eov) (len v pr\u00edpade ozn\u00e1menia v papierovej forme)<\/p>\n<p>&#8211; d\u00e1tum<\/p>\n<p>(*) Nehodiace sa pre\u010diarknite.<\/p>\n<p>&nbsp;<\/p>\n<p>9. zodpovednos\u0165 spolo\u010dnosti Revierwelt Media<\/p>\n<p>Spolo\u010dnos\u0165 Revierwelt Media zodpoved\u00e1 bez obmedzenia v s\u00falade so z\u00e1konn\u00fdmi ustanoveniami: za \u0161kody sp\u00f4soben\u00e9 na \u017eivote, tele alebo zdrav\u00ed, v pr\u00edpade \u00famyslu, v pr\u00edpade hrubej nedbanlivosti a v s\u00falade so z\u00e1konom o zodpovednosti za \u0161kodu sp\u00f4soben\u00fa vadou v\u00fdrobku.<\/p>\n<p>Spolo\u010dnos\u0165 Revierwelt Media je zodpovedn\u00e1 len za \u013eahk\u00fa nedbanlivos\u0165 v pr\u00edpade poru\u0161enia &#8222;podstatnej&#8220; povinnosti vypl\u00fdvaj\u00facej z tejto zmluvy. &#8222;Podstatn\u00e9&#8220; povinnosti v tomto zmysle s\u00fa povinnosti, ktor\u00e9 s\u00fa nevyhnutn\u00e9 na plnenie zmluvy, ktor\u00fdch poru\u0161enie by ohrozilo \u00fa\u010del zmluvy a na dodr\u017eiavanie ktor\u00fdch sa m\u00f4\u017eete spo\u013eahn\u00fa\u0165. V t\u00fdchto pr\u00edpadoch je zodpovednos\u0165 obmedzen\u00e1 na typick\u00e9 a predv\u00eddate\u013en\u00e9 \u0161kody; v ostatn\u00fdch pr\u00edpadoch neexistuje zodpovednos\u0165 za miernu nedbanlivos\u0165.  <\/p>\n<p>10 Miesto plnenia, rozhodn\u00e9 pr\u00e1vo a s\u00fadna pr\u00e1vomoc<\/p>\n<p>Uplat\u0148uje sa v\u00fdlu\u010dne pr\u00e1vo Spolkovej republiky Nemecko. Pre spotrebite\u013ea sa t\u00e1to vo\u013eba pr\u00e1va uplat\u0148uje len do tej miery, pokia\u013e nie je zru\u0161en\u00e1 ochrana poskytovan\u00e1 kogentn\u00fdmi ustanoveniami pr\u00e1va krajiny, v ktorej m\u00e1 spotrebite\u013e obvykl\u00fd pobyt. <\/p>\n<p>11. dolo\u017eka o oddelite\u013enosti<\/p>\n<p>Ak jednotliv\u00e9 ustanovenia t\u00fdchto VOP s\u00fa alebo sa stan\u00fa neplatn\u00fdmi a\/alebo ne\u00fa\u010dinn\u00fdmi, nem\u00e1 to vplyv na platnos\u0165 ostatn\u00fdch ustanoven\u00ed. Neplatn\u00e9 a\/alebo neplatn\u00e9 ustanovenia sa nahradia tak, aby sa dosiahol zam\u00fd\u0161\u013ean\u00fd hospod\u00e1rsky \u00fa\u010del. To sa primerane vz\u0165ahuje aj na vyplnenie medzier vo VOP.  <\/p>\n<\/div><\/div><\/div><\/div><\/div><\/div><\/div><\/section>\n","protected":false},"excerpt":{"rendered":"Spolo\u010dnos\u0165 Revierwelt Media GmbH pon\u00faka vyu\u017e\u00edvanie spoplatnen\u00fdch slu\u017eieb (REVIERWELT) a n\u00e1kup doplnkov\u00fdch produktov. Na pou\u017e\u00edvanie alebo n\u00e1kup sa vz\u0165ahuj\u00fa tieto podmienky. Podmienky pou\u017e\u00edvania spoplatnen\u00fdch slu\u017eieb 1. zmluvn\u00fd partner V pr\u00edpade uzavretia zmluvy sa zmluva uzatv\u00e1ra medzi vami ako z\u00e1kazn\u00edkom a spolo\u010dnos\u0165ou Revierwelt Media GmbH &#8211; \u010falej len Revierwelt Media. 2. uzavretie zmluvy Technick\u00fd a funk\u010dn\u00fd...","protected":false},"author":4,"featured_media":0,"parent":0,"menu_order":0,"comment_status":"closed","ping_status":"closed","template":"","meta":{"footnotes":""},"class_list":["post-40272","page","type-page","status-publish","hentry"],"_links":{"self":[{"href":"https:\/\/revierwelt.de\/index.php\/wp-json\/wp\/v2\/pages\/40272","targetHints":{"allow":["GET"]}}],"collection":[{"href":"https:\/\/revierwelt.de\/index.php\/wp-json\/wp\/v2\/pages"}],"about":[{"href":"https:\/\/revierwelt.de\/index.php\/wp-json\/wp\/v2\/types\/page"}],"author":[{"embeddable":true,"href":"https:\/\/revierwelt.de\/index.php\/wp-json\/wp\/v2\/users\/4"}],"replies":[{"embeddable":true,"href":"https:\/\/revierwelt.de\/index.php\/wp-json\/wp\/v2\/comments?post=40272"}],"version-history":[{"count":0,"href":"https:\/\/revierwelt.de\/index.php\/wp-json\/wp\/v2\/pages\/40272\/revisions"}],"wp:attachment":[{"href":"https:\/\/revierwelt.de\/index.php\/wp-json\/wp\/v2\/media?parent=40272"}],"curies":[{"name":"wp","href":"https:\/\/api.w.org\/{rel}","templated":true}]}}