{"id":40370,"date":"2025-02-25T11:55:45","date_gmt":"2025-02-25T10:55:45","guid":{"rendered":"https:\/\/revierwelt.de\/index.php\/predaj-zveriny\/"},"modified":"2025-02-25T11:55:51","modified_gmt":"2025-02-25T10:55:51","slug":"predaj-zveriny","status":"publish","type":"page","link":"https:\/\/revierwelt.de\/index.php\/predaj-zveriny\/?lang=sk","title":{"rendered":"Predaj zveriny"},"content":{"rendered":"<section class=\"l-section wpb_row height_medium\"><div class=\"l-section-h i-cf\"><div class=\"g-cols vc_row via_flex valign_top type_default stacking_default\"><div class=\"vc_col-sm-12 wpb_column vc_column_container\"><div class=\"vc_column-inner\"><div class=\"wpb_wrapper\"><div class=\"wpb_text_column\"><div class=\"wpb_wrapper\"><p>REVIERWELT poskytuje online slu\u017ebu Wildbretmarkt.de, prostredn\u00edctvom ktorej m\u00f4\u017eu pou\u017e\u00edvatelia zverej\u0148ova\u0165 ponuky hier a ako z\u00e1ujemcovia si m\u00f4\u017eu prezera\u0165 ponuky hier od in\u00fdch pou\u017e\u00edvate\u013eov. Okrem toho slu\u017eba Wildbretmarkt umo\u017e\u0148uje aj v\u00fdmenu elektronick\u00fdch spr\u00e1v medzi inzerentmi a z\u00e1ujemcami. <\/p>\n<p>Trh Wildbretmarkt sl\u00fa\u017ei na zverejnenie ponuky zveriny a na stretnutie predajcov a potenci\u00e1lnych kupcov inzerovan\u00e9ho tovaru. REVIERWELT Samotn\u00fd Wildbretmarkt nie je dod\u00e1vate\u013eom zveriny inzerovanej v ponuke. <\/p>\n<p>Ja, pred\u00e1vaj\u00faci, t\u00fdmto vyhlasujem, \u017ee zverina, ktor\u00fa pon\u00fakam, bola \u010disto rozobrat\u00e1, m\u00e4so bolo zavesen\u00e9, starostlivo spracovan\u00e9 v s\u00falade s platn\u00fdmi predpismi a je pripraven\u00e9 na konzum\u00e1ciu. T\u00fdmto vyhlasujem, \u017ee pri ponuke zveriny na trhu so zverinou na str\u00e1nke REVIERWELT budem dodr\u017eiava\u0165 tieto pr\u00e1vne predpisy. <\/p>\n<p><strong>Pr\u00e1vne predpisy:<\/strong><\/p>\n<ul>\n<li><a href=\"https:\/\/eur-lex.europa.eu\/legal-content\/DE\/TXT\/PDF\/?uri=CELEX:32004R0853&amp;from=en\">Nariadenie E\u00da s osobitn\u00fdmi hygienick\u00fdmi pravidlami pre potraviny \u017eivo\u010d\u00ed\u0161neho p\u00f4vodu<\/a><\/li>\n<li><a href=\"https:\/\/eur-lex.europa.eu\/legal-content\/DE\/TXT\/PDF\/?uri=CELEX:32011R0931&amp;from=DE\">Vykon\u00e1vacie nariadenie o po\u017eiadavk\u00e1ch na vysledovate\u013enos\u0165 potrav\u00edn \u017eivo\u010d\u00ed\u0161neho p\u00f4vodu<\/a><\/li>\n<li><a href=\"http:\/\/www.gesetze-im-internet.de\/tier-lmhv\/Tier-LMHV.pdf\">Predpisy o hygiene potrav\u00edn pre zvierat\u00e1<\/a><\/li>\n<li><a href=\"http:\/\/www.gesetze-im-internet.de\/tier-lm_v\/Tier-LM%C3%9CV.pdf\">Nariadenie o monitorovan\u00ed potrav\u00edn pre zvierat\u00e1<\/a><\/li>\n<li><a href=\"http:\/\/www.gesetze-im-internet.de\/lfgb\/LFGB.pdf\">Potravinov\u00fd a krmivov\u00fd k\u00f3dex<\/a><\/li>\n<\/ul>\n<p><strong>Po\u017eiadavky na po\u013eovn\u00edkov pri predaji zveriny:<\/strong><br \/><a href=\"https:\/\/revierwelt.de\/wp-content\/uploads\/2020\/08\/DJV-Infografik-Voraussetzung-zur-Abgabe-von-Wildfleisch-2014_0.pdf\">Stiahnite si<\/a><\/p>\n<\/div><\/div><\/div><\/div><\/div><\/div><\/div><\/section>\n","protected":false},"excerpt":{"rendered":"REVIERWELT poskytuje online slu\u017ebu Wildbretmarkt.de, prostredn\u00edctvom ktorej m\u00f4\u017eu pou\u017e\u00edvatelia zverej\u0148ova\u0165 ponuky hier a ako z\u00e1ujemcovia si m\u00f4\u017eu prezera\u0165 ponuky hier od in\u00fdch pou\u017e\u00edvate\u013eov. Okrem toho slu\u017eba Wildbretmarkt umo\u017e\u0148uje aj v\u00fdmenu elektronick\u00fdch spr\u00e1v medzi inzerentmi a z\u00e1ujemcami. Trh Wildbretmarkt sl\u00fa\u017ei na zverejnenie ponuky zveriny a na stretnutie predajcov a potenci\u00e1lnych kupcov inzerovan\u00e9ho tovaru. REVIERWELT Samotn\u00fd Wildbretmarkt...","protected":false},"author":4,"featured_media":0,"parent":0,"menu_order":0,"comment_status":"closed","ping_status":"closed","template":"","meta":{"footnotes":""},"class_list":["post-40370","page","type-page","status-publish","hentry"],"_links":{"self":[{"href":"https:\/\/revierwelt.de\/index.php\/wp-json\/wp\/v2\/pages\/40370","targetHints":{"allow":["GET"]}}],"collection":[{"href":"https:\/\/revierwelt.de\/index.php\/wp-json\/wp\/v2\/pages"}],"about":[{"href":"https:\/\/revierwelt.de\/index.php\/wp-json\/wp\/v2\/types\/page"}],"author":[{"embeddable":true,"href":"https:\/\/revierwelt.de\/index.php\/wp-json\/wp\/v2\/users\/4"}],"replies":[{"embeddable":true,"href":"https:\/\/revierwelt.de\/index.php\/wp-json\/wp\/v2\/comments?post=40370"}],"version-history":[{"count":0,"href":"https:\/\/revierwelt.de\/index.php\/wp-json\/wp\/v2\/pages\/40370\/revisions"}],"wp:attachment":[{"href":"https:\/\/revierwelt.de\/index.php\/wp-json\/wp\/v2\/media?parent=40370"}],"curies":[{"name":"wp","href":"https:\/\/api.w.org\/{rel}","templated":true}]}}