{"id":40372,"date":"2025-02-25T11:55:49","date_gmt":"2025-02-25T10:55:49","guid":{"rendered":"https:\/\/revierwelt.de\/index.php\/vanzarea-de-carne-de-vanat\/"},"modified":"2025-02-25T11:55:51","modified_gmt":"2025-02-25T10:55:51","slug":"vanzarea-de-carne-de-vanat","status":"publish","type":"page","link":"https:\/\/revierwelt.de\/index.php\/vanzarea-de-carne-de-vanat\/?lang=ro","title":{"rendered":"V\u00e2nzarea de carne de v\u00e2nat"},"content":{"rendered":"<section class=\"l-section wpb_row height_medium\"><div class=\"l-section-h i-cf\"><div class=\"g-cols vc_row via_flex valign_top type_default stacking_default\"><div class=\"vc_col-sm-12 wpb_column vc_column_container\"><div class=\"vc_column-inner\"><div class=\"wpb_wrapper\"><div class=\"wpb_text_column\"><div class=\"wpb_wrapper\"><p>REVIERWELT ofer\u0103 un serviciu online, Wildbretmarkt.de, prin intermediul c\u0103ruia utilizatorii pot posta \u0219i publica oferte de jocuri \u0219i, \u00een calitate de p\u0103r\u021bi interesate, pot vizualiza ofertele de jocuri ale altor utilizatori. \u00cen plus, serviciul Wildbretmarkt permite, de asemenea, schimbul de mesaje electronice \u00eentre agen\u021bii de publicitate \u0219i p\u0103r\u021bile interesate. <\/p>\n<p>Wildbretmarkt este utilizat pentru a publica oferte de v\u00e2nat \u0219i pentru a pune \u00een contact v\u00e2nz\u0103tori \u0219i poten\u021biali cump\u0103r\u0103tori ai bunurilor anun\u021bate. REVIERWELT Wildbretmarkt \u00een sine nu este furnizorul v\u00e2natului anun\u021bat. <\/p>\n<p>Eu, v\u00e2nz\u0103torul, declar prin prezenta c\u0103 v\u00e2natul pe care \u00eel ofer a fost dezmembrat \u00een mod curat, carnea a fost sp\u00e2nzurat\u0103, prelucrat\u0103 cu aten\u021bie \u00een conformitate cu reglement\u0103rile \u00een vigoare \u0219i este gata pentru consum. Declar prin prezenta c\u0103 voi respecta urm\u0103toarele dispozi\u021bii legale atunci c\u00e2nd ofer v\u00e2nat pe pia\u021ba de v\u00e2nat REVIERWELT. <\/p>\n<p><strong>Legisla\u021bie:<\/strong><\/p>\n<ul>\n<li><a href=\"https:\/\/eur-lex.europa.eu\/legal-content\/DE\/TXT\/PDF\/?uri=CELEX:32004R0853&amp;from=en\">Regulamentul UE cu norme specifice de igien\u0103 pentru alimentele de origine animal\u0103<\/a><\/li>\n<li><a href=\"https:\/\/eur-lex.europa.eu\/legal-content\/DE\/TXT\/PDF\/?uri=CELEX:32011R0931&amp;from=DE\">Regulament de punere \u00een aplicare privind cerin\u021bele de trasabilitate pentru alimentele de origine animal\u0103<\/a><\/li>\n<li><a href=\"http:\/\/www.gesetze-im-internet.de\/tier-lmhv\/Tier-LMHV.pdf\">Norme privind igiena alimentelor de origine animal\u0103<\/a><\/li>\n<li><a href=\"http:\/\/www.gesetze-im-internet.de\/tier-lm_v\/Tier-LM%C3%9CV.pdf\">Ordonan\u021ba privind monitorizarea alimentelor de origine animal\u0103<\/a><\/li>\n<li><a href=\"http:\/\/www.gesetze-im-internet.de\/lfgb\/LFGB.pdf\">Codul alimentelor \u0219i furajelor<\/a><\/li>\n<\/ul>\n<p><strong>Cerin\u021be pentru v\u00e2n\u0103tori \u00een vederea v\u00e2nz\u0103rii c\u0103rnii de v\u00e2nat:<\/strong><br \/><a href=\"https:\/\/revierwelt.de\/wp-content\/uploads\/2020\/08\/DJV-Infografik-Voraussetzung-zur-Abgabe-von-Wildfleisch-2014_0.pdf\">Desc\u0103rcare<\/a><\/p>\n<\/div><\/div><\/div><\/div><\/div><\/div><\/div><\/section>\n","protected":false},"excerpt":{"rendered":"REVIERWELT ofer\u0103 un serviciu online, Wildbretmarkt.de, prin intermediul c\u0103ruia utilizatorii pot posta \u0219i publica oferte de jocuri \u0219i, \u00een calitate de p\u0103r\u021bi interesate, pot vizualiza ofertele de jocuri ale altor utilizatori. \u00cen plus, serviciul Wildbretmarkt permite, de asemenea, schimbul de mesaje electronice \u00eentre agen\u021bii de publicitate \u0219i p\u0103r\u021bile interesate. Wildbretmarkt este utilizat pentru a publica...","protected":false},"author":4,"featured_media":0,"parent":0,"menu_order":0,"comment_status":"closed","ping_status":"closed","template":"","meta":{"footnotes":""},"class_list":["post-40372","page","type-page","status-publish","hentry"],"_links":{"self":[{"href":"https:\/\/revierwelt.de\/index.php\/wp-json\/wp\/v2\/pages\/40372","targetHints":{"allow":["GET"]}}],"collection":[{"href":"https:\/\/revierwelt.de\/index.php\/wp-json\/wp\/v2\/pages"}],"about":[{"href":"https:\/\/revierwelt.de\/index.php\/wp-json\/wp\/v2\/types\/page"}],"author":[{"embeddable":true,"href":"https:\/\/revierwelt.de\/index.php\/wp-json\/wp\/v2\/users\/4"}],"replies":[{"embeddable":true,"href":"https:\/\/revierwelt.de\/index.php\/wp-json\/wp\/v2\/comments?post=40372"}],"version-history":[{"count":0,"href":"https:\/\/revierwelt.de\/index.php\/wp-json\/wp\/v2\/pages\/40372\/revisions"}],"wp:attachment":[{"href":"https:\/\/revierwelt.de\/index.php\/wp-json\/wp\/v2\/media?parent=40372"}],"curies":[{"name":"wp","href":"https:\/\/api.w.org\/{rel}","templated":true}]}}