{"id":40374,"date":"2025-02-25T11:55:53","date_gmt":"2025-02-25T10:55:53","guid":{"rendered":"https:\/\/revierwelt.de\/index.php\/venda-de-carne-de-veado\/"},"modified":"2025-02-25T11:56:01","modified_gmt":"2025-02-25T10:56:01","slug":"venda-de-carne-de-veado","status":"publish","type":"page","link":"https:\/\/revierwelt.de\/index.php\/venda-de-carne-de-veado\/?lang=pt-pt","title":{"rendered":"Venda de carne de veado"},"content":{"rendered":"<section class=\"l-section wpb_row height_medium\"><div class=\"l-section-h i-cf\"><div class=\"g-cols vc_row via_flex valign_top type_default stacking_default\"><div class=\"vc_col-sm-12 wpb_column vc_column_container\"><div class=\"vc_column-inner\"><div class=\"wpb_wrapper\"><div class=\"wpb_text_column\"><div class=\"wpb_wrapper\"><p>REVIERWELT fornece um servi\u00e7o em linha, Wildbretmarkt.de, atrav\u00e9s do qual os utilizadores podem colocar e publicar ofertas de jogos e, enquanto partes interessadas, ver as ofertas de jogos de outros utilizadores. Al\u00e9m disso, o servi\u00e7o Wildbretmarkt tamb\u00e9m permite a troca de mensagens electr\u00f3nicas entre os anunciantes e as partes interessadas. <\/p>\n<p>O Wildbretmarkt \u00e9 utilizado para publicar ofertas de carne de veado e para reunir vendedores e potenciais compradores dos produtos anunciados. REVIERWELT O Wildbretmarkt n\u00e3o \u00e9 o fornecedor da ca\u00e7a anunciada na oferta. <\/p>\n<p>Eu, vendedor, declaro que a carne de ca\u00e7a que ofere\u00e7o foi limpa e desmanchada, a carne foi pendurada, cuidadosamente transformada em conformidade com a regulamenta\u00e7\u00e3o em vigor e est\u00e1 pronta para consumo. Declaro que, ao oferecer carne de veado no mercado de carne de veado de REVIERWELT, cumprirei as seguintes disposi\u00e7\u00f5es legais. <\/p>\n<p><strong>Legisla\u00e7\u00e3o:<\/strong><\/p>\n<ul>\n<li><a href=\"https:\/\/eur-lex.europa.eu\/legal-content\/DE\/TXT\/PDF\/?uri=CELEX:32004R0853&amp;from=en\">Regulamento da UE com regras de higiene espec\u00edficas para g\u00e9neros aliment\u00edcios de origem animal<\/a><\/li>\n<li><a href=\"https:\/\/eur-lex.europa.eu\/legal-content\/DE\/TXT\/PDF\/?uri=CELEX:32011R0931&amp;from=DE\">Regulamento de execu\u00e7\u00e3o relativo aos requisitos de rastreabilidade dos g\u00e9neros aliment\u00edcios de origem animal<\/a><\/li>\n<li><a href=\"http:\/\/www.gesetze-im-internet.de\/tier-lmhv\/Tier-LMHV.pdf\">Regulamentos relativos \u00e0 higiene dos alimentos para animais<\/a><\/li>\n<li><a href=\"http:\/\/www.gesetze-im-internet.de\/tier-lm_v\/Tier-LM%C3%9CV.pdf\">Portaria de controlo dos alimentos para animais<\/a><\/li>\n<li><a href=\"http:\/\/www.gesetze-im-internet.de\/lfgb\/LFGB.pdf\">C\u00f3digo dos g\u00e9neros aliment\u00edcios e dos alimentos para animais<\/a><\/li>\n<\/ul>\n<p><strong>Requisitos para os ca\u00e7adores venderem carne de ca\u00e7a:<\/strong><br \/><a href=\"https:\/\/revierwelt.de\/wp-content\/uploads\/2020\/08\/DJV-Infografik-Voraussetzung-zur-Abgabe-von-Wildfleisch-2014_0.pdf\">Descarrega<\/a><\/p>\n<\/div><\/div><\/div><\/div><\/div><\/div><\/div><\/section>\n","protected":false},"excerpt":{"rendered":"REVIERWELT fornece um servi\u00e7o em linha, Wildbretmarkt.de, atrav\u00e9s do qual os utilizadores podem colocar e publicar ofertas de jogos e, enquanto partes interessadas, ver as ofertas de jogos de outros utilizadores. Al\u00e9m disso, o servi\u00e7o Wildbretmarkt tamb\u00e9m permite a troca de mensagens electr\u00f3nicas entre os anunciantes e as partes interessadas. O Wildbretmarkt \u00e9 utilizado para...","protected":false},"author":4,"featured_media":0,"parent":0,"menu_order":0,"comment_status":"closed","ping_status":"closed","template":"","meta":{"footnotes":""},"class_list":["post-40374","page","type-page","status-publish","hentry"],"_links":{"self":[{"href":"https:\/\/revierwelt.de\/index.php\/wp-json\/wp\/v2\/pages\/40374","targetHints":{"allow":["GET"]}}],"collection":[{"href":"https:\/\/revierwelt.de\/index.php\/wp-json\/wp\/v2\/pages"}],"about":[{"href":"https:\/\/revierwelt.de\/index.php\/wp-json\/wp\/v2\/types\/page"}],"author":[{"embeddable":true,"href":"https:\/\/revierwelt.de\/index.php\/wp-json\/wp\/v2\/users\/4"}],"replies":[{"embeddable":true,"href":"https:\/\/revierwelt.de\/index.php\/wp-json\/wp\/v2\/comments?post=40374"}],"version-history":[{"count":0,"href":"https:\/\/revierwelt.de\/index.php\/wp-json\/wp\/v2\/pages\/40374\/revisions"}],"wp:attachment":[{"href":"https:\/\/revierwelt.de\/index.php\/wp-json\/wp\/v2\/media?parent=40374"}],"curies":[{"name":"wp","href":"https:\/\/api.w.org\/{rel}","templated":true}]}}