{"id":40382,"date":"2025-02-25T11:55:56","date_gmt":"2025-02-25T10:55:56","guid":{"rendered":"https:\/\/revierwelt.de\/index.php\/salg-av-viltkjoett\/"},"modified":"2025-02-25T11:56:01","modified_gmt":"2025-02-25T10:56:01","slug":"salg-av-viltkjoett","status":"publish","type":"page","link":"https:\/\/revierwelt.de\/index.php\/salg-av-viltkjoett\/?lang=no","title":{"rendered":"Salg av viltkj\u00f8tt"},"content":{"rendered":"<section class=\"l-section wpb_row height_medium\"><div class=\"l-section-h i-cf\"><div class=\"g-cols vc_row via_flex valign_top type_default stacking_default\"><div class=\"vc_col-sm-12 wpb_column vc_column_container\"><div class=\"vc_column-inner\"><div class=\"wpb_wrapper\"><div class=\"wpb_text_column\"><div class=\"wpb_wrapper\"><p>REVIERWELT tilbyr en nettjeneste, Wildbretmarkt.de, der brukerne kan legge ut og publisere spilltilbud og, som interesserte parter, se spilltilbud fra andre brukere. I tillegg muliggj\u00f8r Wildbretmarkt-tjenesten ogs\u00e5 utveksling av elektroniske meldinger mellom annons\u00f8rer og interesserte parter. <\/p>\n<p>Wildbretmarkt brukes til \u00e5 publisere tilbud p\u00e5 viltkj\u00f8tt og til \u00e5 bringe sammen selgere og potensielle kj\u00f8pere av de annonserte varene. REVIERWELT Wildbretmarkt er ikke selv leverand\u00f8r av viltet som annonseres med tilbudet. <\/p>\n<p>Jeg, selgeren, erkl\u00e6rer herved at viltet jeg tilbyr er rent oppbrutt, kj\u00f8ttet er hengt opp, omhyggelig behandlet i henhold til gjeldende regelverk og er klart til konsum. Jeg erkl\u00e6rer herved at jeg vil overholde f\u00f8lgende lovbestemmelser n\u00e5r jeg tilbyr viltkj\u00f8tt p\u00e5 REVIERWELT viltmarked. <\/p>\n<p><strong>Lovgivning:<\/strong><\/p>\n<ul>\n<li><a href=\"https:\/\/eur-lex.europa.eu\/legal-content\/DE\/TXT\/PDF\/?uri=CELEX:32004R0853&amp;from=en\">EU-forordning med spesifikke hygieneregler for animalske n\u00e6ringsmidler<\/a><\/li>\n<li><a href=\"https:\/\/eur-lex.europa.eu\/legal-content\/DE\/TXT\/PDF\/?uri=CELEX:32011R0931&amp;from=DE\">Gjennomf\u00f8ringsforordning om sporbarhetskrav for n\u00e6ringsmidler av animalsk opprinnelse<\/a><\/li>\n<li><a href=\"http:\/\/www.gesetze-im-internet.de\/tier-lmhv\/Tier-LMHV.pdf\">Hygieneforskrifter for animalsk mat<\/a><\/li>\n<li><a href=\"http:\/\/www.gesetze-im-internet.de\/tier-lm_v\/Tier-LM%C3%9CV.pdf\">Forordning om overv\u00e5king av animalsk mat<\/a><\/li>\n<li><a href=\"http:\/\/www.gesetze-im-internet.de\/lfgb\/LFGB.pdf\">Mat- og f\u00f4rkodeksen<\/a><\/li>\n<\/ul>\n<p><strong>Krav til jegere for \u00e5 selge viltkj\u00f8tt:<\/strong><br \/><a href=\"https:\/\/revierwelt.de\/wp-content\/uploads\/2020\/08\/DJV-Infografik-Voraussetzung-zur-Abgabe-von-Wildfleisch-2014_0.pdf\">Last ned<\/a><\/p>\n<\/div><\/div><\/div><\/div><\/div><\/div><\/div><\/section>\n","protected":false},"excerpt":{"rendered":"REVIERWELT tilbyr en nettjeneste, Wildbretmarkt.de, der brukerne kan legge ut og publisere spilltilbud og, som interesserte parter, se spilltilbud fra andre brukere. I tillegg muliggj\u00f8r Wildbretmarkt-tjenesten ogs\u00e5 utveksling av elektroniske meldinger mellom annons\u00f8rer og interesserte parter. Wildbretmarkt brukes til \u00e5 publisere tilbud p\u00e5 viltkj\u00f8tt og til \u00e5 bringe sammen selgere og potensielle kj\u00f8pere av de...","protected":false},"author":4,"featured_media":0,"parent":0,"menu_order":0,"comment_status":"closed","ping_status":"closed","template":"","meta":{"footnotes":""},"class_list":["post-40382","page","type-page","status-publish","hentry"],"_links":{"self":[{"href":"https:\/\/revierwelt.de\/index.php\/wp-json\/wp\/v2\/pages\/40382","targetHints":{"allow":["GET"]}}],"collection":[{"href":"https:\/\/revierwelt.de\/index.php\/wp-json\/wp\/v2\/pages"}],"about":[{"href":"https:\/\/revierwelt.de\/index.php\/wp-json\/wp\/v2\/types\/page"}],"author":[{"embeddable":true,"href":"https:\/\/revierwelt.de\/index.php\/wp-json\/wp\/v2\/users\/4"}],"replies":[{"embeddable":true,"href":"https:\/\/revierwelt.de\/index.php\/wp-json\/wp\/v2\/comments?post=40382"}],"version-history":[{"count":0,"href":"https:\/\/revierwelt.de\/index.php\/wp-json\/wp\/v2\/pages\/40382\/revisions"}],"wp:attachment":[{"href":"https:\/\/revierwelt.de\/index.php\/wp-json\/wp\/v2\/media?parent=40382"}],"curies":[{"name":"wp","href":"https:\/\/api.w.org\/{rel}","templated":true}]}}