{"id":40398,"date":"2025-02-25T11:56:00","date_gmt":"2025-02-25T10:56:00","guid":{"rendered":"https:\/\/revierwelt.de\/index.php\/brieza-galas-pardosana\/"},"modified":"2025-02-25T11:56:02","modified_gmt":"2025-02-25T10:56:02","slug":"brieza-galas-pardosana","status":"publish","type":"page","link":"https:\/\/revierwelt.de\/index.php\/brieza-galas-pardosana\/?lang=lv","title":{"rendered":"Brie\u017ea ga\u013cas p\u0101rdo\u0161ana"},"content":{"rendered":"<section class=\"l-section wpb_row height_medium\"><div class=\"l-section-h i-cf\"><div class=\"g-cols vc_row via_flex valign_top type_default stacking_default\"><div class=\"vc_col-sm-12 wpb_column vc_column_container\"><div class=\"vc_column-inner\"><div class=\"wpb_wrapper\"><div class=\"wpb_text_column\"><div class=\"wpb_wrapper\"><p>REVIERWELT sniedz tie\u0161saistes pakalpojumu Wildbretmarkt.de, kur\u0101 lietot\u0101ji var public\u0113t un public\u0113t sp\u0113\u013cu pied\u0101v\u0101jumus un k\u0101 ieinteres\u0113t\u0101s personas apskat\u012bt citu lietot\u0101ju sp\u0113\u013cu pied\u0101v\u0101jumus. Turkl\u0101t Wildbretmarkt pakalpojums nodro\u0161ina ar\u012b elektronisko zi\u0146ojumu apmai\u0146u starp rekl\u0101mdev\u0113jiem un ieinteres\u0113taj\u0101m person\u0101m. <\/p>\n<p>Wildbretmarkt tiek izmantots, lai public\u0113tu brie\u017ea ga\u013cas pied\u0101v\u0101jumus un pulc\u0113tu izsludin\u0101to pre\u010du p\u0101rdev\u0113jus un potenci\u0101los pirc\u0113jus. REVIERWELT Wildbretmarkt pats nav ar pied\u0101v\u0101jumu reklam\u0113t\u0101s med\u012bjuma ga\u013cas pieg\u0101d\u0101t\u0101js. <\/p>\n<p>Es, p\u0101rdev\u0113js, ar \u0161o apliecinu, ka manis pied\u0101v\u0101t\u0101 med\u012bjuma ga\u013ca ir t\u012bri sadal\u012bta, ga\u013ca ir pak\u0101rta, r\u016bp\u012bgi apstr\u0101d\u0101ta saska\u0146\u0101 ar sp\u0113k\u0101 eso\u0161ajiem noteikumiem un ir gatava pat\u0113ri\u0146am. Ar \u0161o es apliecinu, ka, pied\u0101v\u0101jot brie\u017ea ga\u013cu REVIERWELT brie\u017ea ga\u013cas tirg\u016b, iev\u0113ro\u0161u \u0161\u0101dus ties\u012bbu aktus. <\/p>\n<p><strong>Ties\u012bbu akti:<\/strong><\/p>\n<ul>\n<li><a href=\"https:\/\/eur-lex.europa.eu\/legal-content\/DE\/TXT\/PDF\/?uri=CELEX:32004R0853&amp;from=en\">ES regula ar \u012bpa\u0161iem higi\u0113nas noteikumiem dz\u012bvnieku izcelsmes p\u0101rtikai<\/a><\/li>\n<li><a href=\"https:\/\/eur-lex.europa.eu\/legal-content\/DE\/TXT\/PDF\/?uri=CELEX:32011R0931&amp;from=DE\">\u012asteno\u0161anas regula par dz\u012bvnieku izcelsmes p\u0101rtikas izsekojam\u012bbas pras\u012bb\u0101m<\/a><\/li>\n<li><a href=\"http:\/\/www.gesetze-im-internet.de\/tier-lmhv\/Tier-LMHV.pdf\">Dz\u012bvnieku p\u0101rtikas higi\u0113nas noteikumi<\/a><\/li>\n<li><a href=\"http:\/\/www.gesetze-im-internet.de\/tier-lm_v\/Tier-LM%C3%9CV.pdf\">R\u012bkojums par dz\u012bvnieku p\u0101rtikas uzraudz\u012bbu<\/a><\/li>\n<li><a href=\"http:\/\/www.gesetze-im-internet.de\/lfgb\/LFGB.pdf\">P\u0101rtikas un bar\u012bbas kodekss<\/a><\/li>\n<\/ul>\n<p><strong>Pras\u012bbas medniekiem, lai p\u0101rdotu med\u012bjumu ga\u013cu:<\/strong><br \/><a href=\"https:\/\/revierwelt.de\/wp-content\/uploads\/2020\/08\/DJV-Infografik-Voraussetzung-zur-Abgabe-von-Wildfleisch-2014_0.pdf\">Lejupiel\u0101d\u0113t<\/a><\/p>\n<\/div><\/div><\/div><\/div><\/div><\/div><\/div><\/section>\n","protected":false},"excerpt":{"rendered":"REVIERWELT sniedz tie\u0161saistes pakalpojumu Wildbretmarkt.de, kur\u0101 lietot\u0101ji var public\u0113t un public\u0113t sp\u0113\u013cu pied\u0101v\u0101jumus un k\u0101 ieinteres\u0113t\u0101s personas apskat\u012bt citu lietot\u0101ju sp\u0113\u013cu pied\u0101v\u0101jumus. Turkl\u0101t Wildbretmarkt pakalpojums nodro\u0161ina ar\u012b elektronisko zi\u0146ojumu apmai\u0146u starp rekl\u0101mdev\u0113jiem un ieinteres\u0113taj\u0101m person\u0101m. Wildbretmarkt tiek izmantots, lai public\u0113tu brie\u017ea ga\u013cas pied\u0101v\u0101jumus un pulc\u0113tu izsludin\u0101to pre\u010du p\u0101rdev\u0113jus un potenci\u0101los pirc\u0113jus. REVIERWELT Wildbretmarkt pats nav...","protected":false},"author":4,"featured_media":0,"parent":0,"menu_order":0,"comment_status":"closed","ping_status":"closed","template":"","meta":{"footnotes":""},"class_list":["post-40398","page","type-page","status-publish","hentry"],"_links":{"self":[{"href":"https:\/\/revierwelt.de\/index.php\/wp-json\/wp\/v2\/pages\/40398","targetHints":{"allow":["GET"]}}],"collection":[{"href":"https:\/\/revierwelt.de\/index.php\/wp-json\/wp\/v2\/pages"}],"about":[{"href":"https:\/\/revierwelt.de\/index.php\/wp-json\/wp\/v2\/types\/page"}],"author":[{"embeddable":true,"href":"https:\/\/revierwelt.de\/index.php\/wp-json\/wp\/v2\/users\/4"}],"replies":[{"embeddable":true,"href":"https:\/\/revierwelt.de\/index.php\/wp-json\/wp\/v2\/comments?post=40398"}],"version-history":[{"count":0,"href":"https:\/\/revierwelt.de\/index.php\/wp-json\/wp\/v2\/pages\/40398\/revisions"}],"wp:attachment":[{"href":"https:\/\/revierwelt.de\/index.php\/wp-json\/wp\/v2\/media?parent=40398"}],"curies":[{"name":"wp","href":"https:\/\/api.w.org\/{rel}","templated":true}]}}