{"id":40447,"date":"2025-02-25T11:56:26","date_gmt":"2025-02-25T10:56:26","guid":{"rendered":"https:\/\/revierwelt.de\/index.php\/soelu-a-leik\/"},"modified":"2025-02-25T11:56:34","modified_gmt":"2025-02-25T10:56:34","slug":"soelu-a-leik","status":"publish","type":"page","link":"https:\/\/revierwelt.de\/index.php\/soelu-a-leik\/?lang=is","title":{"rendered":"s\u00f6lu \u00e1 leik"},"content":{"rendered":"<section class=\"l-section wpb_row height_medium\"><div class=\"l-section-h i-cf\"><div class=\"g-cols vc_row via_flex valign_top type_default stacking_default\"><div class=\"vc_col-sm-12 wpb_column vc_column_container\"><div class=\"vc_column-inner\"><div class=\"wpb_wrapper\"><div class=\"wpb_text_column\"><div class=\"wpb_wrapper\"><p>Me\u00f0 Wildbretmarkt.de veitir REVIERWELT net\u00fej\u00f3nustu \u00fear sem notendur geta sent inn og birt leikjatilbo\u00f0 og, sem \u00e1hugasamir, sko\u00f0a\u00f0 leikjatilbo\u00f0 fr\u00e1 \u00f6\u00f0rum notendum. Auk \u00feess gerir leikjamarka\u00f0s\u00fej\u00f3nustan einnig kleift a\u00f0 skiptast \u00e1 rafr\u00e6num skilabo\u00f0um milli augl\u00fdsenda og hagsmunaa\u00f0ila. <\/p>\n<p>Leikjamarka\u00f0urinn \u00fej\u00f3nar \u00fev\u00ed a\u00f0 birta leikjatilbo\u00f0 og lei\u00f0a saman birgja og hagsmunaa\u00f0ila \u00e1 skr\u00e1\u00f0um v\u00f6rum. REVIERWELT Wildbretmarkt er ekki sj\u00e1lfur birgir villibr\u00e1\u00f0sins sem augl\u00fdst er \u00ed hverju tilbo\u00f0i. <\/p>\n<p>\u00c9g, sem birgir, l\u00fdsi \u00fev\u00ed h\u00e9r me\u00f0 yfir a\u00f0 vei\u00f0istykki\u00f0 sem \u00e9g b\u00fd\u00f0 upp \u00e1 hefur veri\u00f0 hreinlega sl\u00e1tra\u00f0, kj\u00f6ti\u00f0 hefur veri\u00f0 hengt upp, vandlega unni\u00f0 \u00ed samr\u00e6mi vi\u00f0 gildandi reglur og tilb\u00fai\u00f0 til neyslu. \u00c9g l\u00fdsi \u00fev\u00ed h\u00e9r me\u00f0 yfir a\u00f0 \u00e9g mun fara eftir eftirfarandi lagareglum \u00feegar \u00e9g b\u00fd\u00f0 villibr\u00e1\u00f0 \u00e1 REVIERWELT vei\u00f0ikj\u00f6tsmarka\u00f0i. <\/p>\n<p><strong>L\u00f6ggj\u00f6f:<\/strong><\/p>\n<ul>\n<li><a href=\"https:\/\/eur-lex.europa.eu\/legal-content\/DE\/TXT\/PDF\/?uri=CELEX:32004R0853&amp;from=en\">ESB regluger\u00f0 me\u00f0 s\u00e9rst\u00f6kum hreinl\u00e6tisreglum fyrir matv\u00e6li \u00far d\u00fdrar\u00edkinu<\/a><\/li>\n<li><a href=\"https:\/\/eur-lex.europa.eu\/legal-content\/DE\/TXT\/PDF\/?uri=CELEX:32011R0931&amp;from=DE\">Framkv\u00e6mdarregluger\u00f0 um kr\u00f6fur um rekjanleika fyrir matv\u00e6li \u00far d\u00fdrar\u00edkinu<\/a><\/li>\n<li><a href=\"http:\/\/www.gesetze-im-internet.de\/tier-lmhv\/Tier-LMHV.pdf\">Regluger\u00f0 um hollustuh\u00e6tti d\u00fdra<\/a><\/li>\n<li><a href=\"http:\/\/www.gesetze-im-internet.de\/tier-lm_v\/Tier-LM%C3%9CV.pdf\">Regluger\u00f0 um matv\u00e6laeftirlit<\/a><\/li>\n<li><a href=\"http:\/\/www.gesetze-im-internet.de\/lfgb\/LFGB.pdf\">Matv\u00e6la- og f\u00f3\u00f0urk\u00f3\u00f0i<\/a><\/li>\n<\/ul>\n<p><strong>Skilyr\u00f0i til vei\u00f0imanna um a\u00f0 afhenda vei\u00f0ikj\u00f6t:<\/strong><br \/><a href=\"https:\/\/revierwelt.de\/wp-content\/uploads\/2020\/08\/DJV-Infografik-Voraussetzung-zur-Abgabe-von-Wildfleisch-2014_0.pdf\">S\u00e6kja<\/a><\/p>\n<\/div><\/div><\/div><\/div><\/div><\/div><\/div><\/section>\n","protected":false},"excerpt":{"rendered":"Me\u00f0 Wildbretmarkt.de veitir REVIERWELT net\u00fej\u00f3nustu \u00fear sem notendur geta sent inn og birt leikjatilbo\u00f0 og, sem \u00e1hugasamir, sko\u00f0a\u00f0 leikjatilbo\u00f0 fr\u00e1 \u00f6\u00f0rum notendum. Auk \u00feess gerir leikjamarka\u00f0s\u00fej\u00f3nustan einnig kleift a\u00f0 skiptast \u00e1 rafr\u00e6num skilabo\u00f0um milli augl\u00fdsenda og hagsmunaa\u00f0ila. Leikjamarka\u00f0urinn \u00fej\u00f3nar \u00fev\u00ed a\u00f0 birta leikjatilbo\u00f0 og lei\u00f0a saman birgja og hagsmunaa\u00f0ila \u00e1 skr\u00e1\u00f0um v\u00f6rum. REVIERWELT Wildbretmarkt er...","protected":false},"author":4,"featured_media":0,"parent":0,"menu_order":0,"comment_status":"closed","ping_status":"closed","template":"","meta":{"footnotes":""},"class_list":["post-40447","page","type-page","status-publish","hentry"],"_links":{"self":[{"href":"https:\/\/revierwelt.de\/index.php\/wp-json\/wp\/v2\/pages\/40447","targetHints":{"allow":["GET"]}}],"collection":[{"href":"https:\/\/revierwelt.de\/index.php\/wp-json\/wp\/v2\/pages"}],"about":[{"href":"https:\/\/revierwelt.de\/index.php\/wp-json\/wp\/v2\/types\/page"}],"author":[{"embeddable":true,"href":"https:\/\/revierwelt.de\/index.php\/wp-json\/wp\/v2\/users\/4"}],"replies":[{"embeddable":true,"href":"https:\/\/revierwelt.de\/index.php\/wp-json\/wp\/v2\/comments?post=40447"}],"version-history":[{"count":0,"href":"https:\/\/revierwelt.de\/index.php\/wp-json\/wp\/v2\/pages\/40447\/revisions"}],"wp:attachment":[{"href":"https:\/\/revierwelt.de\/index.php\/wp-json\/wp\/v2\/media?parent=40447"}],"curies":[{"name":"wp","href":"https:\/\/api.w.org\/{rel}","templated":true}]}}