{"id":40496,"date":"2025-02-25T11:56:55","date_gmt":"2025-02-25T10:56:55","guid":{"rendered":"https:\/\/revierwelt.de\/index.php\/tirgus-visparejie-pardosanas-noteikumi-un-nosacijumi\/"},"modified":"2025-02-25T11:56:55","modified_gmt":"2025-02-25T10:56:55","slug":"tirgus-visparejie-pardosanas-noteikumi-un-nosacijumi","status":"publish","type":"page","link":"https:\/\/revierwelt.de\/index.php\/tirgus-visparejie-pardosanas-noteikumi-un-nosacijumi\/?lang=lv","title":{"rendered":"Tirgus visp\u0101r\u0113jie p\u0101rdo\u0161anas noteikumi un nosac\u012bjumi"},"content":{"rendered":"<h4><strong>Tirgus visp\u0101r\u0113jie p\u0101rdo\u0161anas noteikumi un nosac\u012bjumi<\/strong><\/h4>\n<p><b><span data-contrast=\"none\">Piem\u0113ro\u0161anas joma<\/span><\/b><span data-ccp-props=\"{\"201341983\":0,\"335559738\":120,\"335559739\":120,\"335559740\":480}\"> <\/span><\/p>\n<p><span data-contrast=\"none\">\u0160ie noteikumi un nosac\u012bjumi attiecas uz visiem pirkumiem no <a href=\"https:\/\/revierwelt.de\/index.php\/impressum\/\" target=\"_blank\" rel=\"noopener\">Revierwelt Media GmbH.<\/a><\/span><span data-contrast=\"none\">ko veic priv\u0101tie klienti. <\/span> <span data-ccp-props=\"{\"201341983\":0,\"335559738\":120,\"335559739\":120,\"335559740\":480}\"> <\/span><\/p>\n<p><span data-contrast=\"none\">Priv\u0101tklienti \u0161aj\u0101 noz\u012bm\u0113 ir personas, kuru dz\u012bvesvieta un pieg\u0101des adrese ir V\u0101cijas Federat\u012bvaj\u0101 Republik\u0101, cikt\u0101l vi\u0146u pas\u016bt\u012bt\u0101s preces nevar attiecin\u0101t uz vi\u0146u komercdarb\u012bbu vai neatkar\u012bgu profesion\u0101lo darb\u012bbu.  <\/span><span data-ccp-props=\"{\"201341983\":0,\"335559738\":120,\"335559739\":120,\"335559740\":480}\"> <\/span><\/p>\n<p><b><span data-contrast=\"none\">Cenas un pieg\u0101des izmaksas<\/span><\/b><span data-ccp-props=\"{\"201341983\":0,\"335559738\":120,\"335559739\":120,\"335559740\":480}\"> <\/span><\/p>\n<p><span data-contrast=\"none\">Nor\u0101d\u012bt\u0101s cenas ir gal\u012bg\u0101s cenas ar PVN. Tiek piem\u0113rota summa, kas nor\u0101d\u012bta saisto\u0161a pas\u016bt\u012bjuma br\u012bd\u012b. Tiek pieskait\u012btas pieg\u0101des izmaksas, kas ir atkar\u012bgas no pieg\u0101des veida un j\u016bsu pas\u016bt\u012bt\u0101s(-o) preces(-u) izm\u0113ra un svara.     <\/span> <span data-contrast=\"none\"> Jums ir j\u0101sedz parast\u0101s pre\u010du atgrie\u0161anas izmaksas, ja j\u016bs atgrie\u017eat preces, izmantojot savas <a href=\"https:\/\/revierwelt.de\/index.php\/widerruf\/\" target=\"_blank\" rel=\"noopener\">atteikuma ties\u012bbas<\/a>. <\/span><span data-contrast=\"none\">j\u016bs sedzat.<\/span><span data-ccp-props=\"{\"201341983\":0,\"335559738\":120,\"335559739\":120,\"335559740\":480}\"> <\/span><span data-ccp-props=\"{\"201341983\":0,\"335559738\":120,\"335559739\":120,\"335559740\":480}\"> <\/span><\/p>\n<p><b><span data-contrast=\"none\">Maks\u0101jums<\/span><\/b><span data-ccp-props=\"{\"201341983\":0,\"335559738\":120,\"335559739\":120,\"335559740\":480}\"> <\/span><\/p>\n<p><span data-contrast=\"none\">Maks\u0101jums tiek veikts p\u0113c pieg\u0101des ar <\/span><span data-contrast=\"none\">kred\u012btkarti.<\/span><\/p>\n<p><span data-ccp-props=\"{\"201341983\":0,\"335559738\":120,\"335559739\":120,\"335559740\":480}\"> <\/span><b><span data-contrast=\"none\">Maks\u0101jumu kav\u0113jumi<\/span><\/b><span data-ccp-props=\"{\"201341983\":0,\"335559738\":120,\"335559739\":120,\"335559740\":480}\"> <\/span><\/p>\n<p><span data-contrast=\"none\">Ja j\u016bs kav\u0113jat maks\u0101jumu, uz\u0146\u0113mumam Revierwelt Media GmbH ir ties\u012bbas piepras\u012bt nokav\u0113juma procentus 5 procentu punktu apm\u0113r\u0101 virs V\u0101cijas Bundesbankas noteikt\u0101s b\u0101zes procentu likmes gad\u0101 pas\u016bt\u012bjuma veik\u0161anas laik\u0101. Ja uz\u0146\u0113mumam Revierwelt Media GmbH ir radu\u0161ies liel\u0101ki zaud\u0113jumi, kas radu\u0161ies saist\u012bbu neizpildes d\u0113\u013c, uz\u0146\u0113mumam Revierwelt Media GmbH ir ties\u012bbas to piepras\u012bt. <\/span><span data-ccp-props=\"{\"201341983\":0,\"335559738\":120,\"335559739\":120,\"335559740\":480}\"> <\/span><\/p>\n<p><b><span data-contrast=\"none\">Aiztur\u0113\u0161anas ties\u012bbas<\/span><\/b><span data-ccp-props=\"{\"201341983\":0,\"335559738\":120,\"335559739\":120,\"335559740\":480}\"> <\/span><\/p>\n<p><span data-contrast=\"none\">Klients ir ties\u012bgs izmantot aiztur\u0113juma ties\u012bbas tikai tikt\u0101l, cikt\u0101l vi\u0146a pretpras\u012bba pamatojas uz t\u0101m pa\u0161\u0101m l\u012bgumattiec\u012bb\u0101m.<\/span><span data-ccp-props=\"{\"201341983\":0,\"335559738\":120,\"335559739\":120,\"335559740\":480}\"> <\/span><\/p>\n<p><b><span data-contrast=\"none\">pieg\u0101de<\/span><\/b><span data-ccp-props=\"{\"201341983\":0,\"335559738\":120,\"335559739\":120,\"335559740\":480}\"> <\/span><\/p>\n<p><span data-contrast=\"none\">(1) Pieg\u0101de tiek veikta uz klienta nor\u0101d\u012bto pieg\u0101des adresi, ne v\u0113l\u0101k k\u0101 l\u012bdz  <\/span><span data-ccp-props=\"{\"201341983\":0,\"335559738\":120,\"335559739\":120,\"335559740\":480}\"> <\/span><\/p>\n<p><span data-contrast=\"none\">&#8211; Eiropa  <\/span><\/p>\n<p><span data-contrast=\"none\">(2) Ja nep\u0101rvaramas varas apst\u0101k\u013cu (dabas katastrofas, kar\u0161, pilso\u0146u kar\u0161, teroristu uzbrukums) d\u0113\u013c pieg\u0101de vai jebkur\u0161 cits pakalpojums ir past\u0101v\u012bgi neiesp\u0113jams, Revierwelt Media GmbH pien\u0101kums izpild\u012bt \u0161o pien\u0101kumu ir izsl\u0113gts. Revierwelt Media GmbH nekav\u0113joties atmaks\u0101 jau samaks\u0101t\u0101s summas. <\/span><span data-ccp-props=\"{\"201341983\":0,\"335559738\":120,\"335559739\":120,\"335559740\":480}\"> <\/span><\/p>\n<p><span data-contrast=\"none\">(3) Revierwelt Media GmbH var ar\u012b atteikties izpild\u012bt l\u012bgumu, ja tas prasa p\u016bles, kas, \u0146emot v\u0113r\u0101 pirkuma l\u012bguma saturu un godpr\u0101t\u012bbas pras\u012bbas, ir klaji nesam\u0113r\u012bgas ar klienta interes\u0113m pirkuma l\u012bguma izpild\u0113. Revierwelt Media GmbH nekav\u0113joties atmaks\u0101 visas jau samaks\u0101t\u0101s summas. <\/span><span data-ccp-props=\"{\"201341983\":0,\"335559738\":120,\"335559739\":120,\"335559740\":480}\"> <\/span><\/p>\n<p><span data-contrast=\"none\">(4) Lielgabar\u012bta preces (pakas, kuru tilpums ir liel\u0101ks par 1 kvadr\u0101tmetru) parasti pieg\u0101d\u0101 ekspeditors. Revierwelt Media GmbH skaidri nor\u0101da, ka \u0161\u012bs preces netiek ienestas m\u0101jokl\u012b. <\/span><span data-ccp-props=\"{\"201341983\":0,\"335559738\":120,\"335559739\":120,\"335559740\":480}\"> <\/span><\/p>\n<p><b><span data-contrast=\"none\">Labv\u0113l\u012bga pieg\u0101des metode atgrie\u0161anai<\/span><\/b><span data-ccp-props=\"{\"201341983\":0,\"335559738\":120,\"335559739\":120,\"335559740\":480}\"> <\/span><\/p>\n<p><span data-contrast=\"none\">(1) Atgrie\u017eot preces un piederumus, l\u016bdzu, izmantojiet ori\u0123in\u0101lo iepakojumu, ja iesp\u0113jams, pat tad, ja tas ir boj\u0101ts, atverot to funkcionalit\u0101tes test\u0113\u0161anas nol\u016bk\u0101.<\/span><span data-ccp-props=\"{\"201341983\":0,\"335559738\":120,\"335559739\":120,\"335559740\":480}\"> <\/span><\/p>\n<p><span data-contrast=\"none\">(2) Pre\u010du atpaka\u013cnos\u016bt\u012b\u0161anai izmantojiet s\u016bt\u012bjumam pievienoto piln\u012bb\u0101 apz\u012bmogoto un adres\u0113to atgrie\u0161anas eti\u0137eti. \u0160is ir vienk\u0101r\u0161\u0101kais un izmaksu zi\u0146\u0101 visizdev\u012bg\u0101kais pieg\u0101des veids. Jums nav pien\u0101kuma izmantot \u0161o atgrie\u0161anas proced\u016bru. Tom\u0113r, ja izv\u0113laties nevajadz\u012bgi d\u0101rgu pieg\u0101des veidu, jums var n\u0101kties samaks\u0101t mums paaugstin\u0101t\u0101s izmaksas sal\u012bdzin\u0101jum\u0101 ar l\u0113t\u0101ku pieg\u0101des veidu.     <\/span><span data-ccp-props=\"{\"201341983\":0,\"335559738\":120,\"335559739\":120,\"335559740\":480}\"> <\/span><\/p>\n<p><b><span data-contrast=\"none\">\u012apa\u0161umties\u012bbu saglab\u0101\u0161ana<\/span><\/b><span data-ccp-props=\"{\"201341983\":0,\"335559738\":120,\"335559739\":120,\"335559740\":480}\"> <\/span><\/p>\n<p><span data-contrast=\"none\">Pieg\u0101d\u0101t\u0101s preces paliek Revierwelt Media GmbH \u012bpa\u0161um\u0101 l\u012bdz br\u012bdim, kad visas no pirkuma l\u012bguma izrieto\u0161\u0101s pretenzijas pret klientu ir piln\u012bb\u0101 nok\u0101rtotas. Kam\u0113r past\u0101v \u0161\u012b \u012bpa\u0161umties\u012bbu saglab\u0101\u0161ana, klients nedr\u012bkst nedz t\u0101l\u0101k p\u0101rdot preces, nedz r\u012bkoties ar t\u0101m; jo \u012bpa\u0161i klients nedr\u012bkst l\u012bgumiski pie\u0161\u0137irt tre\u0161\u0101m person\u0101m ties\u012bbas izmantot preces.   <\/span><span data-ccp-props=\"{\"201341983\":0,\"335559738\":120,\"335559739\":120,\"335559740\":480}\"> <\/span><\/p>\n<p><b><span data-contrast=\"none\">Ties\u012bbas uz defektiem<\/span><\/b><span data-ccp-props=\"{\"201341983\":0,\"335559738\":120,\"335559739\":120,\"335559740\":480}\"> <\/span><\/p>\n<p><span data-contrast=\"none\">(1) Uz\u0146\u0113mums Revierwelt Media GmbH p\u0113c klienta ieskatiem un uz uz\u0146\u0113muma Revierwelt Media GmbH r\u0113\u0137ina aizst\u0101s boj\u0101to produktu (garantijas gad\u012bjums) ar produktu bez defektiem vai profesion\u0101li salabos (turpm\u0101ka izpilde). Klients tiek inform\u0113ts, ka garantijas gad\u012bjuma nav, ja riska nodo\u0161anas br\u012bd\u012b produktam bija nol\u012bgt\u0101 kvalit\u0101te. Jo \u012bpa\u0161i garantijas gad\u012bjums nepast\u0101v \u0161\u0101dos gad\u012bjumos:  <\/span><span data-ccp-props=\"{\"201341983\":0,\"335559738\":120,\"335559739\":120,\"335559740\":480}\"> <\/span><\/p>\n<ol>\n<li><span data-contrast=\"none\">a)<\/span> <span data-contrast=\"none\">gad\u012bjum\u0101, ja klientam ir nodar\u012bts kait\u0113jums nepareizas vai neatbilsto\u0161as lieto\u0161anas d\u0113\u013c,<\/span><\/li>\n<li><span data-contrast=\"none\">b)<\/span> <span data-contrast=\"none\">boj\u0101jumu gad\u012bjum\u0101, kas radu\u0161ies, pak\u013caujot izstr\u0101d\u0101jumus kait\u012bgai \u0101r\u0113jai ietekmei klienta telp\u0101s (jo \u012bpa\u0161i ekstr\u0113m\u0101m temperat\u016br\u0101m, mitrumam, \u0101rk\u0101rt\u0113jai fiziskai vai elektriskai slodzei, sprieguma sv\u0101rst\u012bb\u0101m, zibens, statiskai elektr\u012bbai, ugunsgr\u0113kam).<\/span><\/li>\n<\/ol>\n<p><span data-contrast=\"none\">(2) Revierwelt Media GmbH nesniedz garantiju ar\u012b par defektiem, kas radu\u0161ies ra\u017eot\u0101ja neautoriz\u0113ta servisa partnera nepareiza remonta rezult\u0101t\u0101.<\/span><span data-ccp-props=\"{\"201341983\":0,\"335559738\":120,\"335559739\":120,\"335559740\":480}\"> <\/span><\/p>\n<p><span data-contrast=\"none\">(3) Ja klienta piepras\u012btais turpm\u0101k\u0101s izpildes veids (aizst\u0101\u0161anas pieg\u0101de vai remonts) prasa p\u016bles, kas ir klaji nesam\u0113r\u012bgas ar klienta interesi par izpildi, \u0146emot v\u0113r\u0101 preces cenu, \u0146emot v\u0113r\u0101 l\u012bguma saturu un godpr\u0101t\u012bbas pras\u012bbas &#8211; jo \u012bpa\u0161i j\u0101\u0146em v\u0113r\u0101 pirkuma priek\u0161meta v\u0113rt\u012bba bez defektiem, defekta noz\u012bm\u012bgums un tas, vai var izmantot citu turpm\u0101k\u0101s izpildes veidu, neradot klientam b\u016btiskus zaud\u0113jumus, &#8211; klienta pras\u012bba ir ierobe\u017eota ar citu turpm\u0101k\u0101s izpildes veidu. Revierwelt Media GmbH ties\u012bbas atteikties no \u0161\u0101da cita veida turpm\u0101kas izpildes saska\u0146\u0101 ar iepriek\u0161 min\u0113tajiem nosac\u012bjumiem paliek nemain\u012bgas. <\/span><span data-ccp-props=\"{\"201341983\":0,\"335559738\":120,\"335559739\":120,\"335559740\":480}\"> <\/span><\/p>\n<p><span data-contrast=\"none\">(4) Gan labo\u0161anas, gan mai\u0146as pieg\u0101des gad\u012bjum\u0101 klienta pien\u0101kums ir nos\u016bt\u012bt preci uz Revierwelt Media GmbH r\u0113\u0137ina, nor\u0101dot pas\u016bt\u012bjuma numuru, uz t\u0101s nor\u0101d\u012bto atgrie\u0161anas adresi. Pirms produkta atgrie\u0161anas klientam no produkta j\u0101no\u0146em visi vi\u0146a ievietotie priek\u0161meti. Uz\u0146\u0113mumam Revierwelt Media GmbH nav pien\u0101kuma p\u0101rbaud\u012bt, vai ra\u017eojum\u0101 ir ieb\u016bv\u0113ti \u0161\u0101di priek\u0161meti. Revierwelt Media GmbH nav atbild\u012bga par \u0161\u0101du priek\u0161metu nozaud\u0113\u0161anu, iz\u0146emot gad\u012bjumus, kad Revierwelt Media GmbH, pa\u0146emot izstr\u0101d\u0101jumu atpaka\u013c, var\u0113ja viegli konstat\u0113t, ka izstr\u0101d\u0101jum\u0101 ir ievietots \u0161\u0101ds priek\u0161mets (\u0161\u0101d\u0101 gad\u012bjum\u0101 Revierwelt Media GmbH inform\u0113 klientu un glab\u0101 priek\u0161metu, lai klients to var\u0113tu sa\u0146emt; klients sedz radu\u0161\u0101s izmaksas). Pirms produkta nos\u016bt\u012b\u0161anas remontam vai nomai\u0146ai klientam j\u0101izveido ar\u012b atsevi\u0161\u0137as sist\u0113mas programmat\u016bras, lietojumprogrammu un visu produkta datu rezerves kopijas uz atsevi\u0161\u0137a datu nes\u0113ja un j\u0101deaktiviz\u0113 visas paroles. Par datu zudumu netiek uz\u0146emta nek\u0101da atbild\u012bba. Klients ir atbild\u012bgs ar\u012b par programmat\u016bras un datu instal\u0113\u0161anu un paro\u013cu atk\u0101rtotu aktiviz\u0113\u0161anu p\u0113c tam, kad salabotais vai rezerves izstr\u0101d\u0101jums ir atgriezts.      <\/span><span data-ccp-props=\"{\"201341983\":0,\"335559738\":120,\"335559739\":120,\"335559740\":480}\"> <\/span><\/p>\n<p><span data-contrast=\"none\">(5) Ja klients nos\u016bta preci, lai sa\u0146emtu aizst\u0101j\u0113jpreci, preces ar tr\u016bkumiem atgrie\u0161anu reglament\u0113 \u0161\u0101ds noteikums: Ja klients var\u0113ja lietot preci bez tr\u016bkumiem laik\u0101 no pieg\u0101des l\u012bdz atgrie\u0161anai, klients atl\u012bdzina ieg\u016bto labumu v\u0113rt\u012bbu. Klientam j\u0101samaks\u0101 kompens\u0101cija par jebk\u0101du preces zudumu vai turpm\u0101ku boj\u0101\u0161anos, ko nav izrais\u012bjis defekts, un par neiesp\u0113jam\u012bbu atgriezt preci laik\u0101 no preces pieg\u0101des l\u012bdz preces atgrie\u0161anai, ko nav izrais\u012bjis defekts. Klientam nav j\u0101maks\u0101 kompens\u0101cija par pre\u010du boj\u0101\u0161anos, ko izrais\u012bjis pre\u010du paredz\u0113tais lietojums. Turkl\u0101t pien\u0101kums maks\u0101t kompens\u0101ciju neattiecas uz preces ar tr\u016bkumiem atgrie\u0161anu garantijas gad\u012bjum\u0101,   <\/span><span data-ccp-props=\"{\"201341983\":0,\"335559738\":120,\"335559739\":120,\"335559740\":480}\"> <\/span><\/p>\n<ol>\n<li><span data-contrast=\"none\">a)<\/span> <span data-contrast=\"none\">ja defekts, kas pamato anul\u0113\u0161anu, atkl\u0101j\u0101s tikai p\u0101rstr\u0101des vai p\u0101rb\u016bves laik\u0101,<\/span><\/li>\n<li><span data-contrast=\"none\">b)<\/span> <span data-contrast=\"none\">ja Revierwelt Media GmbH ir atbild\u012bga par boj\u0101jumu vai zaud\u0113jumu vai ja boj\u0101jums b\u016btu radies ar\u012b Revierwelt Media GmbH,<\/span><span data-ccp-props=\"{\"201341983\":0,\"335559685\":567,\"335559738\":120,\"335559739\":120,\"335559740\":480,\"335559991\":284,\"469777462\":[567],\"469777927\":[0],\"469777928\":[1]}\"> <\/span><\/li>\n<li><span data-contrast=\"none\">c)<\/span> <span data-contrast=\"none\">ja boj\u0101jums vai zaud\u0113jums ir noticis klienta telp\u0101s, lai gan klients ir r\u012bkojies ar t\u0101du r\u016bp\u012bbu, k\u0101du vi\u0146\u0161 ir pieradis iev\u0113rot sav\u0101s liet\u0101s.<\/span><\/li>\n<\/ol>\n<p><span data-contrast=\"none\">(6) Pas\u016bt\u012bt\u0101ja atbild\u012bbu par zaud\u0113jumiem, ja tiek p\u0101rk\u0101pts pien\u0101kums atgriezt preces, par kur\u0101m klients ir atbild\u012bgs, reglament\u0113 likum\u0101 noteiktie noteikumi.<\/span><span data-ccp-props=\"{\"201341983\":0,\"335559738\":120,\"335559739\":120,\"335559740\":480}\"> <\/span><\/p>\n<p><span data-contrast=\"none\">(7) Klients p\u0113c saviem ieskatiem var atk\u0101pties no l\u012bguma vai samazin\u0101t pirkuma cenu, ja remonta vai rezerves pieg\u0101des rezult\u0101t\u0101 sapr\u0101t\u012bg\u0101 termi\u0146\u0101 nav pan\u0101kts l\u012bgum\u0101 noteiktais produkta st\u0101voklis.<\/span><span data-ccp-props=\"{\"201341983\":0,\"335559738\":120,\"335559739\":120,\"335559740\":480}\"> <\/span><\/p>\n<p><span data-contrast=\"none\">(8) Turkl\u0101t pret ra\u017eot\u0101ju var tikt izvirz\u012btas ar\u012b pras\u012bbas saska\u0146\u0101 ar ra\u017eot\u0101ja pie\u0161\u0137irto garantiju, ko reglament\u0113 attiec\u012bgie garantijas nosac\u012bjumi.<\/span><span data-ccp-props=\"{\"201341983\":0,\"335559738\":120,\"335559739\":120,\"335559740\":480}\"> <\/span><\/p>\n<p><span data-contrast=\"none\">(9) Revierwelt Media GmbH likum\u0101 noteikt\u0101 garantija beidzas divus gadus p\u0113c pre\u010du pieg\u0101des. Termi\u0146\u0161 s\u0101kas no pre\u010du sa\u0146em\u0161anas br\u012b\u017ea.   <\/span><span data-ccp-props=\"{\"201341983\":0,\"335559738\":120,\"335559739\":120,\"335559740\":480}\"> <\/span><\/p>\n<p><b><span data-contrast=\"none\">Atbild\u012bba<\/span><\/b><span data-ccp-props=\"{\"201341983\":0,\"335559738\":120,\"335559739\":120,\"335559740\":480}\"> <\/span><\/p>\n<p><span data-contrast=\"none\">(1) Nelielas neuzman\u012bbas gad\u012bjum\u0101 Revierwelt Media GmbH ir atbild\u012bga tikai tad, ja ir p\u0101rk\u0101ptas b\u016btiskas l\u012bgumsaist\u012bbas, un tikai paredzamo zaud\u0113jumu apm\u0113r\u0101. \u0160is ierobe\u017eojums neattiecas uz kait\u0113jumu dz\u012bv\u012bbai, \u0137ermenim un vesel\u012bbai. Revierwelt Media GmbH nav atbild\u012bga par citiem zaud\u0113jumiem, kas radu\u0161ies nelielas neuzman\u012bbas d\u0113\u013c pirkuma priek\u0161meta defekta d\u0113\u013c.  <\/span><span data-ccp-props=\"{\"201341983\":0,\"335559738\":120,\"335559739\":120,\"335559740\":480}\"> <\/span><\/p>\n<p><span data-contrast=\"none\">(2) Neatkar\u012bgi no Revierwelt Media GmbH vainas, Revierwelt Media GmbH atbild\u012bba par defekta kr\u0101pniecisku sl\u0113p\u0161anu vai garantijas p\u0101r\u0146em\u0161anu paliek neskarta. Ra\u017eot\u0101ja garantija ir ra\u017eot\u0101ja garantija, un t\u0101 nav Revierwelt Media GmbH garantija. <\/span><span data-ccp-props=\"{\"201341983\":0,\"335559738\":120,\"335559739\":120,\"335559740\":480}\"> <\/span><\/p>\n<p><span data-contrast=\"none\">(3) Revierwelt Media GmbH ir atbild\u012bga ar\u012b par pieg\u0101des neiesp\u0113jam\u012bbu, kas radusies nejau\u0161\u012bbas d\u0113\u013c t\u0101s kav\u0113\u0161an\u0101s laik\u0101, ja vien kait\u0113jums neb\u016btu radies ar\u012b tad, ja pieg\u0101de b\u016btu notikusi savlaic\u012bgi.<\/span><span data-ccp-props=\"{\"201341983\":0,\"335559738\":120,\"335559739\":120,\"335559740\":480}\"> <\/span><\/p>\n<p><span data-contrast=\"none\">(4) Revierwelt Media GmbH likum\u012bgo p\u0101rst\u0101vju, pilnvaroto p\u0101rst\u0101vju un darbinieku personisk\u0101 atbild\u012bba par zaud\u0113jumiem, kas radu\u0161ies vi\u0146u vieglas neuzman\u012bbas d\u0113\u013c, ir izsl\u0113gta.  <\/span><span data-ccp-props=\"{\"201341983\":0,\"335559738\":120,\"335559739\":120,\"335559740\":480}\"> <\/span><\/p>\n<p><b><span data-contrast=\"none\">Piem\u0113rojamie ties\u012bbu akti<\/span><\/b><span data-ccp-props=\"{\"201341983\":0,\"335559738\":120,\"335559739\":120,\"335559740\":480}\"> <\/span><\/p>\n<p><span data-contrast=\"none\">Uz l\u012bgumu, kas nosl\u0113gts starp jums un Revierwelt Media GmbH, attiecas tikai un vien\u012bgi V\u0101cijas Federat\u012bv\u0101s Republikas ties\u012bbu akti, iz\u0146emot ANO Konvenciju par starptautiskajiem pre\u010du pirkuma-p\u0101rdevuma l\u012bgumiem. J\u016bsu past\u0101v\u012bg\u0101s dz\u012bvesvietas valsts oblig\u0101tie noteikumi paliek neskarti. <\/span><span data-ccp-props=\"{\"201341983\":0,\"335559738\":120,\"335559739\":120,\"335559740\":480}\"> <\/span><\/p>\n<p><b><span data-contrast=\"none\">Jurisdikcijas vieta<\/span><\/b><span data-ccp-props=\"{\"201341983\":0,\"335559738\":120,\"335559739\":120,\"335559740\":480}\"> <\/span><\/p>\n<p><span data-contrast=\"none\">Ja pret\u0113ji j\u016bsu apgalvojumiem pas\u016bt\u012bjuma iesnieg\u0161anas laik\u0101 jums nav dz\u012bvesvietas V\u0101cijas Federat\u012bvaj\u0101 Republik\u0101 vai p\u0113c l\u012bguma nosl\u0113g\u0161anas j\u016bs p\u0101rce\u013cat dz\u012bvesvietu uz \u0101rzem\u0113m, vai ar\u012b j\u016bsu dz\u012bvesvieta pras\u012bbas iesnieg\u0161anas br\u012bd\u012b nav zin\u0101ma, visu str\u012bdu, kas izriet no l\u012bgumattiec\u012bb\u0101m un ir saist\u012bti ar t\u0101m, izskat\u012b\u0161ana ir piekrit\u012bga Solmsai.<\/span><span data-contrast=\"none\">. <\/span> <span data-ccp-props=\"{\"201341983\":0,\"335559738\":120,\"335559739\":120,\"335559740\":480}\"> <\/span><\/p>\n<p><b><span data-contrast=\"none\">Str\u012bdu iz\u0161\u0137ir\u0161ana<\/span><\/b><span data-ccp-props=\"{\"201341983\":0,\"335559738\":120,\"335559739\":120,\"335559740\":480}\"> <\/span><\/p>\n<p><span data-contrast=\"none\">Visp\u0101r\u012bgi inform\u0101cijas snieg\u0161anas pien\u0101kumi alternat\u012bvai str\u012bdu iz\u0161\u0137ir\u0161anai saska\u0146\u0101 ar ODR-VO 14. panta 1. punktu un Pat\u0113r\u0113t\u0101ju str\u012bdu iz\u0161\u0137ir\u0161anas likuma 36. pantu (VSBG): <\/span><span data-ccp-props=\"{\"201341983\":0,\"335559738\":120,\"335559739\":120,\"335559740\":480}\"> <\/span><\/p>\n<p><span data-contrast=\"none\">Eiropas Komisija nodro\u0161ina platformu str\u012bdu iz\u0161\u0137ir\u0161anai tie\u0161saist\u0113 (OS), kuru var atrast \u0161aj\u0101 adres\u0113: <\/span><a href=\"http:\/\/ec.europa.eu\/consumers\/odr\/\"><span data-contrast=\"none\">http:\/\/ec.europa.eu\/consumers\/odr\/<\/span><\/a><span data-contrast=\"none\">  . Mums nav ne pien\u0101kuma, ne v\u0113lmes piedal\u012bties str\u012bdu iz\u0161\u0137ir\u0161anas proces\u0101 pat\u0113r\u0113t\u0101ju \u0161\u0137\u012br\u0113jties\u0101.   <\/span><span data-ccp-props=\"{\"201341983\":0,\"335551550\":6,\"335551620\":6,\"335559738\":120,\"335559739\":120,\"335559740\":480}\"> <\/span><\/p>\n<p><b><span data-contrast=\"none\">Nobeiguma noteikumi<\/span><\/b><span data-ccp-props=\"{\"201341983\":0,\"335559738\":120,\"335559739\":120,\"335559740\":480}\"> <\/span><\/p>\n<p><span data-contrast=\"none\">(1) Ja atsevi\u0161\u0137i \u0161\u0101 l\u012bguma noteikumi ir vai k\u013c\u016bst sp\u0113k\u0101 neeso\u0161i vai sp\u0113k\u0101 neeso\u0161i piln\u012bb\u0101 vai da\u013c\u0113ji, tas neietekm\u0113 p\u0101r\u0113jo l\u012bguma noteikumu sp\u0113k\u0101 esam\u012bbu, cikt\u0101l tas nerada l\u012bgumpartnerim nepamatoti nelabv\u0113l\u012bgus apst\u0101k\u013cus.<\/span><span data-ccp-props=\"{\"201341983\":0,\"335559738\":120,\"335559739\":120,\"335559740\":480}\"> <\/span><\/p>\n<p><span data-contrast=\"none\">(2) Groz\u012bjumi vai papildin\u0101jumi \u0161aj\u0101 l\u012bgum\u0101 j\u0101veic rakstiski.<\/span><\/p>\n","protected":false},"excerpt":{"rendered":"<p>Tirgus visp\u0101r\u0113jie p\u0101rdo\u0161anas noteikumi un nosac\u012bjumi Piem\u0113ro\u0161anas joma \u0160ie noteikumi un nosac\u012bjumi attiecas uz visiem pirkumiem no Revierwelt Media GmbH.ko veic priv\u0101tie klienti. Priv\u0101tklienti \u0161aj\u0101 noz\u012bm\u0113 ir personas, kuru dz\u012bvesvieta un pieg\u0101des adrese ir V\u0101cijas Federat\u012bvaj\u0101 Republik\u0101, cikt\u0101l vi\u0146u pas\u016bt\u012bt\u0101s preces nevar attiecin\u0101t uz vi\u0146u komercdarb\u012bbu vai neatkar\u012bgu profesion\u0101lo darb\u012bbu. Cenas un pieg\u0101des izmaksas Nor\u0101d\u012bt\u0101s&#8230;<\/p>\n","protected":false},"author":4,"featured_media":0,"parent":0,"menu_order":0,"comment_status":"closed","ping_status":"closed","template":"","meta":{"footnotes":""},"class_list":["post-40496","page","type-page","status-publish","hentry"],"_links":{"self":[{"href":"https:\/\/revierwelt.de\/index.php\/wp-json\/wp\/v2\/pages\/40496","targetHints":{"allow":["GET"]}}],"collection":[{"href":"https:\/\/revierwelt.de\/index.php\/wp-json\/wp\/v2\/pages"}],"about":[{"href":"https:\/\/revierwelt.de\/index.php\/wp-json\/wp\/v2\/types\/page"}],"author":[{"embeddable":true,"href":"https:\/\/revierwelt.de\/index.php\/wp-json\/wp\/v2\/users\/4"}],"replies":[{"embeddable":true,"href":"https:\/\/revierwelt.de\/index.php\/wp-json\/wp\/v2\/comments?post=40496"}],"version-history":[{"count":0,"href":"https:\/\/revierwelt.de\/index.php\/wp-json\/wp\/v2\/pages\/40496\/revisions"}],"wp:attachment":[{"href":"https:\/\/revierwelt.de\/index.php\/wp-json\/wp\/v2\/media?parent=40496"}],"curies":[{"name":"wp","href":"https:\/\/api.w.org\/{rel}","templated":true}]}}