{"id":40574,"date":"2025-02-25T11:57:59","date_gmt":"2025-02-25T10:57:59","guid":{"rendered":"https:\/\/revierwelt.de\/index.php\/cancelamento-da-newsletter\/"},"modified":"2025-02-25T11:58:06","modified_gmt":"2025-02-25T10:58:06","slug":"cancelamento-da-newsletter","status":"publish","type":"page","link":"https:\/\/revierwelt.de\/index.php\/cancelamento-da-newsletter\/?lang=pt-pt","title":{"rendered":"Cancelamento da newsletter"},"content":{"rendered":"<section class=\"l-section wpb_row height_medium\"><div class=\"l-section-h i-cf\"><div class=\"g-cols vc_row via_flex valign_top type_default stacking_default\"><div class=\"vc_col-sm-12 wpb_column vc_column_container\"><div class=\"vc_column-inner\"><div class=\"wpb_wrapper\"><div class=\"wpb_text_column\"><div class=\"wpb_wrapper\"><p>Anulaste a subscri\u00e7\u00e3o da newsletter com sucesso.<\/p>\n<p> Deixar\u00e1s de receber a newsletter por e-mail.<\/p>\n<\/div><\/div><\/div><\/div><\/div><\/div><\/div><\/section>\n","protected":false},"excerpt":{"rendered":"Anulaste a subscri\u00e7\u00e3o da newsletter com sucesso. Deixar\u00e1s de receber a newsletter por e-mail.","protected":false},"author":1,"featured_media":0,"parent":0,"menu_order":0,"comment_status":"closed","ping_status":"closed","template":"","meta":{"footnotes":""},"class_list":["post-40574","page","type-page","status-publish","hentry"],"_links":{"self":[{"href":"https:\/\/revierwelt.de\/index.php\/wp-json\/wp\/v2\/pages\/40574","targetHints":{"allow":["GET"]}}],"collection":[{"href":"https:\/\/revierwelt.de\/index.php\/wp-json\/wp\/v2\/pages"}],"about":[{"href":"https:\/\/revierwelt.de\/index.php\/wp-json\/wp\/v2\/types\/page"}],"author":[{"embeddable":true,"href":"https:\/\/revierwelt.de\/index.php\/wp-json\/wp\/v2\/users\/1"}],"replies":[{"embeddable":true,"href":"https:\/\/revierwelt.de\/index.php\/wp-json\/wp\/v2\/comments?post=40574"}],"version-history":[{"count":0,"href":"https:\/\/revierwelt.de\/index.php\/wp-json\/wp\/v2\/pages\/40574\/revisions"}],"wp:attachment":[{"href":"https:\/\/revierwelt.de\/index.php\/wp-json\/wp\/v2\/media?parent=40574"}],"curies":[{"name":"wp","href":"https:\/\/api.w.org\/{rel}","templated":true}]}}