{"id":40896,"date":"2025-02-25T12:04:11","date_gmt":"2025-02-25T11:04:11","guid":{"rendered":"https:\/\/revierwelt.de\/index.php\/pre-podniky\/"},"modified":"2025-02-25T12:04:17","modified_gmt":"2025-02-25T11:04:17","slug":"pre-podniky","status":"publish","type":"page","link":"https:\/\/revierwelt.de\/index.php\/pre-podniky\/?lang=sk","title":{"rendered":"pre podniky"},"content":{"rendered":"<section class=\"l-section wpb_row height_medium color_alternate\" id=\"spustenie\"><div class=\"l-section-h i-cf\"><div class=\"g-cols vc_row via_flex valign_top type_default stacking_default\"><div class=\"vc_col-sm-12 wpb_column vc_column_container\"><div class=\"vc_column-inner\"><div class=\"wpb_wrapper\"><div class=\"wpb_text_column\"><div class=\"wpb_wrapper\"><h2 style=\"text-align: center;\"><strong>REVIERWELT.<\/strong>  Pre firmy.<\/h2>\n<p style=\"text-align: center;\">Integr\u00e1cia va\u0161ej spolo\u010dnosti ako pr\u00e9miov\u00e9ho partnera spolo\u010dnosti Revierwelt.<\/p>\n<\/div><\/div><\/div><\/div><\/div><\/div><\/div><\/section><section class=\"l-section wpb_row height_auto width_full\"><div class=\"l-section-h i-cf\"><div class=\"g-cols vc_row via_flex valign_middle type_boxes stacking_default\"><div class=\"vc_col-sm-6 wpb_column vc_column_container has_bg_color us_animate_afl\"><div class=\"vc_column-inner us_custom_891d1146\"><div class=\"wpb_wrapper\"><div class=\"w-separator size_custom\" style=\"height:10px\"><\/div><\/div><\/div><\/div><div class=\"vc_col-sm-6 wpb_column vc_column_container us_animate_afr\"><div class=\"vc_column-inner\"><div class=\"wpb_wrapper\"><div class=\"w-iconbox iconpos_left style_default color_primary align_left no_text\"><div class=\"w-iconbox-icon\" style=\"font-size:;\"><i class=\"fas fa-desktop\"><\/i><\/div><div class=\"w-iconbox-meta\"><h2 class=\"w-iconbox-title\">Prezent\u00e1cia va\u0161ej spolo\u010dnosti<\/h2><\/div><\/div><div class=\"w-separator size_small\"><\/div><div class=\"wpb_text_column\"><div class=\"wpb_wrapper\"><p><span class=\"TextRun SCXP191441430 BCX9\" lang=\"DE-DE\" data-usefontface=\"false\" data-contrast=\"none\" xml:lang=\"DE-DE\"><span class=\"NormalTextRun SCXP191441430 BCX9\">S <strong>obchodnou str\u00e1nkou Revierwelt<\/strong> a <strong>odkazom v oblasti Premium Partner<\/strong> m\u00f4\u017eete r\u00fdchlo a jednoducho oslovi\u0165 svoju cie\u013eov\u00fa skupinu.  <\/span><\/span><\/p>\n<p><span class=\"EOP SCXP191441430 BCX9\"><span class=\"TextRun SCXP243796570 BCX9\" lang=\"DE-DE\" data-usefontface=\"false\" data-contrast=\"none\"><span class=\"NormalTextRun SCXP243796570 BCX9\">Ke\u010f si objedn\u00e1te n\u00e1\u0161 <strong>12-mesa\u010dn\u00fd bal\u00edk<\/strong>, vytvor\u00edme pre v\u00e1s aj <\/span><\/span><span class=\"TextRun SCXP243796570 BCX9\" lang=\"DE-DE\" data-usefontface=\"false\" data-contrast=\"none\"><span class=\"NormalTextRun SCXP243796570 BCX9\">logo ako <strong>odkaz v pr\u00e9miovej partnerskej oblasti <\/strong>, vytvor\u00edme aj <\/span><\/span> <span class=\"TextRun SCXP243796570 BCX9\" lang=\"DE-DE\" xml:lang=\"DE-DE\" data-usefontface=\"false\" data-contrast=\"none\"><span class=\"NormalTextRun SCXP243796570 BCX9\">Obchodn\u00e1 str\u00e1nka Revierwelt na na\u0161ej platforme. S cie\u013eom   <\/span><\/span><span class=\"TextRun SCXP243796570 BCX9\" lang=\"DE-DE\" xml:lang=\"DE-DE\" data-usefontface=\"false\" data-contrast=\"none\"><span class=\"NormalTextRun SCXP243796570 BCX9\">aby sme v\u00e1m<strong> zn\u00ed\u017eili<\/strong> <strong>n\u00e1klady na \u00fadr\u017ebu <\/strong>, radi prepoj\u00edme va\u0161e  <\/span><\/span><span class=\"TextRun SCXP243796570 BCX9\" lang=\"DE-DE\" xml:lang=\"DE-DE\" data-usefontface=\"false\" data-contrast=\"none\"><span class=\"NormalTextRun SCXP243796570 BCX9\">existuj\u00facu str\u00e1nku na Facebooku a automaticky na\u010d\u00edta\u0165 va\u0161e pr\u00edspevky. M\u00f4\u017eeme tie\u017e realizova\u0165 prepojenie na v\u00e1\u0161 kan\u00e1l YouTube. <\/span><\/span><\/span><\/p>\n<p><span class=\"EOP SCXP191441430 BCX9\"><span class=\"EOP SCXP243796570 BCX9\"><span class=\"TextRun SCXP191441430 BCX9\" lang=\"DE-DE\" data-usefontface=\"false\" data-contrast=\"none\"><span class=\"NormalTextRun SCXP191441430 BCX9\">Ak z\u00e1kazn\u00edk klikne na logo partnera, dostane sa na va\u0161u <strong>obchodn\u00fa str\u00e1nku Revierwelt <\/strong><\/span><\/span><span class=\"TextRun SCXP191441430 BCX9\" lang=\"DE-DE\" data-usefontface=\"false\" data-contrast=\"none\"><span class=\"NormalTextRun SCXP191441430 BCX9\">alebo na va\u0161u <strong>vlastn\u00fa webov\u00fa str\u00e1nku<\/strong>.<\/span><\/span><\/span><\/span><\/p>\n<\/div><\/div><div class=\"w-btn-wrapper align_right\"><a class=\"w-btn us-btn-style_5 icon_atleft\" title=\"Partner\" href=\"https:\/\/revierwelt.de\/index.php\/partner\/\"><i class=\"fas fa-arrow-right\"><\/i><span class=\"w-btn-label\">Na\u0161im partnerom<\/span><\/a><\/div><\/div><\/div><\/div><\/div><\/div><\/section><section class=\"l-section wpb_row height_auto width_full\"><div class=\"l-section-h i-cf\"><div class=\"g-cols vc_row via_flex valign_middle type_boxes stacking_default\"><div class=\"vc_col-sm-6 wpb_column vc_column_container us_animate_afl\"><div class=\"vc_column-inner\"><div class=\"wpb_wrapper\"><div class=\"w-iconbox iconpos_left style_default color_primary align_left no_text\"><div class=\"w-iconbox-icon\" style=\"font-size:;\"><i class=\"fas fa-user-plus\"><\/i><\/div><div class=\"w-iconbox-meta\"><h2 class=\"w-iconbox-title\">Viac interakcie so z\u00e1kazn\u00edkmi<\/h2><\/div><\/div><div class=\"w-separator size_small\"><\/div><div class=\"wpb_text_column\"><div class=\"wpb_wrapper\"><p><span class=\"TextRun BCX9 SCXP55273671\" lang=\"DE-DE\" data-usefontface=\"false\" data-contrast=\"none\"><span class=\"NormalTextRun BCX9 SCXP55273671\">Pou\u017e\u00edvatelia, ktor\u00ed maj\u00fa pr\u00edstup k v\u00e1\u0161mu <strong>Revierweltu<\/strong><\/span><\/span><strong><span class=\"TextRun BCX9 SCXP55273671\" lang=\"DE-DE\" data-usefontface=\"true\" data-contrast=\"none\"><span class=\"NormalTextRun BCX9 SCXP55273671\">Obchod<\/span><\/span><\/strong><span class=\"TextRun BCX9 SCXP55273671\" lang=\"DE-DE\" data-usefontface=\"false\" data-contrast=\"none\"><span class=\"NormalTextRun BCX9 SCXP55273671\"><strong>-str\u00e1nku<\/strong>, n\u00e1jdu tu <\/span><\/span><span class=\"TextRun BCX9 SCXP55273671\" lang=\"DE-DE\" data-usefontface=\"false\" data-contrast=\"none\"><span class=\"NormalTextRun BCX9 SCXP55273671\">mo\u017enos\u0165 propagova\u0165 svoju spolo\u010dnos\u0165 pomocou <strong>Waidmanns-Like<\/strong> <\/span><\/span> <span class=\"TextRun BCX9 SCXP55273671\" lang=\"DE-DE\" data-usefontface=\"false\" data-contrast=\"none\" xml:lang=\"DE-DE\"><span class=\"NormalTextRun BCX9 SCXP55273671\">a prihl\u00e1si\u0165 sa k ich odberu. Teda podobne ako   <\/span><\/span><span class=\"TextRun BCX9 SCXP55273671\" lang=\"DE-DE\" data-usefontface=\"false\" data-contrast=\"none\"><span class=\"NormalTextRun BCX9 SCXP55273671\">Facebook &#8211; s v\u00fdhodou, \u017ee na\u0161a platforma je takmer v\u00fdlu\u010dne <\/span><\/span><span class=\"TextRun BCX9 SCXP55273671\" lang=\"DE-DE\" data-usefontface=\"false\" data-contrast=\"none\"><span class=\"NormalTextRun BCX9 SCXP55273671\">takmer v\u00fdlu\u010dne po\u013eovn\u00edci. <\/span><\/span> <\/p>\n<p><span class=\"TextRun BCX9 SCXP219463379\" lang=\"DE-DE\" data-usefontface=\"false\" data-contrast=\"none\"><span class=\"NormalTextRun BCX9 SCXP219463379\"><strong>Prihl\u00e1sen\u00edm sa na<\/strong> str\u00e1nku z\u00e1kazn\u00edk dost\u00e1va va\u0161e pr\u00edspevky priamo <\/span><\/span><span class=\"TextRun BCX9 SCXP219463379\" lang=\"DE-DE\" data-usefontface=\"false\" data-contrast=\"none\"><span class=\"NormalTextRun BCX9 SCXP219463379\">ako <strong>push notifik\u00e1ciu<\/strong> v aplik\u00e1cii Revierwelt a z\u00e1rove\u0148 ich n\u00e1jde <\/span><\/span><span class=\"TextRun BCX9 SCXP219463379\" lang=\"DE-DE\" data-usefontface=\"false\" data-contrast=\"none\"><span class=\"NormalTextRun BCX9 SCXP219463379\">vo svojom osobnom informa\u010dnom liste.<\/span><\/span><\/p>\n<\/div><\/div><div class=\"w-btn-wrapper align_none\"><a class=\"w-btn us-btn-style_5 icon_atleft\" title=\"Partner\" href=\"https:\/\/social.revierwelt.de\/?deutscherjagdverbande.v.\"><i class=\"fas fa-arrow-right\"><\/i><span class=\"w-btn-label\">Otvorte str\u00e1nku s pr\u00edkladom<\/span><\/a><\/div><\/div><\/div><\/div><div class=\"vc_col-sm-6 wpb_column vc_column_container has_bg_color us_animate_afr\"><div class=\"vc_column-inner us_custom_a23e117a\"><div class=\"wpb_wrapper\"><div class=\"w-separator blank-column size_custom\" style=\"height:10px\"><\/div><\/div><\/div><\/div><\/div><\/div><\/section><section class=\"l-section wpb_row height_auto width_full\"><div class=\"l-section-h i-cf\"><div class=\"g-cols vc_row via_flex valign_middle type_boxes stacking_default\"><div class=\"vc_col-sm-6 vc_hidden-sm vc_hidden-xs wpb_column vc_column_container has_bg_color us_animate_afl\"><div class=\"vc_column-inner us_custom_fdf8dd04\"><div class=\"wpb_wrapper\"><div class=\"w-separator blank-column size_custom\" style=\"height:10px\"><\/div><\/div><\/div><\/div><div class=\"vc_col-sm-6 wpb_column vc_column_container us_animate_afr\"><div class=\"vc_column-inner\"><div class=\"wpb_wrapper\"><div class=\"w-iconbox iconpos_left style_default color_primary align_left no_text\"><div class=\"w-iconbox-icon\" style=\"font-size:;\"><i class=\"fas fa-chart-pie\"><\/i><\/div><div class=\"w-iconbox-meta\"><h2 class=\"w-iconbox-title\">Pochopenie cie\u013eov\u00fdch skup\u00edn<\/h2><\/div><\/div><div class=\"w-separator size_small\"><\/div><div class=\"wpb_text_column\"><div class=\"wpb_wrapper\"><p><span class=\"TextRun SCXP15029903 BCX9\" lang=\"DE-DE\" data-usefontface=\"false\" data-contrast=\"none\"><span class=\"NormalTextRun SCXP15029903 BCX9\">V druhej polovici roka dostanete ako spolo\u010dnos\u0165 <\/span><\/span><strong><span class=\"TextRun SCXP15029903 BCX9\" lang=\"DE-DE\" data-usefontface=\"false\" data-contrast=\"none\"><span class=\"SpellingError SCXP15029903 BCX9\">Insights<\/span><\/span><\/strong><span class=\"TextRun SCXP15029903 BCX9\" lang=\"DE-DE\" data-usefontface=\"false\" data-contrast=\"none\" xml:lang=\"DE-DE\"><span class=\"NormalTextRun SCXP15029903 BCX9\">  v\u00e1m poskytne preh\u013ead o pou\u017e\u00edvan\u00ed va\u0161ej obchodnej str\u00e1nky Revierwelt. Insighty v\u00e1m poskytn\u00fa nielen cenn\u00e9 inform\u00e1cie o tom, kto je va\u0161a cie\u013eov\u00e1 skupina, ale pom\u00f4\u017eu v\u00e1m aj pochopi\u0165, \u010do va\u0161a cie\u013eov\u00e1 skupina chce. <\/span><\/span><\/p>\n<p><span class=\"TextRun SCXP15029903 BCX9\" lang=\"DE-DE\" data-usefontface=\"false\" data-contrast=\"none\"><span class=\"NormalTextRun SCXP15029903 BCX9\">Na str\u00e1nke <\/span><\/span><span class=\"TextRun SCXP15029903 BCX9\" lang=\"DE-DE\" data-usefontface=\"false\" data-contrast=\"none\"><span class=\"NormalTextRun SCXP15029903 BCX9\">sa pripravuj\u00fa aj <\/span><\/span><strong><span class=\"TextRun SCXP15029903 BCX9\" lang=\"DE-DE\" data-usefontface=\"false\" data-contrast=\"none\"><span class=\"SpellingError SCXP15029903 BCX9\">soci\u00e1lne<\/span><\/span><\/strong><span class=\"TextRun SCXP15029903 BCX9\" lang=\"DE-DE\" data-usefontface=\"false\" data-contrast=\"none\"><span class=\"NormalTextRun SCXP15029903 BCX9\"><strong>-pluginy<\/strong> s\u00fa tie\u017e v pr\u00edprave, ktor\u00e9 umo\u017enia pou\u017e\u00edvate\u013eovi <\/span><\/span><span class=\"TextRun SCXP15029903 BCX9\" lang=\"DE-DE\" data-usefontface=\"false\" data-contrast=\"none\"><span class=\"NormalTextRun SCXP15029903 BCX9\">platformu a t\u00fdm v\u00fdznamne prispie\u0165 k pochopeniu cie\u013eovej skupiny.<\/span><\/span><span class=\"EOP SCXP15029903 BCX9\"><\/span><\/p>\n<\/div><\/div><\/div><\/div><\/div><\/div><\/div><\/section><section class=\"l-section wpb_row height_auto width_full color_alternate\"><div class=\"l-section-h i-cf\"><div class=\"g-cols vc_row via_flex valign_middle type_boxes stacking_default\"><div class=\"vc_col-sm-12 wpb_column vc_column_container us_animate_afl\"><div class=\"vc_column-inner\"><div class=\"wpb_wrapper\"><div class=\"wpb_text_column\"><div class=\"wpb_wrapper\"><h2 style=\"text-align: center;\"><strong>Viac inform\u00e1ci\u00ed n\u00e1jdete vo videu na REVIERWELT.<\/strong><\/h2>\n<p style=\"text-align: center;\">Pon\u00fakame v\u00e1m preh\u013ead neobmedzen\u00fdch mo\u017enost\u00ed REVIERWELT.<\/p>\n<\/div><\/div><\/div><\/div><\/div><\/div><\/div><\/section><section class=\"l-section wpb_row height_auto\"><div class=\"l-section-h i-cf\"><div class=\"g-cols vc_row via_flex valign_middle type_boxes stacking_default\"><div class=\"vc_col-sm-12 wpb_column vc_column_container us_animate_afl\"><div class=\"vc_column-inner\"><div class=\"wpb_wrapper\"><div class=\"w-video align_center ratio_16x9 has_iframe\"><div class=\"w-video-h\"><iframe title=\"Youtube video player\" src=\"\/\/www.youtube.com\/embed\/6asE877gISM?autoplay=0&controls=1&origin=https:\/\/revierwelt.de&loop=0&mute=0\" allowfullscreen=\"1\" loading=\"lazy\"><\/iframe><\/div><div class=\"w-video-icon\" style=\"font-size:1.5rem;background:rgba(0,0,0,0.5);color:#fff\"><\/div><\/div><\/div><\/div><\/div><\/div><\/div><\/section><section class=\"l-section wpb_row height_auto color_alternate\"><div class=\"l-section-h i-cf\"><div class=\"g-cols vc_row via_flex valign_middle type_boxes stacking_default\"><div class=\"vc_col-sm-12 wpb_column vc_column_container us_animate_afl\"><div class=\"vc_column-inner\"><div class=\"wpb_wrapper\"><div class=\"wpb_text_column\"><div class=\"wpb_wrapper\"><h4 style=\"text-align: center;\"><span class=\"TextRun BCX9 SCXP126005858\" lang=\"DE-DE\" data-usefontface=\"false\" data-contrast=\"none\"><span class=\"NormalTextRun BCX9 SCXP126005858\">Boli by sme radi, keby ste svoj z\u00e1ujem o <\/span><\/span><span class=\"TextRun BCX9 SCXP126005858\" lang=\"DE-DE\" data-usefontface=\"false\" data-contrast=\"none\"><span class=\"NormalTextRun BCX9 SCXP126005858\">REVIERWELT-<\/span><\/span><span class=\"TextRun BCX9 SCXP126005858\" lang=\"DE-DE\" data-usefontface=\"false\" data-contrast=\"none\"><span class=\"SpellingError BCX9 SCXP126005858\">soci\u00e1lne<\/span><span class=\"NormalTextRun BCX9 SCXP126005858\">medi\u00e1lnej pr\u00edtomnosti do dlhodobej spolupr\u00e1ce.<\/span><\/span><span class=\"EOP BCX9 SCXP126005858\"><\/span><\/h4>\n<\/div><\/div><\/div><\/div><\/div><\/div><\/div><\/section><section class=\"l-section wpb_row height_medium color_primary\"><div class=\"l-section-h i-cf\"><div class=\"g-cols vc_row via_flex valign_top type_default stacking_default\"><div class=\"vc_col-sm-12 wpb_column vc_column_container us_animate_afb\"><div class=\"vc_column-inner\"><div class=\"wpb_wrapper\"><div class=\"w-actionbox color_primary controls_right\"><div class=\"w-actionbox-text\"><h2 class=\"w-actionbox-title\">Te\u0161\u00edme sa na va\u0161e ot\u00e1zky!<\/h2><\/div><div class=\"w-actionbox-controls\"><a class=\"w-btn us-btn-style_6 icon_atleft\" href=\"https:\/\/revierwelt.de\/index.php\/contact\/\" style=\"font-size:19px;\"><i class=\"fas fa-envelope\"><\/i><span class=\"w-btn-label\">Kontaktujte n\u00e1s<\/span><\/a><\/div><\/div><\/div><\/div><\/div><\/div><\/div><\/section>\n","protected":false},"excerpt":{"rendered":"REVIERWELT. Pre firmy. Integr\u00e1cia va\u0161ej spolo\u010dnosti ako pr\u00e9miov\u00e9ho partnera spolo\u010dnosti Revierwelt. Prezent\u00e1cia va\u0161ej spolo\u010dnostiS obchodnou str\u00e1nkou Revierwelt a odkazom v oblasti Premium Partner m\u00f4\u017eete r\u00fdchlo a jednoducho oslovi\u0165 svoju cie\u013eov\u00fa skupinu. Ke\u010f si objedn\u00e1te n\u00e1\u0161 12-mesa\u010dn\u00fd bal\u00edk, vytvor\u00edme pre v\u00e1s aj logo ako odkaz v pr\u00e9miovej partnerskej oblasti , vytvor\u00edme aj Obchodn\u00e1 str\u00e1nka Revierwelt na...","protected":false},"author":1,"featured_media":0,"parent":0,"menu_order":0,"comment_status":"closed","ping_status":"closed","template":"","meta":{"footnotes":""},"class_list":["post-40896","page","type-page","status-publish","hentry"],"_links":{"self":[{"href":"https:\/\/revierwelt.de\/index.php\/wp-json\/wp\/v2\/pages\/40896","targetHints":{"allow":["GET"]}}],"collection":[{"href":"https:\/\/revierwelt.de\/index.php\/wp-json\/wp\/v2\/pages"}],"about":[{"href":"https:\/\/revierwelt.de\/index.php\/wp-json\/wp\/v2\/types\/page"}],"author":[{"embeddable":true,"href":"https:\/\/revierwelt.de\/index.php\/wp-json\/wp\/v2\/users\/1"}],"replies":[{"embeddable":true,"href":"https:\/\/revierwelt.de\/index.php\/wp-json\/wp\/v2\/comments?post=40896"}],"version-history":[{"count":0,"href":"https:\/\/revierwelt.de\/index.php\/wp-json\/wp\/v2\/pages\/40896\/revisions"}],"wp:attachment":[{"href":"https:\/\/revierwelt.de\/index.php\/wp-json\/wp\/v2\/media?parent=40896"}],"curies":[{"name":"wp","href":"https:\/\/api.w.org\/{rel}","templated":true}]}}