{"id":40950,"date":"2025-02-25T12:04:38","date_gmt":"2025-02-25T11:04:38","guid":{"rendered":"https:\/\/revierwelt.de\/index.php\/fyrir-vidskipti\/"},"modified":"2025-02-25T12:04:48","modified_gmt":"2025-02-25T11:04:48","slug":"fyrir-vidskipti","status":"publish","type":"page","link":"https:\/\/revierwelt.de\/index.php\/fyrir-vidskipti\/?lang=is","title":{"rendered":"fyrir Vi\u00f0skipti"},"content":{"rendered":"<section class=\"l-section wpb_row height_medium color_alternate\" id=\"byrja\"><div class=\"l-section-h i-cf\"><div class=\"g-cols vc_row via_flex valign_top type_default stacking_default\"><div class=\"vc_col-sm-12 wpb_column vc_column_container\"><div class=\"vc_column-inner\"><div class=\"wpb_wrapper\"><div class=\"wpb_text_column\"><div class=\"wpb_wrapper\"><h2 style=\"text-align: center;\"><strong>REVIERWELT .<\/strong>  Fyrir Vi\u00f0skipti.<\/h2>\n<p style=\"text-align: center;\">Sam\u00fe\u00e6tting fyrirt\u00e6kis \u00fe\u00edns sem \u00farvalsf\u00e9lags Revierwelt.<\/p>\n<\/div><\/div><\/div><\/div><\/div><\/div><\/div><\/section><section class=\"l-section wpb_row height_auto width_full\"><div class=\"l-section-h i-cf\"><div class=\"g-cols vc_row via_flex valign_middle type_boxes stacking_default\"><div class=\"vc_col-sm-6 wpb_column vc_column_container has_bg_color us_animate_afl\"><div class=\"vc_column-inner us_custom_891d1146\"><div class=\"wpb_wrapper\"><div class=\"w-separator size_custom\" style=\"height:10px\"><\/div><\/div><\/div><\/div><div class=\"vc_col-sm-6 wpb_column vc_column_container us_animate_afr\"><div class=\"vc_column-inner\"><div class=\"wpb_wrapper\"><div class=\"w-iconbox iconpos_left style_default color_primary align_left no_text\"><div class=\"w-iconbox-icon\" style=\"font-size:;\"><i class=\"fas fa-desktop\"><\/i><\/div><div class=\"w-iconbox-meta\"><h2 class=\"w-iconbox-title\">kynningu fyrirt\u00e6kisins \u00fe\u00edns<\/h2><\/div><\/div><div class=\"w-separator size_small\"><\/div><div class=\"wpb_text_column\"><div class=\"wpb_wrapper\"><p><span class=\"TextRun SCXP191441430 BCX9\" lang=\"DE-DE\" data-usefontface=\"false\" data-contrast=\"none\" xml:lang=\"DE-DE\"><span class=\"NormalTextRun SCXP191441430 BCX9\">Me\u00f0 <strong>Revierwelt vi\u00f0skiptas\u00ed\u00f0u<\/strong> og <strong>kr\u00e6kju \u00e1 \u00farvals samstarfssv\u00e6\u00f0inu<\/strong> getur\u00f0u n\u00e1\u00f0 til markh\u00f3ps \u00fe\u00edns flj\u00f3tt og au\u00f0veldlega.  <\/span><\/span><\/p>\n<p><span class=\"EOP SCXP191441430 BCX9\"><span class=\"TextRun SCXP243796570 BCX9\" lang=\"DE-DE\" data-usefontface=\"false\" data-contrast=\"none\"><span class=\"NormalTextRun SCXP243796570 BCX9\">\u00deegar \u00fe\u00fa b\u00f3kar <strong>12 m\u00e1na\u00f0a pakkann okkar,<\/strong> auk \u00feess<\/span><\/span> <span class=\"TextRun SCXP243796570 BCX9\" lang=\"DE-DE\" data-usefontface=\"false\" data-contrast=\"none\"><span class=\"NormalTextRun SCXP243796570 BCX9\">a\u00f0 s\u00fdna l\u00f3g\u00f3i\u00f0 sem <strong>hlekk \u00e1 \u00farvals samstarfsa\u00f0ilasv\u00e6\u00f0inu,<\/strong> munum vi\u00f0 einnig b\u00faa til<\/span><\/span> <span class=\"TextRun SCXP243796570 BCX9\" lang=\"DE-DE\" xml:lang=\"DE-DE\" data-usefontface=\"false\" data-contrast=\"none\"><span class=\"NormalTextRun SCXP243796570 BCX9\">Revierwelt vi\u00f0skiptas\u00ed\u00f0a \u00e1 vettvangi okkar. Til   <\/span><\/span><span class=\"TextRun SCXP243796570 BCX9\" lang=\"DE-DE\" xml:lang=\"DE-DE\" data-usefontface=\"false\" data-contrast=\"none\"><span class=\"NormalTextRun SCXP243796570 BCX9\">Til a\u00f0 halda <strong>um\u00f6nnunar\u00e1taki<\/strong> fyrir \u00feig <strong>\u00ed l\u00e1gmarki<\/strong> , erum vi\u00f0 f\u00fas til a\u00f0 tengja \u00feig  <\/span><\/span><span class=\"TextRun SCXP243796570 BCX9\" lang=\"DE-DE\" xml:lang=\"DE-DE\" data-usefontface=\"false\" data-contrast=\"none\"><span class=\"NormalTextRun SCXP243796570 BCX9\">n\u00faverandi Facebook s\u00ed\u00f0u og endurheimta f\u00e6rslurnar \u00fe\u00ednar sj\u00e1lfkrafa. Vi\u00f0 getum l\u00edka b\u00fai\u00f0 til tengil \u00e1 YouTube r\u00e1sina \u00fe\u00edna. <\/span><\/span><\/span><\/p>\n<p><span class=\"EOP SCXP191441430 BCX9\"><span class=\"EOP SCXP243796570 BCX9\"><span class=\"TextRun SCXP191441430 BCX9\" lang=\"DE-DE\" data-usefontface=\"false\" data-contrast=\"none\"><span class=\"NormalTextRun SCXP191441430 BCX9\">Ef vi\u00f0skiptavinurinn smellir \u00e1 l\u00f3g\u00f3 samstarfsa\u00f0ila getur hann e\u00f0a h\u00fan fari\u00f0 \u00e1 <strong>Revierwelt vi\u00f0skiptas\u00ed\u00f0una<\/strong> \u00fe\u00edna<\/span><\/span> <span class=\"TextRun SCXP191441430 BCX9\" lang=\"DE-DE\" data-usefontface=\"false\" data-contrast=\"none\"><span class=\"NormalTextRun SCXP191441430 BCX9\">e\u00f0a \u00fe\u00edna <strong>eigin vefs\u00ed\u00f0u<\/strong> me\u00f0 einum smelli.<\/span><\/span><\/span><\/span><\/p>\n<\/div><\/div><div class=\"w-btn-wrapper align_right\"><a class=\"w-btn us-btn-style_5 icon_atleft\" title=\"f\u00e9lagi\" href=\"https:\/\/revierwelt.de\/index.php\/partner\/\"><i class=\"fas fa-arrow-right\"><\/i><span class=\"w-btn-label\">Til samstarfsa\u00f0ila okkar<\/span><\/a><\/div><\/div><\/div><\/div><\/div><\/div><\/section><section class=\"l-section wpb_row height_auto width_full\"><div class=\"l-section-h i-cf\"><div class=\"g-cols vc_row via_flex valign_middle type_boxes stacking_default\"><div class=\"vc_col-sm-6 wpb_column vc_column_container us_animate_afl\"><div class=\"vc_column-inner\"><div class=\"wpb_wrapper\"><div class=\"w-iconbox iconpos_left style_default color_primary align_left no_text\"><div class=\"w-iconbox-icon\" style=\"font-size:;\"><i class=\"fas fa-user-plus\"><\/i><\/div><div class=\"w-iconbox-meta\"><h2 class=\"w-iconbox-title\">Meira samskipti vi\u00f0 vi\u00f0skiptavini<\/h2><\/div><\/div><div class=\"w-separator size_small\"><\/div><div class=\"wpb_text_column\"><div class=\"wpb_wrapper\"><p><span class=\"TextRun BCX9 SCXP55273671\" lang=\"DE-DE\" data-usefontface=\"false\" data-contrast=\"none\"><span class=\"NormalTextRun BCX9 SCXP55273671\">Notendur sem f\u00e1 a\u00f0gang a\u00f0 <strong>Revierwelt<\/strong> vi\u00f0skiptas\u00ed\u00f0unni \u00feinni<\/span><\/span> <strong><span class=\"TextRun BCX9 SCXP55273671\" lang=\"DE-DE\" data-usefontface=\"true\" data-contrast=\"none\"><span class=\"NormalTextRun BCX9 SCXP55273671\">munu<\/span><\/span><\/strong> <span class=\"TextRun BCX9 SCXP55273671\" lang=\"DE-DE\" data-usefontface=\"false\" data-contrast=\"none\"><span class=\"NormalTextRun BCX9 SCXP55273671\"><strong>einnig<\/strong><\/span><\/span> <span class=\"TextRun BCX9 SCXP55273671\" lang=\"DE-DE\" data-usefontface=\"false\" data-contrast=\"none\"><span class=\"NormalTextRun BCX9 SCXP55273671\">hafa t\u00e6kif\u00e6ri til a\u00f0 l\u00edka vi\u00f0 fyrirt\u00e6ki\u00f0 \u00feitt me\u00f0 <strong>Waidmanns-like<\/strong><\/span><\/span> <span class=\"TextRun BCX9 SCXP55273671\" lang=\"DE-DE\" data-usefontface=\"false\" data-contrast=\"none\" xml:lang=\"DE-DE\"><span class=\"NormalTextRun BCX9 SCXP55273671\">til a\u00f0 merkja og gerast \u00e1skrifandi a\u00f0 \u00feeim. L\u00edka l\u00edka   <\/span><\/span><span class=\"TextRun BCX9 SCXP55273671\" lang=\"DE-DE\" data-usefontface=\"false\" data-contrast=\"none\"><span class=\"NormalTextRun BCX9 SCXP55273671\">Facebook \u2013 me\u00f0 \u00feeim kostum a\u00f0 vettvangurinn okkar<\/span><\/span> <span class=\"TextRun BCX9 SCXP55273671\" lang=\"DE-DE\" data-usefontface=\"false\" data-contrast=\"none\"><span class=\"NormalTextRun BCX9 SCXP55273671\">er n\u00e1nast eing\u00f6ngu nota\u00f0ur af vei\u00f0im\u00f6nnum.<\/span><\/span> <\/p>\n<p><span class=\"TextRun BCX9 SCXP219463379\" lang=\"DE-DE\" data-usefontface=\"false\" data-contrast=\"none\"><span class=\"NormalTextRun BCX9 SCXP219463379\">Me\u00f0 \u00fev\u00ed <strong>a\u00f0 gerast \u00e1skrifandi a\u00f0<\/strong> s\u00ed\u00f0u f\u00e6r vi\u00f0skiptavinurinn f\u00e6rslurnar \u00fe\u00ednar beint<\/span><\/span> <span class=\"TextRun BCX9 SCXP219463379\" lang=\"DE-DE\" data-usefontface=\"false\" data-contrast=\"none\"><span class=\"NormalTextRun BCX9 SCXP219463379\">sem <strong>\u00fdttu tilkynningu<\/strong> \u00ed Revierwelt appinu og finnur \u00fe\u00e6r um lei\u00f0<\/span><\/span> <span class=\"TextRun BCX9 SCXP219463379\" lang=\"DE-DE\" data-usefontface=\"false\" data-contrast=\"none\"><span class=\"NormalTextRun BCX9 SCXP219463379\">\u00ed s\u00ednu pers\u00f3nulega fr\u00e9ttastraumi.<\/span><\/span><\/p>\n<\/div><\/div><div class=\"w-btn-wrapper align_none\"><a class=\"w-btn us-btn-style_5 icon_atleft\" title=\"f\u00e9lagi\" href=\"https:\/\/social.revierwelt.de\/?deutscherjagdverbande.v.\"><i class=\"fas fa-arrow-right\"><\/i><span class=\"w-btn-label\">Opna\u00f0u d\u00e6mis\u00ed\u00f0u<\/span><\/a><\/div><\/div><\/div><\/div><div class=\"vc_col-sm-6 wpb_column vc_column_container has_bg_color us_animate_afr\"><div class=\"vc_column-inner us_custom_a23e117a\"><div class=\"wpb_wrapper\"><div class=\"w-separator blank-column size_custom\" style=\"height:10px\"><\/div><\/div><\/div><\/div><\/div><\/div><\/section><section class=\"l-section wpb_row height_auto width_full\"><div class=\"l-section-h i-cf\"><div class=\"g-cols vc_row via_flex valign_middle type_boxes stacking_default\"><div class=\"vc_col-sm-6 vc_hidden-sm vc_hidden-xs wpb_column vc_column_container has_bg_color us_animate_afl\"><div class=\"vc_column-inner us_custom_fdf8dd04\"><div class=\"wpb_wrapper\"><div class=\"w-separator blank-column size_custom\" style=\"height:10px\"><\/div><\/div><\/div><\/div><div class=\"vc_col-sm-6 wpb_column vc_column_container us_animate_afr\"><div class=\"vc_column-inner\"><div class=\"wpb_wrapper\"><div class=\"w-iconbox iconpos_left style_default color_primary align_left no_text\"><div class=\"w-iconbox-icon\" style=\"font-size:;\"><i class=\"fas fa-chart-pie\"><\/i><\/div><div class=\"w-iconbox-meta\"><h2 class=\"w-iconbox-title\">A\u00f0 skilja markh\u00f3pa<\/h2><\/div><\/div><div class=\"w-separator size_small\"><\/div><div class=\"wpb_text_column\"><div class=\"wpb_wrapper\"><p><span class=\"TextRun SCXP15029903 BCX9\" lang=\"DE-DE\" data-usefontface=\"false\" data-contrast=\"none\"><span class=\"NormalTextRun SCXP15029903 BCX9\">\u00c1 seinni hluta \u00e1rsins f\u00e6r\u00f0u sem fyrirt\u00e6ki<\/span><\/span> <strong><span class=\"TextRun SCXP15029903 BCX9\" lang=\"DE-DE\" data-usefontface=\"false\" data-contrast=\"none\"><span class=\"SpellingError SCXP15029903 BCX9\">inns\u00fdn<\/span><\/span><\/strong><span class=\"TextRun SCXP15029903 BCX9\" lang=\"DE-DE\" data-usefontface=\"false\" data-contrast=\"none\" xml:lang=\"DE-DE\"><span class=\"NormalTextRun SCXP15029903 BCX9\">  inns\u00fdn \u00ed notkunarheg\u00f0un Revierwelt vi\u00f0skiptas\u00ed\u00f0unnar \u00feinnar \u00ed framt\u00ed\u00f0inni. Inns\u00fdn gefur \u00fe\u00e9r ekki a\u00f0eins d\u00fdrm\u00e6tar v\u00edsbendingar um hver markh\u00f3purinn \u00feinn er, heldur hj\u00e1lpar \u00fe\u00e9r einnig a\u00f0 skilja hva\u00f0 markh\u00f3purinn \u00feinn vill. <\/span><\/span><\/p>\n<p><strong><span class=\"TextRun SCXP15029903 BCX9\" lang=\"DE-DE\" data-usefontface=\"false\" data-contrast=\"none\"><span class=\"SpellingError SCXP15029903 BCX9\">Samf\u00e9lagsleg<\/span><\/span><\/strong> vi\u00f0b\u00e6tur <span class=\"TextRun SCXP15029903 BCX9\" lang=\"DE-DE\" data-usefontface=\"false\" data-contrast=\"none\"><span class=\"NormalTextRun SCXP15029903 BCX9\">eru einnig<\/span><\/span> <span class=\"TextRun SCXP15029903 BCX9\" lang=\"DE-DE\" data-usefontface=\"false\" data-contrast=\"none\"><span class=\"NormalTextRun SCXP15029903 BCX9\">\u00ed<\/span><\/span> undirb\u00faningi <span class=\"TextRun SCXP15029903 BCX9\" lang=\"DE-DE\" data-usefontface=\"false\" data-contrast=\"none\"><span class=\"NormalTextRun SCXP15029903 BCX9\"><strong>sem<\/strong> munu gera notendum kleift a\u00f0 eiga samskipti<\/span><\/span> <span class=\"TextRun SCXP15029903 BCX9\" lang=\"DE-DE\" data-usefontface=\"false\" data-contrast=\"none\"><span class=\"NormalTextRun SCXP15029903 BCX9\">\u00e1 milli kerfa og leggja \u00feannig mikilv\u00e6gt framlag til a\u00f0 skilja markh\u00f3pinn <span class=\"EOP SCXP15029903 BCX9\">.<\/span><\/span><\/span><\/p>\n<\/div><\/div><\/div><\/div><\/div><\/div><\/div><\/section><section class=\"l-section wpb_row height_auto width_full color_alternate\"><div class=\"l-section-h i-cf\"><div class=\"g-cols vc_row via_flex valign_middle type_boxes stacking_default\"><div class=\"vc_col-sm-12 wpb_column vc_column_container us_animate_afl\"><div class=\"vc_column-inner\"><div class=\"wpb_wrapper\"><div class=\"wpb_text_column\"><div class=\"wpb_wrapper\"><h2 style=\"text-align: center;\"><strong>Kynntu \u00fe\u00e9r m\u00e1li\u00f0 \u00ed REVIERWELT myndbandinu.<\/strong><\/h2>\n<p style=\"text-align: center;\">Vi\u00f0 gefum \u00fe\u00e9r yfirlit yfir \u00f3takmarka\u00f0a m\u00f6guleika REVIERWELT .<\/p>\n<\/div><\/div><\/div><\/div><\/div><\/div><\/div><\/section><section class=\"l-section wpb_row height_auto\"><div class=\"l-section-h i-cf\"><div class=\"g-cols vc_row via_flex valign_middle type_boxes stacking_default\"><div class=\"vc_col-sm-12 wpb_column vc_column_container us_animate_afl\"><div class=\"vc_column-inner\"><div class=\"wpb_wrapper\"><div class=\"w-video align_center ratio_16x9 has_iframe\"><div class=\"w-video-h\"><iframe title=\"Youtube video player\" src=\"\/\/www.youtube.com\/embed\/6asE877gISM?autoplay=0&controls=1&origin=https:\/\/revierwelt.de&loop=0&mute=0\" allowfullscreen=\"1\" loading=\"lazy\"><\/iframe><\/div><div class=\"w-video-icon\" style=\"font-size:1.5rem;background:rgba(0,0,0,0.5);color:#fff\"><\/div><\/div><\/div><\/div><\/div><\/div><\/div><\/section><section class=\"l-section wpb_row height_auto color_alternate\"><div class=\"l-section-h i-cf\"><div class=\"g-cols vc_row via_flex valign_middle type_boxes stacking_default\"><div class=\"vc_col-sm-12 wpb_column vc_column_container us_animate_afl\"><div class=\"vc_column-inner\"><div class=\"wpb_wrapper\"><div class=\"wpb_text_column\"><div class=\"wpb_wrapper\"><h4 style=\"text-align: center;\"><span class=\"TextRun BCX9 SCXP126005858\" lang=\"DE-DE\" data-usefontface=\"false\" data-contrast=\"none\"><span class=\"NormalTextRun BCX9 SCXP126005858\">Okkur \u00fe\u00e6tti v\u00e6nt um ef \u00e1hugi \u00feinn \u00e1<\/span><\/span> vi\u00f0veru <span class=\"TextRun BCX9 SCXP126005858\" lang=\"DE-DE\" data-usefontface=\"false\" data-contrast=\"none\"><span class=\"NormalTextRun BCX9 SCXP126005858\">REVIERWELT<\/span><\/span> <span class=\"TextRun BCX9 SCXP126005858\" lang=\"DE-DE\" data-usefontface=\"false\" data-contrast=\"none\"><span class=\"SpellingError BCX9 SCXP126005858\">samf\u00e9lagsmi\u00f0la<\/span> <span class=\"NormalTextRun BCX9 SCXP126005858\">leiddi til langt\u00edmasamstarfs <span class=\"EOP BCX9 SCXP126005858\">.<\/span><\/span><\/span><\/h4>\n<\/div><\/div><\/div><\/div><\/div><\/div><\/div><\/section><section class=\"l-section wpb_row height_medium color_primary\"><div class=\"l-section-h i-cf\"><div class=\"g-cols vc_row via_flex valign_top type_default stacking_default\"><div class=\"vc_col-sm-12 wpb_column vc_column_container us_animate_afb\"><div class=\"vc_column-inner\"><div class=\"wpb_wrapper\"><div class=\"w-actionbox color_primary controls_right\"><div class=\"w-actionbox-text\"><h2 class=\"w-actionbox-title\">Vi\u00f0 hl\u00f6kkum til fyrirspurnar \u00feinnar!<\/h2><\/div><div class=\"w-actionbox-controls\"><a class=\"w-btn us-btn-style_6 icon_atleft\" href=\"https:\/\/revierwelt.de\/index.php\/contact\/\" style=\"font-size:19px;\"><i class=\"fas fa-envelope\"><\/i><span class=\"w-btn-label\">hafa samband<\/span><\/a><\/div><\/div><\/div><\/div><\/div><\/div><\/div><\/section>\n","protected":false},"excerpt":{"rendered":"REVIERWELT . Fyrir Vi\u00f0skipti. Sam\u00fe\u00e6tting fyrirt\u00e6kis \u00fe\u00edns sem \u00farvalsf\u00e9lags Revierwelt. kynningu fyrirt\u00e6kisins \u00fe\u00ednsMe\u00f0 Revierwelt vi\u00f0skiptas\u00ed\u00f0u og kr\u00e6kju \u00e1 \u00farvals samstarfssv\u00e6\u00f0inu getur\u00f0u n\u00e1\u00f0 til markh\u00f3ps \u00fe\u00edns flj\u00f3tt og au\u00f0veldlega. \u00deegar \u00fe\u00fa b\u00f3kar 12 m\u00e1na\u00f0a pakkann okkar, auk \u00feess a\u00f0 s\u00fdna l\u00f3g\u00f3i\u00f0 sem hlekk \u00e1 \u00farvals samstarfsa\u00f0ilasv\u00e6\u00f0inu, munum vi\u00f0 einnig b\u00faa til Revierwelt vi\u00f0skiptas\u00ed\u00f0a \u00e1 vettvangi okkar....","protected":false},"author":1,"featured_media":0,"parent":0,"menu_order":0,"comment_status":"closed","ping_status":"closed","template":"","meta":{"footnotes":""},"class_list":["post-40950","page","type-page","status-publish","hentry"],"_links":{"self":[{"href":"https:\/\/revierwelt.de\/index.php\/wp-json\/wp\/v2\/pages\/40950","targetHints":{"allow":["GET"]}}],"collection":[{"href":"https:\/\/revierwelt.de\/index.php\/wp-json\/wp\/v2\/pages"}],"about":[{"href":"https:\/\/revierwelt.de\/index.php\/wp-json\/wp\/v2\/types\/page"}],"author":[{"embeddable":true,"href":"https:\/\/revierwelt.de\/index.php\/wp-json\/wp\/v2\/users\/1"}],"replies":[{"embeddable":true,"href":"https:\/\/revierwelt.de\/index.php\/wp-json\/wp\/v2\/comments?post=40950"}],"version-history":[{"count":0,"href":"https:\/\/revierwelt.de\/index.php\/wp-json\/wp\/v2\/pages\/40950\/revisions"}],"wp:attachment":[{"href":"https:\/\/revierwelt.de\/index.php\/wp-json\/wp\/v2\/media?parent=40950"}],"curies":[{"name":"wp","href":"https:\/\/api.w.org\/{rel}","templated":true}]}}