{"id":41027,"date":"2025-02-25T12:06:52","date_gmt":"2025-02-25T11:06:52","guid":{"rendered":"https:\/\/revierwelt.de\/index.php\/avbokning-av-nyhetsbrev\/"},"modified":"2025-02-25T12:07:01","modified_gmt":"2025-02-25T11:07:01","slug":"avbokning-av-nyhetsbrev","status":"publish","type":"page","link":"https:\/\/revierwelt.de\/index.php\/avbokning-av-nyhetsbrev\/?lang=sv","title":{"rendered":"Avbokning av nyhetsbrev"},"content":{"rendered":"<section class=\"l-section wpb_row height_medium\"><div class=\"l-section-h i-cf\"><div class=\"g-cols vc_row via_flex valign_top type_default stacking_default\"><div class=\"vc_col-sm-12 wpb_column vc_column_container\"><div class=\"vc_column-inner\"><div class=\"wpb_wrapper\"><div class=\"wpb_text_column\"><div class=\"wpb_wrapper\"><p>Du har lyckats avregistrera dig fr\u00e5n nyhetsbrevet.<\/p>\n<p> Du kommer inte l\u00e4ngre att f\u00e5 nyhetsbrevet via e-post.<\/p>\n<\/div><\/div><\/div><\/div><\/div><\/div><\/div><\/section>\n","protected":false},"excerpt":{"rendered":"Du har lyckats avregistrera dig fr\u00e5n nyhetsbrevet. Du kommer inte l\u00e4ngre att f\u00e5 nyhetsbrevet via e-post.","protected":false},"author":1,"featured_media":0,"parent":0,"menu_order":0,"comment_status":"closed","ping_status":"closed","template":"","meta":{"footnotes":""},"class_list":["post-41027","page","type-page","status-publish","hentry"],"_links":{"self":[{"href":"https:\/\/revierwelt.de\/index.php\/wp-json\/wp\/v2\/pages\/41027","targetHints":{"allow":["GET"]}}],"collection":[{"href":"https:\/\/revierwelt.de\/index.php\/wp-json\/wp\/v2\/pages"}],"about":[{"href":"https:\/\/revierwelt.de\/index.php\/wp-json\/wp\/v2\/types\/page"}],"author":[{"embeddable":true,"href":"https:\/\/revierwelt.de\/index.php\/wp-json\/wp\/v2\/users\/1"}],"replies":[{"embeddable":true,"href":"https:\/\/revierwelt.de\/index.php\/wp-json\/wp\/v2\/comments?post=41027"}],"version-history":[{"count":0,"href":"https:\/\/revierwelt.de\/index.php\/wp-json\/wp\/v2\/pages\/41027\/revisions"}],"wp:attachment":[{"href":"https:\/\/revierwelt.de\/index.php\/wp-json\/wp\/v2\/media?parent=41027"}],"curies":[{"name":"wp","href":"https:\/\/api.w.org\/{rel}","templated":true}]}}