{"id":41031,"date":"2025-02-25T12:06:54","date_gmt":"2025-02-25T11:06:54","guid":{"rendered":"https:\/\/revierwelt.de\/index.php\/cancelacion-del-boletin\/"},"modified":"2025-02-25T12:07:01","modified_gmt":"2025-02-25T11:07:01","slug":"cancelacion-del-boletin","status":"publish","type":"page","link":"https:\/\/revierwelt.de\/index.php\/cancelacion-del-boletin\/?lang=es","title":{"rendered":"Cancelaci\u00f3n del bolet\u00edn"},"content":{"rendered":"<section class=\"l-section wpb_row height_medium\"><div class=\"l-section-h i-cf\"><div class=\"g-cols vc_row via_flex valign_top type_default stacking_default\"><div class=\"vc_col-sm-12 wpb_column vc_column_container\"><div class=\"vc_column-inner\"><div class=\"wpb_wrapper\"><div class=\"wpb_text_column\"><div class=\"wpb_wrapper\"><p>Te has dado de baja correctamente del bolet\u00edn.<\/p>\n<p> Dejar\u00e1s de recibir el bolet\u00edn por correo electr\u00f3nico.<\/p>\n<\/div><\/div><\/div><\/div><\/div><\/div><\/div><\/section>\n","protected":false},"excerpt":{"rendered":"Te has dado de baja correctamente del bolet\u00edn. Dejar\u00e1s de recibir el bolet\u00edn por correo electr\u00f3nico.","protected":false},"author":1,"featured_media":0,"parent":0,"menu_order":0,"comment_status":"closed","ping_status":"closed","template":"","meta":{"footnotes":""},"class_list":["post-41031","page","type-page","status-publish","hentry"],"_links":{"self":[{"href":"https:\/\/revierwelt.de\/index.php\/wp-json\/wp\/v2\/pages\/41031","targetHints":{"allow":["GET"]}}],"collection":[{"href":"https:\/\/revierwelt.de\/index.php\/wp-json\/wp\/v2\/pages"}],"about":[{"href":"https:\/\/revierwelt.de\/index.php\/wp-json\/wp\/v2\/types\/page"}],"author":[{"embeddable":true,"href":"https:\/\/revierwelt.de\/index.php\/wp-json\/wp\/v2\/users\/1"}],"replies":[{"embeddable":true,"href":"https:\/\/revierwelt.de\/index.php\/wp-json\/wp\/v2\/comments?post=41031"}],"version-history":[{"count":0,"href":"https:\/\/revierwelt.de\/index.php\/wp-json\/wp\/v2\/pages\/41031\/revisions"}],"wp:attachment":[{"href":"https:\/\/revierwelt.de\/index.php\/wp-json\/wp\/v2\/media?parent=41031"}],"curies":[{"name":"wp","href":"https:\/\/api.w.org\/{rel}","templated":true}]}}