{"id":41127,"date":"2025-02-25T12:08:49","date_gmt":"2025-02-25T11:08:49","guid":{"rendered":"https:\/\/revierwelt.de\/index.php\/eu-foersaekran-om-oeverensstaemmelse-foer-de-produkter-som-erbjuds\/"},"modified":"2025-02-25T12:09:00","modified_gmt":"2025-02-25T11:09:00","slug":"eu-foersaekran-om-oeverensstaemmelse-foer-de-produkter-som-erbjuds","status":"publish","type":"page","link":"https:\/\/revierwelt.de\/index.php\/eu-foersaekran-om-oeverensstaemmelse-foer-de-produkter-som-erbjuds\/?lang=sv","title":{"rendered":"EU-f\u00f6rs\u00e4kran om \u00f6verensst\u00e4mmelse f\u00f6r de produkter som erbjuds"},"content":{"rendered":"<section class=\"l-section wpb_row height_medium color_alternate\" id=\"starta\"><div class=\"l-section-h i-cf\"><div class=\"g-cols vc_row via_flex valign_top type_default stacking_default\"><div class=\"vc_col-sm-12 wpb_column vc_column_container\"><div class=\"vc_column-inner\"><div class=\"wpb_wrapper\"><div class=\"wpb_text_column\"><div class=\"wpb_wrapper\"><h2 style=\"text-align: center;\"><strong>REVIERWELT.<\/strong>  Information och f\u00f6rs\u00e4kran om \u00f6verensst\u00e4mmelse.<\/h2>\n<\/div><\/div><\/div><\/div><\/div><\/div><\/div><\/section><section class=\"l-section wpb_row height_medium\"><div class=\"l-section-h i-cf\"><div class=\"g-cols vc_row via_flex valign_top type_default stacking_default\"><div class=\"vc_col-sm-12 wpb_column vc_column_container\"><div class=\"vc_column-inner\"><div class=\"wpb_wrapper\"><div class=\"wpb_text_column\"><div class=\"wpb_wrapper\"><p>Revierwelt arbetar tillsammans med olika tillverkare f\u00f6r att erbjuda produkter och tj\u00e4nster. P\u00e5 denna sida hittar du de n\u00f6dv\u00e4ndiga EU-f\u00f6rs\u00e4kran om \u00f6verensst\u00e4mmelse och certifikat f\u00f6r de produkter som erbjuds. <\/p>\n<p><strong>REVIERWELT LTE Cam plus<\/strong><\/p>\n<ul>\n<li><a href=\"https:\/\/revierwelt.de\/wp-content\/uploads\/2023\/09\/CE_Konformitaetserklaerung_Kamera_Revierwelt_LTE_Cam_plus.pdf\" target=\"_blank\" rel=\"noopener\">EU-f\u00f6rs\u00e4kran om \u00f6verensst\u00e4mmelse<\/a><\/li>\n<\/ul>\n<p><strong>REVIERWELT LTE-sp\u00e5rare<\/strong><\/p>\n<ul>\n<li><a href=\"https:\/\/revierwelt.de\/wp-content\/uploads\/2022\/07\/ce_konformitaetserklaerung_revierwelt_lte_tracker_s1.pdf\" target=\"_blank\" rel=\"noopener\">EU-f\u00f6rs\u00e4kran om \u00f6verensst\u00e4mmelse<\/a><\/li>\n<\/ul>\n<p><strong>REVIERWELT Trapmaster \/ Boarmaster<\/strong><\/p>\n<ul>\n<li><a href=\"https:\/\/revierwelt.de\/wp-content\/uploads\/2022\/07\/2016_04_14_konformitaet_epv.pdf\" target=\"_blank\" rel=\"noopener\">EU-f\u00f6rs\u00e4kran om \u00f6verensst\u00e4mmelse<\/a><\/li>\n<\/ul>\n<p><strong>REVIERWELT Solpanel f\u00f6r LTE Cam Plus<\/strong><\/p>\n<ul>\n<li><a href=\"https:\/\/revierwelt.de\/wp-content\/uploads\/2023\/09\/CE_Konformitaetserklaerung_SolarPanel_LTE_CAM_Plus.pdf\" target=\"_blank\" rel=\"noopener\">EU-f\u00f6rs\u00e4kran om \u00f6verensst\u00e4mmelse<\/a><\/li>\n<\/ul>\n<\/div><\/div><\/div><\/div><\/div><\/div><\/div><\/section><section class=\"l-section wpb_row height_medium color_primary\"><div class=\"l-section-h i-cf\"><div class=\"g-cols vc_row via_flex valign_top type_default stacking_default\"><div class=\"vc_col-sm-12 wpb_column vc_column_container us_animate_afb\"><div class=\"vc_column-inner\"><div class=\"wpb_wrapper\"><div class=\"w-actionbox color_primary controls_right\"><div class=\"w-actionbox-text\"><h2 class=\"w-actionbox-title\">\u00d6vertyga dig sj\u00e4lv om Revierwelt!<\/h2><\/div><div class=\"w-actionbox-controls\"><a class=\"w-btn us-btn-style_6 icon_atleft\" href=\"https:\/\/portal.revierwelt.de\/\" style=\"font-size:19px;\"><i class=\"fas fa-user-plus\"><\/i><span class=\"w-btn-label\">Registrera dig nu!<\/span><\/a><\/div><\/div><\/div><\/div><\/div><\/div><\/div><\/section>\n","protected":false},"excerpt":{"rendered":"REVIERWELT. Information och f\u00f6rs\u00e4kran om \u00f6verensst\u00e4mmelse. Revierwelt arbetar tillsammans med olika tillverkare f\u00f6r att erbjuda produkter och tj\u00e4nster. P\u00e5 denna sida hittar du de n\u00f6dv\u00e4ndiga EU-f\u00f6rs\u00e4kran om \u00f6verensst\u00e4mmelse och certifikat f\u00f6r de produkter som erbjuds. REVIERWELT LTE Cam plus EU-f\u00f6rs\u00e4kran om \u00f6verensst\u00e4mmelse REVIERWELT LTE-sp\u00e5rare EU-f\u00f6rs\u00e4kran om \u00f6verensst\u00e4mmelse REVIERWELT Trapmaster \/ Boarmaster EU-f\u00f6rs\u00e4kran om \u00f6verensst\u00e4mmelse REVIERWELT...","protected":false},"author":1,"featured_media":0,"parent":0,"menu_order":0,"comment_status":"closed","ping_status":"closed","template":"","meta":{"footnotes":""},"class_list":["post-41127","page","type-page","status-publish","hentry"],"_links":{"self":[{"href":"https:\/\/revierwelt.de\/index.php\/wp-json\/wp\/v2\/pages\/41127","targetHints":{"allow":["GET"]}}],"collection":[{"href":"https:\/\/revierwelt.de\/index.php\/wp-json\/wp\/v2\/pages"}],"about":[{"href":"https:\/\/revierwelt.de\/index.php\/wp-json\/wp\/v2\/types\/page"}],"author":[{"embeddable":true,"href":"https:\/\/revierwelt.de\/index.php\/wp-json\/wp\/v2\/users\/1"}],"replies":[{"embeddable":true,"href":"https:\/\/revierwelt.de\/index.php\/wp-json\/wp\/v2\/comments?post=41127"}],"version-history":[{"count":0,"href":"https:\/\/revierwelt.de\/index.php\/wp-json\/wp\/v2\/pages\/41127\/revisions"}],"wp:attachment":[{"href":"https:\/\/revierwelt.de\/index.php\/wp-json\/wp\/v2\/media?parent=41127"}],"curies":[{"name":"wp","href":"https:\/\/api.w.org\/{rel}","templated":true}]}}