{"id":42709,"date":"2025-02-25T14:31:22","date_gmt":"2025-02-25T13:31:22","guid":{"rendered":"https:\/\/revierwelt.de\/index.php\/ghall-kaccatur\/"},"modified":"2025-02-25T14:31:29","modified_gmt":"2025-02-25T13:31:29","slug":"ghall-kaccatur","status":"publish","type":"page","link":"https:\/\/revierwelt.de\/index.php\/ghall-kaccatur\/?lang=mt","title":{"rendered":"g\u0127all-ka\u010b\u010batur"},"content":{"rendered":"<section class=\"l-section wpb_row height_medium color_alternate\" id=\"tibda\"><div class=\"l-section-h i-cf\"><div class=\"g-cols vc_row via_flex valign_top type_default stacking_default\"><div class=\"vc_col-sm-12 wpb_column vc_column_container\"><div class=\"vc_column-inner\"><div class=\"wpb_wrapper\"><div class=\"wpb_text_column\"><div class=\"wpb_wrapper\"><h2 style=\"text-align: center;\"><strong>REVIERWELT .<\/strong>  Wie\u0127ed g\u0127al kul\u0127add.<\/h2>\n<\/div><\/div><\/div><\/div><\/div><\/div><\/div><\/section><section class=\"l-section wpb_row height_auto width_full\"><div class=\"l-section-h i-cf\"><div class=\"g-cols vc_row via_flex valign_middle type_boxes stacking_default\"><div class=\"vc_col-sm-6 wpb_column vc_column_container us_animate_afl\"><div class=\"vc_column-inner\"><div class=\"wpb_wrapper\"><div class=\"wpb_text_column\"><div class=\"wpb_wrapper\"><h3 class=\"p1\">G\u0127all-ka\u010b\u010batur.<\/h3>\n<p>Kemm jekk tmur g\u0127all-ka\u010b\u010ba kull tant \u017cmien, jekk ikollok permess tal-ka\u010b\u010ba jew tamministra \u017c-\u017cona tal-ka\u010b\u010ba tieg\u0127ek stess &#8211; Revierwelt joffri lil kull ka\u010b\u010batur e\u017cattament dak li g\u0127andu b\u017conn. Revierwelt jakkumpanjak matul il-ka\u010b\u010ba tieg\u0127ek ta&#8216; kuljum b&#8217;aktar minn 120 funzjoni differenti. Revierwelt jissimplifika l-\u0121estjoni ta\u017c-\u017cona kollha tal-ka\u010b\u010ba permezz ta\u2019 funzjonijiet so\u010bjali u innovattivi: Kemm jekk i\u017c\u017comm il-listi tal-binarji tieg\u0127ek, to\u0127loq evalwazzjonijiet, tirri\u017cerva stands, tikkummer\u010bjalizza log\u0127ba, issib klieb permezz tal-GPS, timmonitorja n-nases onlajn jew tikkonnettja kameras tal-log\u0127ob online: Revierwelt jista\u2019 jag\u0127mel dan kollu u \u0127afna aktar \u2013 f\u2019post wie\u0127ed!<\/p>\n<\/div><\/div><\/div><\/div><\/div><div class=\"vc_col-sm-6 vc_hidden-xs wpb_column vc_column_container has_bg_color us_animate_afr\"><div class=\"vc_column-inner us_custom_78a9ab54\"><div class=\"wpb_wrapper\"><div class=\"w-separator size_custom\" style=\"height:200px\"><\/div><\/div><\/div><\/div><\/div><\/div><\/section><section class=\"l-section wpb_row height_auto width_full\"><div class=\"l-section-h i-cf\"><div class=\"g-cols vc_row via_flex valign_middle type_boxes stacking_default\"><div class=\"vc_col-sm-6 wpb_column vc_column_container has_bg_color us_animate_afl\"><div class=\"vc_column-inner us_custom_09231a09\"><div class=\"wpb_wrapper\"><div class=\"w-separator size_custom\" style=\"height:200px\"><\/div><\/div><\/div><\/div><div class=\"vc_col-sm-6 wpb_column vc_column_container us_animate_afr\"><div class=\"vc_column-inner\"><div class=\"wpb_wrapper\"><div class=\"wpb_text_column\"><div class=\"wpb_wrapper\"><p>Tixtieq tirre\u0121istra l-esperjenzi u l-qtil tieg\u0127ek u g\u0127alhekk tu\u017ca l-post tal-ka\u010b\u010ba b\u0127ala djarju. Forsi qed tikka\u010b\u010ba wkoll b\u0127ala mistieden f&#8217;diversi \u017coni tal-ka\u010b\u010ba u trid tinnota l-fa\u010bilitajiet tal-\u0121ilda tal-ka\u010b\u010ba fi\u017c-\u017cona tal-ka\u010b\u010ba? G\u0127andek kelb u trid tkun taf fejn qieg\u0127ed il-\u0127in kollu? Int tikka\u010b\u010bja ma\u2019 diversi ka\u010b\u010baturi fl-in\u0127awi tieg\u0127ek u trid li kull ka\u010b\u010batur s\u0127abi jkun infurmat dwar l-attivitajiet kollha li qed isiru fl-in\u0127awi \u2013 min qieg\u0127ed bilqieg\u0127da fejn illum? Revierwelt ji\u017cgura s-sigurt\u00e0 me\u0127tie\u0121a fl-operazzjonijiet tal-ka\u010b\u010ba. Jew qabbad ma &#8218;utenti Revierwelt o\u0127ra b&#8217;mod mhux ikkumplikat. \u017bomm il-kuntatti tieg\u0127ek, skambja ideat.      <\/p>\n<p>Tista &#8218;fa\u010bilment tikseb dan kollu u \u0127afna aktar bir-Revierwelt. Fid-dar fuq il-kompjuter jew direttament fi\u017c-\u017cona tal-ka\u010b\u010ba bl-app Revierwelt. <\/p>\n<p>Revierwelt huwa softwer ibba\u017cat fuq server &#8211; g\u0127andek a\u010b\u010bess g\u0127ad-dejta tieg\u0127ek f&#8217;kull \u0127in u kullimkien. A\u0127na ni\u017cguraw u nipprote\u0121u d-dejta tieg\u0127ek skont l-og\u0127la standards ta\u2019 sigurt\u00e0 f\u2019\u010bentru tad-dejta \u0120ermani\u017c.<\/p>\n<\/div><\/div><\/div><\/div><\/div><\/div><\/div><\/section><section class=\"l-section wpb_row height_medium color_alternate\"><div class=\"l-section-h i-cf\"><div class=\"g-cols vc_row via_flex valign_top type_default stacking_default\"><div class=\"vc_col-sm-12 wpb_column vc_column_container\"><div class=\"vc_column-inner\"><div class=\"wpb_wrapper\"><div class=\"wpb_text_column\"><div class=\"wpb_wrapper\"><h2 style=\"text-align: center;\">Il-vanta\u0121\u0121i kollha f&#8217;daqqa t&#8217;g\u0127ajn<\/h2>\n<\/div><\/div><\/div><\/div><\/div><\/div><\/div><\/section><section class=\"l-section wpb_row height_medium\"><div class=\"l-section-h i-cf\"><div class=\"g-cols vc_row via_flex valign_top type_default stacking_default\"><div class=\"vc_col-sm-12 wpb_column vc_column_container\"><div class=\"vc_column-inner\"><div class=\"wpb_wrapper\"><div class=\"g-cols wpb_row via_flex valign_top type_default stacking_default\"><div class=\"vc_col-sm-4 wpb_column vc_column_container us_animate_afc\"><div class=\"vc_column-inner\"><div class=\"wpb_wrapper\"><div class=\"w-iconbox iconpos_top style_circle color_primary align_center\"><a href=\"https:\/\/revierwelt.de\/index.php\/portfolio\/\" class=\"w-iconbox-link\" aria-label=\"Sempli\u010bement. Li jinkludi kollox. \"><div class=\"w-iconbox-icon\" style=\"font-size:2rem;\"><i class=\"fas fa-check\"><\/i><\/div><\/a><div class=\"w-iconbox-meta\"><h4 class=\"w-iconbox-title\"><a href=\"https:\/\/revierwelt.de\/index.php\/portfolio\/\" class=\"w-iconbox-link\" aria-label=\"Sempli\u010bement. Li jinkludi kollox. \">Sempli\u010bement. Li jinkludi kollox. <\/a><\/h4><div class=\"w-iconbox-text\"><p>Revierwelt jirre\u0121istra u jikkoordina l-attivitajiet kollha tal-ka\u010b\u010ba f&#8217;post wie\u0127ed. Minn funzjonijiet sempli\u010bi b\u0127all-irrekordjar tar-rapporti tal-binarji g\u0127all-\u0127olqien tal-mappa ta\u017c-\u017cona tal-ka\u010b\u010ba, minn monitora\u0121\u0121 awtomatiku tan-nassa jew tracking tal-klieb bil-GPS g\u0127al ppjanar u e\u017cekuzzjoni kumplessa tal-ka\u010b\u010ba u kummer\u010bjalizzazzjoni tal-ka\u010b\u010ba, Revierwelt joffri dak kollu li g\u0127andek b\u017conn g\u0127all-ka\u010b\u010ba ta &#8218;kuljum &#8211; f&#8217;post wie\u0127ed!<\/p>\n<\/div><\/div><\/div><\/div><\/div><\/div><div class=\"vc_col-sm-4 wpb_column vc_column_container us_animate_afc\" style=\"animation-delay:0.2s\"><div class=\"vc_column-inner\"><div class=\"wpb_wrapper\"><div class=\"w-iconbox iconpos_top style_circle color_primary align_center\"><a href=\"https:\/\/revierwelt.de\/index.php\/portfolio\/\" class=\"w-iconbox-link\" aria-label=\"Sie\u0127eb affidabbli tieg\u0127ek.\"><div class=\"w-iconbox-icon\" style=\"font-size:2rem;\"><i class=\"fas fa-check\"><\/i><\/div><\/a><div class=\"w-iconbox-meta\"><h4 class=\"w-iconbox-title\"><a href=\"https:\/\/revierwelt.de\/index.php\/portfolio\/\" class=\"w-iconbox-link\" aria-label=\"Sie\u0127eb affidabbli tieg\u0127ek.\">Sie\u0127eb affidabbli tieg\u0127ek.<\/a><\/h4><div class=\"w-iconbox-text\"><p>Revierwelt huwa dejjem fuq in-na\u0127a tieg\u0127ek b&#8217;aktar minn 120 funzjoni. Irrispettivament minn fejn int: Il-membri kollha tad-distrett dejjem ikollhom id-distrett ta\u0127t kontroll. Tista &#8218;tikkontrolla kollox \u010bentralment f&#8217;post wie\u0127ed. L-apps Revierwelt kollha ja\u0127dmu 100% offline. Revierwelt i\u017comm il-ka\u010b\u010baturi kollha f&#8217;\u017cona tal-ka\u010b\u010ba jew madwar i\u017c-\u017coni tal-ka\u010b\u010ba a\u0121\u0121ornati.<\/p>\n<\/div><\/div><\/div><\/div><\/div><\/div><div class=\"vc_col-sm-4 wpb_column vc_column_container us_animate_afc\" style=\"animation-delay:0.4s\"><div class=\"vc_column-inner\"><div class=\"wpb_wrapper\"><div class=\"w-iconbox iconpos_top style_circle color_primary align_center\"><a href=\"https:\/\/revierwelt.de\/index.php\/portfolio\/\" class=\"w-iconbox-link\" aria-label=\"Dejjem a\u0121\u0121ornat.\"><div class=\"w-iconbox-icon\" style=\"font-size:2rem;\"><i class=\"fas fa-check\"><\/i><\/div><\/a><div class=\"w-iconbox-meta\"><h4 class=\"w-iconbox-title\"><a href=\"https:\/\/revierwelt.de\/index.php\/portfolio\/\" class=\"w-iconbox-link\" aria-label=\"Dejjem a\u0121\u0121ornat.\">Dejjem a\u0121\u0121ornat.<\/a><\/h4><div class=\"w-iconbox-text\"><p>Revierwelt ji\u017cgura s-sigurt\u00e0 fl-operazzjonijiet tal-ka\u010b\u010ba: Il-ka\u010b\u010baturi kollha f&#8217;\u017cona tal-ka\u010b\u010ba ji\u0121u notifikati awtomatikament b&#8217;attivitajiet \u0121odda. Minn attivitajiet sempli\u010bi, b\u0127all-\u0127olqien ta &#8218;ri\u017cerva ta&#8216; stand tal-ka\u010b\u010ba, g\u0127al kompiti kumplessi, b\u0127all-ippjanar jew it-twettiq ta &#8218;ka\u010b\u010ba misjuqa jew il-kummer\u010bjalizzazzjoni sussegwenti tal-ka\u010b\u010ba, Revierwelt ifassal il-kompiti kollha f&#8217;post wie\u0127ed.<\/p>\n<\/div><\/div><\/div><\/div><\/div><\/div><\/div><\/div><\/div><\/div><\/div><\/div><\/section><section class=\"l-section wpb_row height_medium color_alternate\"><div class=\"l-section-h i-cf\"><div class=\"g-cols vc_row via_flex valign_top type_default stacking_default\"><div class=\"vc_col-sm-12 wpb_column vc_column_container\"><div class=\"vc_column-inner\"><div class=\"wpb_wrapper\"><div class=\"wpb_text_column\"><div class=\"wpb_wrapper\"><h2 style=\"text-align: center;\"><strong>REVIERWELT .<\/strong>  Skopri.<\/h2>\n<\/div><\/div><\/div><\/div><\/div><\/div><\/div><\/section><section class=\"l-section wpb_row height_medium with_img parallax_ver\"><div class=\"l-section-img\" role=\"img\" data-img-width=\"1024\" data-img-height=\"683\" style=\"background-image: url(https:\/\/revierwelt.de\/wp-content\/uploads\/2018\/01\/170301-0001-2.jpg);\"><\/div><div class=\"l-section-overlay\" style=\"background:rgba(72,108,75,0.5)\"><\/div><div class=\"l-section-h i-cf\"><div class=\"g-cols vc_row via_flex valign_top type_default stacking_default\"><div class=\"vc_col-sm-12 wpb_column vc_column_container\"><div class=\"vc_column-inner\"><div class=\"wpb_wrapper\"><div class=\"w-grid type_grid layout_25853 cols_5 ratio_1x1\" id=\"us_grid_1\" style=\"--columns:5;--gap:2px;--item-ratio:1;\" data-filterable=\"true\"><style>@media (max-width:1380px){#us_grid_1{--columns:3!important}}@media (max-width:1024px){#us_grid_1{--columns:2!important}}@media (max-width:600px){#us_grid_1{--columns:1!important}}.layout_25853 .w-grid-item-h{}.layout_25853 .usg_post_custom_field_1{transition-duration:0.4s;transform-origin:50% 50%;transform:scale(0) translate(0,0);opacity:0}.layout_25853 .w-grid-item-h:hover .usg_post_custom_field_1{transform:scale(1.5) translate(0,0);opacity:1}.layout_25853 .usg_vwrapper_1{transition-duration:0.4s;transform-origin:50% 50%;transform:scale(0) translate(0,0);opacity:0}.layout_25853 .w-grid-item-h:hover .usg_vwrapper_1{transform:scale(1) translate(0,0);opacity:1}.layout_25853 .usg_post_image_1{position:absolute!important;top:0!important;right:0!important;bottom:0!important;left:0!important}.layout_25853 .usg_post_custom_field_1{position:absolute!important;top:0!important;right:0!important;bottom:0!important;left:0!important;border-radius:50!important;padding:2rem!important;background:inherit!important}.layout_25853 .usg_vwrapper_1{position:absolute!important;top:0!important;right:0!important;bottom:0!important;left:0!important;padding:2rem!important}.layout_25853 .usg_post_title_1{color:inherit!important}<\/style><div class=\"w-grid-list\">\t<article class=\"w-grid-item size_1x1 post-28473 us_portfolio type-us_portfolio status-publish has-post-thumbnail hentry us_portfolio_category-revierwelt\" data-id=\"28473\">\r\n\t\t<div class=\"w-grid-item-h\" style=\"background:#f2f2f2;color:#486c4b;\">\r\n\t\t\t\t\t\t\t<a href=\"https:\/\/revierwelt.de\/index.php\/portfolio\/fleischverwaltung\/\" class=\"w-grid-item-anchor\" aria-label=\"Fleischverwaltung\"><\/a>\r\n\t\t\t\t\t\t<div class=\"w-post-elm post_image usg_post_image_1 stretched\"><img loading=\"lazy\" decoding=\"async\" width=\"573\" height=\"573\" src=\"https:\/\/revierwelt.de\/wp-content\/uploads\/2022\/03\/frisches_wild_qua.png\" class=\"attachment-us_600_0 size-us_600_0 wp-post-image\" alt=\"\" \/><\/div><div class=\"w-post-elm post_custom_field usg_post_custom_field_1 type_text  color_link_inherit has_border_radius\"><span class=\"w-post-elm-value\"><\/span><\/div><div class=\"w-vwrapper usg_vwrapper_1 align_center valign_middle\"><h3 class=\"w-post-elm post_title usg_post_title_1 has_text_color align_center entry-title color_link_inherit\">Fleischverwaltung<\/h3><\/div>\t\t<\/div>\r\n\t\t\t<\/article>\r\n\t<article class=\"w-grid-item size_1x1 post-26717 us_portfolio type-us_portfolio status-publish has-post-thumbnail hentry us_portfolio_category-revierwelt\" data-id=\"26717\">\r\n\t\t<div class=\"w-grid-item-h\" style=\"background:#f2f2f2;color:#486c4b;\">\r\n\t\t\t\t\t\t\t<a href=\"https:\/\/revierwelt.de\/index.php\/portfolio\/drueckjagd\/\" class=\"w-grid-item-anchor\" aria-label=\"Dr\u00fcckjagd\"><\/a>\r\n\t\t\t\t\t\t<div class=\"w-post-elm post_image usg_post_image_1 stretched\"><img loading=\"lazy\" decoding=\"async\" width=\"600\" height=\"600\" src=\"https:\/\/revierwelt.de\/wp-content\/uploads\/2020\/05\/DRU\u0308CKJAGD_qua.jpg\" class=\"attachment-us_600_0 size-us_600_0 wp-post-image\" alt=\"\" \/><\/div><div class=\"w-post-elm post_custom_field usg_post_custom_field_1 type_text  color_link_inherit has_border_radius\"><span class=\"w-post-elm-value\"><\/span><\/div><div class=\"w-vwrapper usg_vwrapper_1 align_center valign_middle\"><h3 class=\"w-post-elm post_title usg_post_title_1 has_text_color align_center entry-title color_link_inherit\">Dr\u00fcckjagd<\/h3><\/div>\t\t<\/div>\r\n\t\t\t<\/article>\r\n\t<article class=\"w-grid-item size_1x1 post-23142 us_portfolio type-us_portfolio status-publish has-post-thumbnail hentry us_portfolio_category-revierwelt\" data-id=\"23142\">\r\n\t\t<div class=\"w-grid-item-h\" style=\"background:#f2f2f2;color:#486c4b;\">\r\n\t\t\t\t\t\t\t<a href=\"https:\/\/revierwelt.de\/index.php\/portfolio\/revierverwaltung\/\" class=\"w-grid-item-anchor\" aria-label=\"Revierverwaltung\"><\/a>\r\n\t\t\t\t\t\t<div class=\"w-post-elm post_image usg_post_image_1 stretched\"><img loading=\"lazy\" decoding=\"async\" width=\"600\" height=\"600\" src=\"https:\/\/revierwelt.de\/wp-content\/uploads\/2018\/01\/revierverwaltung-1-1-600x600.jpg\" class=\"attachment-us_600_0 size-us_600_0 wp-post-image\" alt=\"\" srcset=\"https:\/\/revierwelt.de\/wp-content\/uploads\/2018\/01\/revierverwaltung-1-1-600x600.jpg 600w, https:\/\/revierwelt.de\/wp-content\/uploads\/2018\/01\/revierverwaltung-1-1-150x150.jpg 150w, https:\/\/revierwelt.de\/wp-content\/uploads\/2018\/01\/revierverwaltung-1-1-300x300.jpg 300w, https:\/\/revierwelt.de\/wp-content\/uploads\/2018\/01\/revierverwaltung-1-1-768x768.jpg 768w, https:\/\/revierwelt.de\/wp-content\/uploads\/2018\/01\/revierverwaltung-1-1.jpg 1024w, https:\/\/revierwelt.de\/wp-content\/uploads\/2018\/01\/revierverwaltung-1-1-180x180.jpg 180w, https:\/\/revierwelt.de\/wp-content\/uploads\/2018\/01\/revierverwaltung-1-1-350x350.jpg 350w\" sizes=\"auto, (max-width: 600px) 100vw, 600px\" \/><\/div><div class=\"w-post-elm post_custom_field usg_post_custom_field_1 type_text  color_link_inherit has_border_radius\"><span class=\"w-post-elm-value\"><\/span><\/div><div class=\"w-vwrapper usg_vwrapper_1 align_center valign_middle\"><h3 class=\"w-post-elm post_title usg_post_title_1 has_text_color align_center entry-title color_link_inherit\">Revierverwaltung<\/h3><\/div>\t\t<\/div>\r\n\t\t\t<\/article>\r\n\t<article class=\"w-grid-item size_1x1 post-331 us_portfolio type-us_portfolio status-publish has-post-thumbnail hentry us_portfolio_category-revierwelt\" data-id=\"331\">\r\n\t\t<div class=\"w-grid-item-h\" style=\"background:#f2f2f2;color:#486c4b;\">\r\n\t\t\t\t\t\t\t<a href=\"https:\/\/revierwelt.de\/index.php\/portfolio\/gps-hundeortung\/\" class=\"w-grid-item-anchor\" aria-label=\"GPS-Hundeortung\"><\/a>\r\n\t\t\t\t\t\t<div class=\"w-post-elm post_image usg_post_image_1 stretched\"><img loading=\"lazy\" decoding=\"async\" width=\"600\" height=\"600\" src=\"https:\/\/revierwelt.de\/wp-content\/uploads\/2018\/01\/Dru\u0308ckjagd_iphone_qua2.png\" class=\"attachment-us_600_0 size-us_600_0 wp-post-image\" alt=\"\" \/><\/div><div class=\"w-post-elm post_custom_field usg_post_custom_field_1 type_text  color_link_inherit has_border_radius\"><span class=\"w-post-elm-value\"><\/span><\/div><div class=\"w-vwrapper usg_vwrapper_1 align_center valign_middle\"><h3 class=\"w-post-elm post_title usg_post_title_1 has_text_color align_center entry-title color_link_inherit\">GPS-Hundeortung<\/h3><\/div>\t\t<\/div>\r\n\t\t\t<\/article>\r\n\t<article class=\"w-grid-item size_1x1 post-23138 us_portfolio type-us_portfolio status-publish has-post-thumbnail hentry us_portfolio_category-revierwelt\" data-id=\"23138\">\r\n\t\t<div class=\"w-grid-item-h\" style=\"background:#f2f2f2;color:#486c4b;\">\r\n\t\t\t\t\t\t\t<a href=\"https:\/\/revierwelt.de\/index.php\/portfolio\/wildkameras\/\" class=\"w-grid-item-anchor\" aria-label=\"Wildkameras\"><\/a>\r\n\t\t\t\t\t\t<div class=\"w-post-elm post_image usg_post_image_1 stretched\"><img loading=\"lazy\" decoding=\"async\" width=\"600\" height=\"600\" src=\"https:\/\/revierwelt.de\/wp-content\/uploads\/2018\/01\/WILDKAMERA_wald_qua.jpg\" class=\"attachment-us_600_0 size-us_600_0 wp-post-image\" alt=\"\" \/><\/div><div class=\"w-post-elm post_custom_field usg_post_custom_field_1 type_text  color_link_inherit has_border_radius\"><span class=\"w-post-elm-value\"><\/span><\/div><div class=\"w-vwrapper usg_vwrapper_1 align_center valign_middle\"><h3 class=\"w-post-elm post_title usg_post_title_1 has_text_color align_center entry-title color_link_inherit\">Wildkameras<\/h3><\/div>\t\t<\/div>\r\n\t\t\t<\/article>\r\n<\/div><div class=\"w-grid-preloader\">\t<div class=\"g-preloader type_1\">\r\n\t\t<div><\/div>\r\n\t<\/div>\r\n\t<\/div>\t<div class=\"w-grid-json hidden\" onclick='return {&quot;action&quot;:&quot;us_ajax_grid&quot;,&quot;infinite_scroll&quot;:0,&quot;max_num_pages&quot;:2,&quot;pagination&quot;:&quot;none&quot;,&quot;template_vars&quot;:{&quot;columns&quot;:&quot;5&quot;,&quot;exclude_items&quot;:&quot;none&quot;,&quot;img_size&quot;:&quot;us_600_0&quot;,&quot;ignore_items_size&quot;:0,&quot;items_layout&quot;:&quot;25853&quot;,&quot;items_offset&quot;:&quot;1&quot;,&quot;load_animation&quot;:&quot;none&quot;,&quot;overriding_link&quot;:&quot;%7B%22type%22%3A%22post%22%7D&quot;,&quot;post_id&quot;:0,&quot;query_args&quot;:{&quot;post_type&quot;:[&quot;us_portfolio&quot;],&quot;tax_query&quot;:[{&quot;taxonomy&quot;:&quot;us_portfolio_category&quot;,&quot;field&quot;:&quot;slug&quot;,&quot;terms&quot;:[&quot;revierwelt&quot;]}],&quot;post_status&quot;:[&quot;publish&quot;],&quot;posts_per_page&quot;:&quot;5&quot;},&quot;orderby_query_args&quot;:{&quot;orderby&quot;:{&quot;date&quot;:&quot;DESC&quot;}},&quot;type&quot;:&quot;grid&quot;,&quot;us_grid_post_type&quot;:&quot;us_portfolio&quot;,&quot;us_grid_ajax_index&quot;:1,&quot;us_grid_filter_query_string&quot;:null,&quot;us_grid_index&quot;:1,&quot;page_args&quot;:[]}}'><\/div>\r\n\t<\/div><\/div><\/div><\/div><\/div><\/div><\/section><section class=\"l-section wpb_row height_medium color_primary\"><div class=\"l-section-h i-cf\"><div class=\"g-cols vc_row via_flex valign_top type_default stacking_default\"><div class=\"vc_col-sm-12 wpb_column vc_column_container us_animate_afb\"><div class=\"vc_column-inner\"><div class=\"wpb_wrapper\"><div class=\"w-actionbox color_primary controls_right\"><div class=\"w-actionbox-text\"><h2 class=\"w-actionbox-title\">Ikkonvin\u010bi lilek innifsek minn Revierwelt!<\/h2><\/div><div class=\"w-actionbox-controls\"><a class=\"w-btn us-btn-style_6 icon_atleft\" href=\"https:\/\/portal.revierwelt.de\/\" style=\"font-size:19px;\"><i class=\"fas fa-user-plus\"><\/i><span class=\"w-btn-label\">Irre\u0121istra issa!<\/span><\/a><\/div><\/div><\/div><\/div><\/div><\/div><\/div><\/section>\n","protected":false},"excerpt":{"rendered":"REVIERWELT. Wildkamera. Wissen, was l\u00e4uft. Sie k\u00f6nnen nicht rund um die Uhr im Revier sein, um zu wissen was l\u00e4uft. Eine Wildkamera mit GPRS-Funktion dagegen schon \u2013 ihre Bilder zeigen Ihnen, wo sich welches Wild momentan im Revier bewegt. Sie k\u00f6nnen fast jede am Markt erh\u00e4ltliche Kamera mit Revierwelt verwenden. Kameras der Revierwelt-Edition lassen sich...","protected":false},"author":4,"featured_media":0,"parent":0,"menu_order":0,"comment_status":"closed","ping_status":"closed","template":"","meta":{"footnotes":""},"class_list":["post-42709","page","type-page","status-publish","hentry"],"_links":{"self":[{"href":"https:\/\/revierwelt.de\/index.php\/wp-json\/wp\/v2\/pages\/42709","targetHints":{"allow":["GET"]}}],"collection":[{"href":"https:\/\/revierwelt.de\/index.php\/wp-json\/wp\/v2\/pages"}],"about":[{"href":"https:\/\/revierwelt.de\/index.php\/wp-json\/wp\/v2\/types\/page"}],"author":[{"embeddable":true,"href":"https:\/\/revierwelt.de\/index.php\/wp-json\/wp\/v2\/users\/4"}],"replies":[{"embeddable":true,"href":"https:\/\/revierwelt.de\/index.php\/wp-json\/wp\/v2\/comments?post=42709"}],"version-history":[{"count":0,"href":"https:\/\/revierwelt.de\/index.php\/wp-json\/wp\/v2\/pages\/42709\/revisions"}],"wp:attachment":[{"href":"https:\/\/revierwelt.de\/index.php\/wp-json\/wp\/v2\/media?parent=42709"}],"curies":[{"name":"wp","href":"https:\/\/api.w.org\/{rel}","templated":true}]}}