{"id":42760,"date":"2025-02-25T14:31:59","date_gmt":"2025-02-25T13:31:59","guid":{"rendered":"https:\/\/revierwelt.de\/index.php\/skriv-till-oss\/"},"modified":"2025-02-25T14:32:38","modified_gmt":"2025-02-25T13:32:38","slug":"skriv-till-oss","status":"publish","type":"page","link":"https:\/\/revierwelt.de\/index.php\/skriv-till-oss\/?lang=sv","title":{"rendered":"Skriv till oss"},"content":{"rendered":"<section class=\"l-section wpb_row height_large color_primary with_img parallax_ver\"><div class=\"l-section-img\" role=\"img\" data-img-width=\"1024\" data-img-height=\"554\" style=\"background-image: url(https:\/\/revierwelt.de\/wp-content\/uploads\/2018\/01\/Fotolia_35316050_Subscription_Monthly_XXL.jpg);\"><\/div><div class=\"l-section-overlay\" style=\"background:rgba(28,28,28,0.3)\"><\/div><div class=\"l-section-h i-cf\"><div class=\"g-cols vc_row via_flex valign_middle type_default stacking_default\"><div class=\"vc_col-sm-12 wpb_column vc_column_container\"><div class=\"vc_column-inner\"><div class=\"wpb_wrapper\"><h1 class=\"w-post-elm post_title us_custom_62fa932f align_center entry-title color_link_inherit\">Skriv till oss<\/h1><nav class=\"g-breadcrumbs us_custom_ea2be81a separator_icon align_center\" itemscope itemtype=\"http:\/\/schema.org\/BreadcrumbList\"><div class=\"g-breadcrumbs-item\" itemscope itemprop=\"itemListElement\" itemtype=\"http:\/\/schema.org\/ListItem\"><a itemprop=\"item\" href=\"https:\/\/revierwelt.de\/\"><span itemprop=\"name\">Start<\/span><\/a><meta itemprop=\"position\" content=\"1\"\/><\/div><div class=\"g-breadcrumbs-separator\"><i class=\"material-icons\">chevron_right<\/i><\/div><div class=\"g-breadcrumbs-item\">Seiten<\/div><\/nav><\/div><\/div><\/div><\/div><\/div><\/section><section class=\"l-section wpb_row height_medium\"><div class=\"l-section-h i-cf\"><div class=\"g-cols vc_row via_flex valign_top type_default stacking_default\"><div class=\"vc_col-sm-8 wpb_column vc_column_container\"><div class=\"vc_column-inner\"><div class=\"wpb_wrapper\"><form class=\"w-form  us-field-style_1 layout_ver for_cform us_form_1\" autocomplete=\"off\" action=\"https:\/\/revierwelt.de\/index.php\/wp-json\/wp\/v2\/pages\/42760\" method=\"post\"><div class=\"w-form-h\"><div class=\"w-form-row for_text has_label with_icon\">\r\n\t\t\t<div class=\"w-form-row-label\">\r\n\t\t\t<span>Namn<\/span>\r\n\t\t<\/div>\r\n\t\t<div class=\"w-form-row-field\">\r\n\t\t\t\t<i class=\"material-icons\">person<\/i>\t\t<input aria-label=\"Namn\" type=\"text\" name=\"us_form_1_text_1\" value placeholder\/>\r\n\t\t\t<\/div>\r\n\t\t<div class=\"w-form-row-state\">Bitte f\u00fcllen Sie dieses Feld aus.<\/div>\r\n<\/div>\r\n<div class=\"w-form-row for_text has_label required with_icon\">\r\n\t\t\t<div class=\"w-form-row-label\">\r\n\t\t\t<span>e-post *<\/span>\r\n\t\t<\/div>\r\n\t\t<div class=\"w-form-row-field\">\r\n\t\t\t\t<i class=\"material-icons\">email<\/i>\t\t<input aria-label=\"e-post\" type=\"text\" name=\"us_form_1_text_2\" value placeholder data-required=\"true\" aria-required=\"true\"\/>\r\n\t\t\t<\/div>\r\n\t\t<div class=\"w-form-row-state\">Bitte f\u00fcllen Sie dieses Feld aus.<\/div>\r\n<\/div>\r\n<div class=\"w-form-row for_text has_label with_icon\">\r\n\t\t\t<div class=\"w-form-row-label\">\r\n\t\t\t<span>Telefonnummer<\/span>\r\n\t\t<\/div>\r\n\t\t<div class=\"w-form-row-field\">\r\n\t\t\t\t<i class=\"material-icons\">phone<\/i>\t\t<input aria-label=\"Telefonnummer\" type=\"text\" name=\"us_form_1_text_3\" value placeholder\/>\r\n\t\t\t<\/div>\r\n\t\t<div class=\"w-form-row-state\">Bitte f\u00fcllen Sie dieses Feld aus.<\/div>\r\n<\/div>\r\n<div class=\"w-form-row for_textarea has_label required with_icon\">\r\n\t\t\t<div class=\"w-form-row-label\">\r\n\t\t\t<span>Meddelande *<\/span>\r\n\t\t<\/div>\r\n\t\t<div class=\"w-form-row-field\">\r\n\t\t\t\t<i class=\"material-icons\">create<\/i>\t\t<textarea aria-label=\"Meddelande\" name=\"us_form_1_textarea_1\" placeholder data-required=\"true\" aria-required=\"true\"><\/textarea>\r\n\t\t\t<\/div>\r\n\t\t<div class=\"w-form-row-state\">Bitte f\u00fcllen Sie dieses Feld aus.<\/div>\r\n<\/div>\r\n<div class=\"w-form-row for_captcha has_label required with_icon\">\r\n\t<div class=\"w-form-row-label\">\r\n\t\t<span>V\u00e4nligen l\u00f6s f\u00f6ljande faktura:   <span>17 + 15 = ?<\/span><\/span>\r\n\t<\/div>\r\n\t<div class=\"w-form-row-field\">\r\n\t\t\t\t<input type=\"hidden\" name=\"us_form_1_captcha_1_hash\" value=\"41a9ee9a6d636726bb3bfb9afac5f063\" \/>\r\n\t\t<i class=\"material-icons\">extension<\/i>\t\t<input aria-label=\"V\u00e4nligen l\u00f6s f\u00f6ljande faktura:  \" type=\"text\" name=\"us_form_1_captcha_1\" placeholder data-required=\"true\" aria-required=\"true\"\/>\r\n\t\t\t<\/div>\r\n\t\t<div class=\"w-form-row-state\">Bitte geben Sie das Ergebnis ein, um fortzufahren<\/div>\r\n<\/div>\r\n<input type=\"hidden\" name=\"action\" value=\"us_ajax_cform\" \/>\r\n<input type=\"hidden\" name=\"post_id\" value=\"0\" \/>\r\n<input type=\"hidden\" name=\"form_index\" value=\"1\" \/>\r\n<div class=\"w-form-row for_submit align_none\">\r\n\t<button class=\"w-btn  us-btn-style_5\" aria-label=\"Skicka meddelande\" type=\"submit\">\r\n\t\t<span class=\"g-preloader type_1\"><\/span>\r\n\t\t\t\t<span class=\"w-btn-label\">Skicka meddelande<\/span>\r\n\t\t\t<\/button>\r\n\t<\/div>\r\n<\/div><div class=\"w-form-message\"><\/div><div class=\"w-form-json hidden\" onclick='return {&quot;ajaxurl&quot;:&quot;https:\\\/\\\/revierwelt.de\\\/wp-admin\\\/admin-ajax.php&quot;,&quot;messages&quot;:{&quot;err_empty&quot;:&quot;Bitte f\\u00fcllen Sie dieses Feld aus.&quot;,&quot;err_size&quot;:&quot;Die Dateigr\\u00f6\\u00dfe darf %s MB nicht \\u00fcberschreiten&quot;,&quot;err_extension&quot;:&quot;Dateityp %s ist nicht zul\\u00e4ssig&quot;,&quot;err_recaptcha_keys&quot;:&quot;reCAPTCHA-Schl\\u00fcssel sind fehlerhaft&quot;}}'><\/div><\/form><\/div><\/div><\/div><div class=\"vc_col-sm-4 wpb_column vc_column_container\"><div class=\"vc_column-inner\"><div class=\"wpb_wrapper\"><div class=\"wpb_text_column\"><div class=\"wpb_wrapper\"><h3>Sociala n\u00e4tverk<\/h3>\n<\/div><\/div><div class=\"w-socials us_custom_a6ceb248 color_brand shape_circle style_solid hover_fade\" style=\"--gap:0.1em;\"><div class=\"w-socials-list\"><div class=\"w-socials-item facebook\"><a target=\"_blank\" rel=\"nofollow\" href=\"https:\/\/www.facebook.com\/revierwelt\" class=\"w-socials-item-link\" aria-label=\"Facebook\"><span class=\"w-socials-item-link-hover\"><\/span><i class=\"fab fa-facebook\"><\/i><\/a><div class=\"w-socials-item-popup\"><span>Facebook<\/span><\/div><\/div><\/div><\/div><div class=\"w-socials us_custom_a6ceb248 color_brand shape_circle style_solid hover_fade\" style=\"--gap:0.1em;\"><div class=\"w-socials-list\"><div class=\"w-socials-item instagram\"><a target=\"_blank\" rel=\"nofollow\" href=\"https:\/\/www.instagram.com\/revierwelt\/\" class=\"w-socials-item-link\" aria-label=\"Instagram\"><span class=\"w-socials-item-link-hover\"><\/span><i class=\"fab fa-instagram\"><\/i><\/a><div class=\"w-socials-item-popup\"><span>Instagram<\/span><\/div><\/div><\/div><\/div>[vc_raw_html]JTNDZGl2JTIwY2xhc3MlM0QlMjJ3LXNvY2lhbHMlMjB1c19jdXN0b21fYTZjZWIyNDglMjBjb2xvcl90ZXh0JTIwc2hhcGVfY2lyY2xlJTIwc3R5bGVfc29saWQlMjBob3Zlcl9mYWRlJTIyJTNFJTNDZGl2JTIwY2xhc3MlM0QlMjJ3LXNvY2lhbHMtbGlzdCUyMiUyMHN0eWxlJTNEJTIybWFyZ2luJTNBLTAuMWVtJTNCJTIyJTNFJTNDZGl2JTIwY2xhc3MlM0QlMjJ3LXNvY2lhbHMtaXRlbSUyMHJldmllcndlbHQlMjIlMjBzdHlsZSUzRCUyMnBhZGRpbmclM0EwLjFlbSUzQiUyMiUzRSUzQ2ElMjBjbGFzcyUzRCUyMnctc29jaWFscy1pdGVtLWxpbmslMjIlMjBzdHlsZSUzRCUyMmhlaWdodCUzQTYwcHglM0IlMjIlMjBocmVmJTNEJTIyaHR0cHMlM0ElMkYlMkZzb2NpYWwucmV2aWVyd2VsdC5kZSUyRiUzRnJldmllcndlbHQlMjIlMjB0YXJnZXQlM0QlMjJfYmxhbmslMjIlMjByZWwlM0QlMjJub29wZW5lciUyMG5vZm9sbG93JTIyJTIwdGl0bGUlM0QlMjJSZXZpZXJ3ZWx0JTIyJTIwYXJpYS1sYWJlbCUzRCUyMlJldmllcndlbHQlMjIlM0UlM0NzcGFuJTIwY2xhc3MlM0QlMjJ3LXNvY2lhbHMtaXRlbS1saW5rLWhvdmVyJTIyJTNFJTNDJTJGc3BhbiUzRSUzQ2ltZyUyMHNyYyUzRCUyMmh0dHBzJTNBJTJGJTJGcmV2aWVyd2VsdC5kZSUyRndwLWNvbnRlbnQlMkZ1cGxvYWRzJTJGMjAxOCUyRjAxJTJGY3JvcHBlZC1Mb2dvX2VtYmxlbV9ibGFjay5wbmclMjIlM0UlM0NzcGFuJTIwY2xhc3MlM0QlMjJyaXBwbGUtY29udGFpbmVyJTIyJTNFJTNDJTJGc3BhbiUzRSUzQyUyRmElM0UlM0NkaXYlMjBjbGFzcyUzRCUyMnctc29jaWFscy1pdGVtLXBvcHVwJTIyJTNFJTNDc3BhbiUzRVJldmllcndlbHQlM0MlMkZzcGFuJTNFJTNDJTJGZGl2JTNFJTNDJTJGZGl2JTNFJTNDJTJGZGl2JTNFJTNDJTJGZGl2JTNF[\/vc_raw_html]<div class=\"w-separator size_medium\"><\/div><div class=\"wpb_text_column\"><div class=\"wpb_wrapper\"><h3>Kontakta oss<\/h3>\n<\/div><\/div><div class=\"w-iconbox iconpos_left style_default color_light align_left no_text\"><div class=\"w-iconbox-icon\" style=\"font-size:;\"><i class=\"material-icons\">home<\/i><\/div><div class=\"w-iconbox-meta\"><h6 class=\"w-iconbox-title\">Pestalozzistrasse 41, 35606 Solms, Tyskland<\/h6><\/div><\/div><div class=\"w-separator size_small\"><\/div><div class=\"w-iconbox iconpos_left style_default color_light align_left no_text\"><a href=\"#\" class=\"w-iconbox-link\" aria-label=\"support@revierwelt.de\"><div class=\"w-iconbox-icon\" style=\"font-size:;\"><i class=\"material-icons\">mail<\/i><\/div><\/a><div class=\"w-iconbox-meta\"><h6 class=\"w-iconbox-title\"><a href=\"#\" class=\"w-iconbox-link\" aria-label=\"support@revierwelt.de\">support@revierwelt.de<\/a><\/h6><\/div><\/div><div class=\"w-separator size_small\"><\/div><div class=\"w-iconbox iconpos_left style_default color_light align_left no_text\"><div class=\"w-iconbox-icon\" style=\"font-size:;\"><i class=\"material-icons\">phone<\/i><\/div><div class=\"w-iconbox-meta\"><h6 class=\"w-iconbox-title\">+49 6442 22 09 15<\/h6><\/div><\/div><\/div><\/div><\/div><\/div><\/div><\/section>\n","protected":false},"excerpt":{"rendered":"Skriv till ossStartchevron_rightSeiten Namn person Bitte f\u00fcllen Sie dieses Feld aus. e-post * email Bitte f\u00fcllen Sie dieses Feld aus. Telefonnummer phone Bitte f\u00fcllen Sie dieses Feld aus. Meddelande * create Bitte f\u00fcllen Sie dieses Feld aus. V\u00e4nligen l\u00f6s f\u00f6ljande faktura: 24 - 10 = ? extension Bitte geben Sie das Ergebnis ein, um fortzufahren...","protected":false},"author":1,"featured_media":0,"parent":0,"menu_order":0,"comment_status":"closed","ping_status":"closed","template":"","meta":{"footnotes":""},"class_list":["post-42760","page","type-page","status-publish","hentry"],"_links":{"self":[{"href":"https:\/\/revierwelt.de\/index.php\/wp-json\/wp\/v2\/pages\/42760","targetHints":{"allow":["GET"]}}],"collection":[{"href":"https:\/\/revierwelt.de\/index.php\/wp-json\/wp\/v2\/pages"}],"about":[{"href":"https:\/\/revierwelt.de\/index.php\/wp-json\/wp\/v2\/types\/page"}],"author":[{"embeddable":true,"href":"https:\/\/revierwelt.de\/index.php\/wp-json\/wp\/v2\/users\/1"}],"replies":[{"embeddable":true,"href":"https:\/\/revierwelt.de\/index.php\/wp-json\/wp\/v2\/comments?post=42760"}],"version-history":[{"count":0,"href":"https:\/\/revierwelt.de\/index.php\/wp-json\/wp\/v2\/pages\/42760\/revisions"}],"wp:attachment":[{"href":"https:\/\/revierwelt.de\/index.php\/wp-json\/wp\/v2\/media?parent=42760"}],"curies":[{"name":"wp","href":"https:\/\/api.w.org\/{rel}","templated":true}]}}