{"id":42866,"date":"2025-02-25T14:32:45","date_gmt":"2025-02-25T13:32:45","guid":{"rendered":"https:\/\/revierwelt.de\/index.php\/funktioner\/"},"modified":"2025-02-25T14:33:03","modified_gmt":"2025-02-25T13:33:03","slug":"funktioner","status":"publish","type":"page","link":"https:\/\/revierwelt.de\/index.php\/funktioner\/?lang=sv","title":{"rendered":"Funktioner"},"content":{"rendered":"<section class=\"l-section wpb_row height_medium color_alternate\" id=\"starta\"><div class=\"l-section-h i-cf\"><div class=\"g-cols vc_row via_flex valign_top type_default stacking_default\"><div class=\"vc_col-sm-12 wpb_column vc_column_container\"><div class=\"vc_column-inner\"><div class=\"wpb_wrapper\"><div class=\"wpb_text_column\"><div class=\"wpb_wrapper\"><h2 style=\"text-align: center;\"><strong>REVIERWELT.<\/strong>  Tillsammans. P\u00e5litliga. S\u00e4ker.  <\/h2>\n<p style=\"text-align: center;\">Revierwelt guidar dig och dina jaktkamrater genom jaktvardagen med \u00f6ver 120 olika funktioner.<br \/>Du best\u00e4mmer sj\u00e4lv vilken funktion du vill anv\u00e4nda i din jaktmark.<\/p>\n<\/div><\/div><\/div><\/div><\/div><\/div><\/div><\/section><section class=\"l-section wpb_row height_auto width_full\"><div class=\"l-section-h i-cf\"><div class=\"g-cols vc_row via_flex valign_middle type_boxes stacking_default\"><div class=\"vc_col-sm-6 wpb_column vc_column_container has_bg_color us_animate_afl\"><div class=\"vc_column-inner us_custom_59aa6278\"><div class=\"wpb_wrapper\"><div class=\"w-separator size_custom\" style=\"height:10px\"><\/div><\/div><\/div><\/div><div class=\"vc_col-sm-6 wpb_column vc_column_container us_animate_afr\"><div class=\"vc_column-inner\"><div class=\"wpb_wrapper\"><div class=\"w-iconbox iconpos_left style_default color_primary align_left no_text icontype_img\"><div class=\"w-iconbox-icon\" style=\"font-size:40px;\"><img loading=\"lazy\" decoding=\"async\" width=\"512\" height=\"512\" src=\"https:\/\/revierwelt.de\/wp-content\/uploads\/2018\/01\/cropped-Logo_emblem_black.png\" class=\"attachment-full size-full\" alt=\"\" srcset=\"https:\/\/revierwelt.de\/wp-content\/uploads\/2018\/01\/cropped-Logo_emblem_black.png 512w, https:\/\/revierwelt.de\/wp-content\/uploads\/2018\/01\/cropped-Logo_emblem_black-150x150.png 150w, https:\/\/revierwelt.de\/wp-content\/uploads\/2018\/01\/cropped-Logo_emblem_black-300x300.png 300w, https:\/\/revierwelt.de\/wp-content\/uploads\/2018\/01\/cropped-Logo_emblem_black-180x180.png 180w, https:\/\/revierwelt.de\/wp-content\/uploads\/2018\/01\/cropped-Logo_emblem_black-350x350.png 350w, https:\/\/revierwelt.de\/wp-content\/uploads\/2018\/01\/cropped-Logo_emblem_black-270x270.png 270w, https:\/\/revierwelt.de\/wp-content\/uploads\/2018\/01\/cropped-Logo_emblem_black-192x192.png 192w, https:\/\/revierwelt.de\/wp-content\/uploads\/2018\/01\/cropped-Logo_emblem_black-32x32.png 32w\" sizes=\"auto, (max-width: 512px) 100vw, 512px\" \/><\/div><div class=\"w-iconbox-meta\"><h2 class=\"w-iconbox-title\">Ledning av distrikt<\/h2><\/div><\/div><div class=\"w-separator size_small\"><\/div><div class=\"wpb_text_column\"><div class=\"wpb_wrapper\"><p>En central funktion i jaktmarksf\u00f6rvaltningen \u00e4r t.ex. jaktmarkskartan, p\u00e5 vilken du kan registrera alla objekt i din jaktmark. F\u00f6rutom gryt, g\u00f6mslen och efters\u00f6ksplatser kan \u00e4ven r\u00e4vlyor, saltstenar eller andra objekt registreras och avbildas. <\/p>\n<p>En annan funktion inom jaktomr\u00e5desadministrationen \u00e4r ruttlistan, som hj\u00e4lper dig och alla jaktomr\u00e5dets medlemmar att tillsammans planera avskjutning och viltv\u00e5rd i det dagliga jaktomr\u00e5deslivet.<\/p>\n<p>Revierwelt hj\u00e4lper ocks\u00e5 dig och ditt territorium inom f\u00f6ljande omr\u00e5den:<\/p>\n<ul>\n<li>R\u00f6stning inom distriktet via Revierwelt-appen eller webbversionen<\/li>\n<li>Enkel dokumentation av alla aktiviteter p\u00e5 jaktmarken<\/li>\n<li>Platsreservation och reservation av f\u00f6rf\u00f6ljningsomr\u00e5den enligt individuellt anpassningsbara r\u00e4ttigheter<\/li>\n<li>Planering och organisering av drevjakter med hj\u00e4lp av drevjaktsverktyget<\/li>\n<li>Marknadsf\u00f6ring av spel med hj\u00e4lp av spelbrickor, ursprungsintyg och ursprungsbevis<\/li>\n<li>Hantering av uppgifter och m\u00f6ten inom distriktsgemenskapen<\/li>\n<li>Jaktst\u00f6d med funktioner som v\u00e4derprognos och jaktm\u00e5nekalender<\/li>\n<li>Skapande av analyser i slutet av ett jakt\u00e5r eller n\u00e4r som helst under ett jakt\u00e5r med en knapptryckning<\/li>\n<\/ul>\n<\/div><\/div><\/div><\/div><\/div><\/div><\/div><\/section><section class=\"l-section wpb_row height_auto width_full\"><div class=\"l-section-h i-cf\"><div class=\"g-cols vc_row via_flex valign_middle type_boxes stacking_default\"><div class=\"vc_col-sm-6 wpb_column vc_column_container us_animate_afl\"><div class=\"vc_column-inner\"><div class=\"wpb_wrapper\"><div class=\"w-iconbox iconpos_left style_default color_primary align_left no_text icontype_img\"><div class=\"w-iconbox-icon\" style=\"font-size:40px;\"><img loading=\"lazy\" decoding=\"async\" width=\"512\" height=\"512\" src=\"https:\/\/revierwelt.de\/wp-content\/uploads\/2018\/01\/cropped-Logo_emblem_black.png\" class=\"attachment-full size-full\" alt=\"\" srcset=\"https:\/\/revierwelt.de\/wp-content\/uploads\/2018\/01\/cropped-Logo_emblem_black.png 512w, https:\/\/revierwelt.de\/wp-content\/uploads\/2018\/01\/cropped-Logo_emblem_black-150x150.png 150w, https:\/\/revierwelt.de\/wp-content\/uploads\/2018\/01\/cropped-Logo_emblem_black-300x300.png 300w, https:\/\/revierwelt.de\/wp-content\/uploads\/2018\/01\/cropped-Logo_emblem_black-180x180.png 180w, https:\/\/revierwelt.de\/wp-content\/uploads\/2018\/01\/cropped-Logo_emblem_black-350x350.png 350w, https:\/\/revierwelt.de\/wp-content\/uploads\/2018\/01\/cropped-Logo_emblem_black-270x270.png 270w, https:\/\/revierwelt.de\/wp-content\/uploads\/2018\/01\/cropped-Logo_emblem_black-192x192.png 192w, https:\/\/revierwelt.de\/wp-content\/uploads\/2018\/01\/cropped-Logo_emblem_black-32x32.png 32w\" sizes=\"auto, (max-width: 512px) 100vw, 512px\" \/><\/div><div class=\"w-iconbox-meta\"><h2 class=\"w-iconbox-title\">GPS-sp\u00e5rning av hund<\/h2><\/div><\/div><div class=\"w-separator size_small\"><\/div><div class=\"wpb_text_column\"><div class=\"wpb_wrapper\"><p>Vet var hunden befinner sig &#8211; och mycket mer! Revierwelt st\u00f6der dig i ditt hundarbete. Med GPS-hundsp\u00e5rning fr\u00e5n Revierwelt vet du alltid var din hund \u00e4r. I realtid.   <\/p>\n<p>GPS-sp\u00e5rningen fungerar oberoende av var du befinner dig: du kan se hunden oavsett var du \u00e4r. Och det b\u00e4sta \u00e4r att alla medlemmar i ditt revir kan g\u00f6ra detsamma &#8211; om du vill det, f\u00f6rst\u00e5s. <\/p>\n<p>GPS-hundsp\u00e5rning erbjuder ocks\u00e5 praktiska funktioner f\u00f6r hund- och sp\u00e5rningsguider. Du kan t.ex. l\u00e4gga ut \u00f6vningssp\u00e5r och i realtid kontrollera om hunden fortfarande befinner sig p\u00e5 sp\u00e5ret och mycket mer. <\/p>\n<p>Hundsp\u00e5rningsomr\u00e5den som \u00e4r utrustade med Revierwelt hundsp\u00e5rning kan sp\u00e5ra ett obegr\u00e4nsat antal hundar. \u00d6msesidiga platsoberoende utl\u00f6sningar st\u00f6der hundf\u00f6rarna i deras s\u00f6kande efter hunden s\u00e5 att andra inblandade personer ocks\u00e5 kan lokalisera den.<\/p>\n<\/div><\/div><div class=\"w-separator size_medium\"><\/div><\/div><\/div><\/div><div class=\"vc_col-sm-6 wpb_column vc_column_container has_bg_color us_animate_afr\"><div class=\"vc_column-inner us_custom_b225af89\"><div class=\"wpb_wrapper\"><div class=\"w-separator blank-column size_custom\" style=\"height:10px\"><\/div><\/div><\/div><\/div><\/div><\/div><\/section><section class=\"l-section wpb_row height_auto width_full\"><div class=\"l-section-h i-cf\"><div class=\"g-cols vc_row via_flex valign_middle type_boxes stacking_default\"><div class=\"vc_col-sm-6 wpb_column vc_column_container has_bg_color us_animate_afl\"><div class=\"vc_column-inner us_custom_b2c1285a\"><div class=\"wpb_wrapper\"><div class=\"w-separator blank-column size_custom\" style=\"height:10px\"><\/div><\/div><\/div><\/div><div class=\"vc_col-sm-6 wpb_column vc_column_container us_animate_afr\"><div class=\"vc_column-inner\"><div class=\"wpb_wrapper\"><div class=\"w-iconbox iconpos_left style_default color_primary align_left no_text icontype_img\"><div class=\"w-iconbox-icon\" style=\"font-size:40px;\"><img loading=\"lazy\" decoding=\"async\" width=\"512\" height=\"512\" src=\"https:\/\/revierwelt.de\/wp-content\/uploads\/2018\/01\/cropped-Logo_emblem_black.png\" class=\"attachment-full size-full\" alt=\"\" srcset=\"https:\/\/revierwelt.de\/wp-content\/uploads\/2018\/01\/cropped-Logo_emblem_black.png 512w, https:\/\/revierwelt.de\/wp-content\/uploads\/2018\/01\/cropped-Logo_emblem_black-150x150.png 150w, https:\/\/revierwelt.de\/wp-content\/uploads\/2018\/01\/cropped-Logo_emblem_black-300x300.png 300w, https:\/\/revierwelt.de\/wp-content\/uploads\/2018\/01\/cropped-Logo_emblem_black-180x180.png 180w, https:\/\/revierwelt.de\/wp-content\/uploads\/2018\/01\/cropped-Logo_emblem_black-350x350.png 350w, https:\/\/revierwelt.de\/wp-content\/uploads\/2018\/01\/cropped-Logo_emblem_black-270x270.png 270w, https:\/\/revierwelt.de\/wp-content\/uploads\/2018\/01\/cropped-Logo_emblem_black-192x192.png 192w, https:\/\/revierwelt.de\/wp-content\/uploads\/2018\/01\/cropped-Logo_emblem_black-32x32.png 32w\" sizes=\"auto, (max-width: 512px) 100vw, 512px\" \/><\/div><div class=\"w-iconbox-meta\"><h2 class=\"w-iconbox-title\">\u00d6vervakning av f\u00e4llor<\/h2><\/div><\/div><div class=\"w-separator size_small\"><\/div><div class=\"wpb_text_column\"><div class=\"wpb_wrapper\"><p>Med det unika f\u00e4ll\u00f6vervakningssystemet i Revierwelt kan du arbeta p\u00e5 ett absolut djurv\u00e4nligt s\u00e4tt. Revierwelt \u00e4r kompatibelt med n\u00e4stan alla f\u00e4lldetektorer som finns p\u00e5 marknaden och fungerar helt tillf\u00f6rlitligt &#8211; f\u00f6r dig! Detta sparar dig on\u00f6diga patruller och d\u00e4rmed kostnader och tid.  <\/p>\n<p>Du kan konfigurera ditt f\u00e4llalarm s\u00e5 att det skickar f\u00e5ngst- och statusmeddelanden till Revierwelt. F\u00f6rdelen: Revierwelt tar \u00f6ver den dagliga \u00f6vervakningen av f\u00e4llan och skickar bara ett meddelande till dig om du beh\u00f6ver ingripa. Detta inneb\u00e4r att \u00e4ven professionella anv\u00e4ndare enkelt kan hantera \u00f6ver 100 f\u00e4llor parallellt.  <\/p>\n<p>Revierwelt ser till att alla anslutna enheter alltid fungerar som de ska och skickar bara ett meddelande till dig eller dina grannar om det uppst\u00e5r ett fel. P\u00e5 s\u00e5 s\u00e4tt undviker du on\u00f6diga inspektionsresor och sparar dessutom resekostnader.<\/p>\n<\/div><\/div><\/div><\/div><\/div><\/div><\/div><\/section><section class=\"l-section wpb_row height_auto width_full\"><div class=\"l-section-h i-cf\"><div class=\"g-cols vc_row via_flex valign_middle type_boxes stacking_default\"><div class=\"vc_col-sm-6 wpb_column vc_column_container us_animate_afl\"><div class=\"vc_column-inner\"><div class=\"wpb_wrapper\"><div class=\"w-iconbox iconpos_left style_default color_primary align_left no_text icontype_img\"><div class=\"w-iconbox-icon\" style=\"font-size:40px;\"><img loading=\"lazy\" decoding=\"async\" width=\"512\" height=\"512\" src=\"https:\/\/revierwelt.de\/wp-content\/uploads\/2018\/01\/cropped-Logo_emblem_black.png\" class=\"attachment-full size-full\" alt=\"\" srcset=\"https:\/\/revierwelt.de\/wp-content\/uploads\/2018\/01\/cropped-Logo_emblem_black.png 512w, https:\/\/revierwelt.de\/wp-content\/uploads\/2018\/01\/cropped-Logo_emblem_black-150x150.png 150w, https:\/\/revierwelt.de\/wp-content\/uploads\/2018\/01\/cropped-Logo_emblem_black-300x300.png 300w, https:\/\/revierwelt.de\/wp-content\/uploads\/2018\/01\/cropped-Logo_emblem_black-180x180.png 180w, https:\/\/revierwelt.de\/wp-content\/uploads\/2018\/01\/cropped-Logo_emblem_black-350x350.png 350w, https:\/\/revierwelt.de\/wp-content\/uploads\/2018\/01\/cropped-Logo_emblem_black-270x270.png 270w, https:\/\/revierwelt.de\/wp-content\/uploads\/2018\/01\/cropped-Logo_emblem_black-192x192.png 192w, https:\/\/revierwelt.de\/wp-content\/uploads\/2018\/01\/cropped-Logo_emblem_black-32x32.png 32w\" sizes=\"auto, (max-width: 512px) 100vw, 512px\" \/><\/div><div class=\"w-iconbox-meta\"><h2 class=\"w-iconbox-title\">Kamerahantering f\u00f6r vilda djur<\/h2><\/div><\/div><div class=\"w-separator size_small\"><\/div><div class=\"wpb_text_column\"><div class=\"wpb_wrapper\"><p>Viltkamera\u00f6vervakning i Revierwelt g\u00f6r att du kan h\u00e5lla ett \u00f6ga p\u00e5 din jaktmark hela tiden. Anslut helt enkelt din befintliga viltkamera till Revierwelt. F\u00f6r komplicerat? Vi g\u00f6r det g\u00e4rna \u00e5t dig.   <\/p>\n<p>F\u00f6r \u00f6vrigt anv\u00e4nder Revierwelt artificiell intelligens f\u00f6r att automatiskt analysera viltarter, vilket g\u00f6r det till den enda programvaran i Europa som kan g\u00f6ra detta.<\/p>\n<p>Faktum \u00e4r att Revierwelt \u00e4r kompatibel med alla viltkameror som finns p\u00e5 marknaden och som kan skicka bilder och\/eller videor. Detta ger dig f\u00f6ljande f\u00f6rdelar: <\/p>\n<ul>\n<li>Hantering och insamling av bilder p\u00e5 ett och samma st\u00e4lle. Tillsammans med alla jaktkamrater i jaktmarken. <\/li>\n<li>Katalogisera bilderna direkt i appen eller p\u00e5 din dator s\u00e5 att du kan s\u00f6ka efter bilderna senare. P\u00e5 s\u00e5 s\u00e4tt kan du sp\u00e5ra vilket f\u00f6rem\u00e5l som s\u00e5gs p\u00e5 vilken plats. Revierwelt anv\u00e4nder AI &#8211; artificiell intelligens &#8211; f\u00f6r att k\u00e4nna igen f\u00f6rem\u00e5len p\u00e5 bilderna.  <\/li>\n<li>Bilderna fr\u00e5n varje viltkamera kan skickas till dig och dina grannskapsmedlemmar p\u00e5 beg\u00e4ran. Du kan best\u00e4mma hur detta ska g\u00f6ras: direkt i Revierwelt-appen eller helt enkelt via e-post. <\/li>\n<li>Revierwelt erbjuder tydlig hantering av bilder p\u00e5 ett och samma st\u00e4lle. Tillsammans eller var f\u00f6r sig. Du best\u00e4mmer vem som kan se vad i ditt territorium.  <\/li>\n<li>Automatisk analys av bilder med hj\u00e4lp av artificiell intelligens. Du kan definiera regler s\u00e5 att du bara f\u00e5r ett meddelande n\u00e4r en viltart har identifierats. <\/li>\n<\/ul>\n<p>Med v\u00e5r Revierwelt LTE Cam plus erbjuder vi dig f\u00f6r n\u00e4rvarande den enda kameran som \u00e4r helt styrd fr\u00e5n Revierwelt och som till och med kan anv\u00e4ndas som en f\u00e4lldetektor i enlighet med lagen. Tv\u00e5 produkter i en.<\/p>\n<\/div><\/div><\/div><\/div><\/div><div class=\"vc_col-sm-6 wpb_column vc_column_container has_bg_color us_animate_afr\"><div class=\"vc_column-inner us_custom_52df797f\"><div class=\"wpb_wrapper\"><div class=\"w-separator blank-column size_custom\" style=\"height:10px\"><\/div><\/div><\/div><\/div><\/div><\/div><\/section><section class=\"l-section wpb_row height_auto width_full\"><div class=\"l-section-h i-cf\"><div class=\"g-cols vc_row via_flex valign_middle type_boxes stacking_default\"><div class=\"vc_col-sm-6 wpb_column vc_column_container has_bg_color us_animate_afl\"><div class=\"vc_column-inner us_custom_2d17f59a\"><div class=\"wpb_wrapper\"><div class=\"w-separator size_custom\" style=\"height:10px\"><\/div><\/div><\/div><\/div><div class=\"vc_col-sm-6 wpb_column vc_column_container us_animate_afr\"><div class=\"vc_column-inner\"><div class=\"wpb_wrapper\"><div class=\"w-iconbox iconpos_left style_default color_primary align_left no_text icontype_img\"><div class=\"w-iconbox-icon\" style=\"font-size:40px;\"><img loading=\"lazy\" decoding=\"async\" width=\"512\" height=\"512\" src=\"https:\/\/revierwelt.de\/wp-content\/uploads\/2018\/01\/cropped-Logo_emblem_black.png\" class=\"attachment-full size-full\" alt=\"\" srcset=\"https:\/\/revierwelt.de\/wp-content\/uploads\/2018\/01\/cropped-Logo_emblem_black.png 512w, https:\/\/revierwelt.de\/wp-content\/uploads\/2018\/01\/cropped-Logo_emblem_black-150x150.png 150w, https:\/\/revierwelt.de\/wp-content\/uploads\/2018\/01\/cropped-Logo_emblem_black-300x300.png 300w, https:\/\/revierwelt.de\/wp-content\/uploads\/2018\/01\/cropped-Logo_emblem_black-180x180.png 180w, https:\/\/revierwelt.de\/wp-content\/uploads\/2018\/01\/cropped-Logo_emblem_black-350x350.png 350w, https:\/\/revierwelt.de\/wp-content\/uploads\/2018\/01\/cropped-Logo_emblem_black-270x270.png 270w, https:\/\/revierwelt.de\/wp-content\/uploads\/2018\/01\/cropped-Logo_emblem_black-192x192.png 192w, https:\/\/revierwelt.de\/wp-content\/uploads\/2018\/01\/cropped-Logo_emblem_black-32x32.png 32w\" sizes=\"auto, (max-width: 512px) 100vw, 512px\" \/><\/div><div class=\"w-iconbox-meta\"><h2 class=\"w-iconbox-title\">Driven jakt<\/h2><\/div><\/div><div class=\"w-separator size_small\"><\/div><div class=\"wpb_text_column\"><div class=\"wpb_wrapper\"><p>Det f\u00f6rsta steget i skapandet av en drevjakt \u00e4r alltid att skapa en textmall via menyalternativet <strong><a href=\"https:\/\/wiki.revierwelt.de\/index.php\/knowledge-base\/drueckjagd-textvorlagen\/\">Textmallar f\u00f6r drevjakt<\/a><\/strong>. N\u00e4r du har skapat textmallarna f\u00f6r j\u00e4garna och f\u00f6rarna byter du till menyalternativet <strong><a href=\"https:\/\/wiki.revierwelt.de\/index.php\/knowledge-base\/drueckjagdeinladungen\/\">inbjudningar till drevjakt<\/a><\/strong>. H\u00e4r bjuder du in j\u00e4gare och f\u00f6rare med hj\u00e4lp av de tidigare skapade textmallarna.  <\/p>\n<p>N\u00e4r du har skapat textmallarna och bjudit in j\u00e4garna och sk\u00f6tarna \u00e4r n\u00e4sta steg den <a href=\"https:\/\/wiki.revierwelt.de\/index.php\/knowledge-base\/drueckjagd\/\"><strong>drivna jaktplaneringen<\/strong><\/a>. Det \u00e4r h\u00e4r du skapar all data f\u00f6r din planerade drevjakt: Jaktomr\u00e5de, m\u00f6tesplats, st\u00e5ndplats, skjutst\u00e4llningar, slagv\u00e4rn. Din aktuella planeringsstatus kan sparas, h\u00e4mtas och \u00e4ndras n\u00e4r som helst.  <\/p>\n<p>P\u00e5 dagen f\u00f6r drevjakten startar du jakten med hj\u00e4lp av funktionen <strong><a href=\"https:\/\/wiki.revierwelt.de\/index.php\/knowledge-base\/drueckjagddurchfuehrung\/\">Exekvering av drevjakt<\/a><\/strong>. H\u00e4r kan du skicka alla deltagare en \u00e5tkomstl\u00e4nk med vilken de kan logga in p\u00e5 realtidsvisningen av drevjakten. H\u00e4r visas ocks\u00e5 alla rapporterade positioner (avlivningar, efters\u00f6k, olyckor etc.).  <\/p>\n<p>Appen Revierwelt Stand Map \u00e4r en del av Revierwelts planering av drevjakt. Med Stand Map-appen kan du h\u00e4mta all relevant information om den drivna jakten och ange dina observationer, skott eller f\u00e4llda vilt under eller direkt efter jakten. <\/p>\n<p>Revierwelt erbjuder ocks\u00e5 m\u00f6jligheten att skapa egna viltm\u00e4rken f\u00f6r att identifiera det jagade djuret och \u00e4r kompatibelt med m\u00e5nga tillverkare p\u00e5 marknaden. B\u00e5de NFC-chips och QR-koder st\u00f6ds. Revierwelt ger dig fullst\u00e4ndig kontroll \u00f6ver alla processer p\u00e5 ett och samma st\u00e4lle. Allt \u00e4r m\u00f6jligt, fr\u00e5n avlivning till marknadsf\u00f6ring av viltet.<\/p>\n<\/div><\/div><\/div><\/div><\/div><\/div><\/div><\/section><section class=\"l-section wpb_row height_auto width_full\"><div class=\"l-section-h i-cf\"><div class=\"g-cols vc_row via_flex valign_middle type_boxes stacking_default\"><div class=\"vc_col-sm-6 wpb_column vc_column_container us_animate_afl\"><div class=\"vc_column-inner\"><div class=\"wpb_wrapper\"><div class=\"w-iconbox iconpos_left style_default color_primary align_left no_text icontype_img\"><div class=\"w-iconbox-icon\" style=\"font-size:40px;\"><img loading=\"lazy\" decoding=\"async\" width=\"512\" height=\"512\" src=\"https:\/\/revierwelt.de\/wp-content\/uploads\/2018\/01\/cropped-Logo_emblem_black.png\" class=\"attachment-full size-full\" alt=\"\" srcset=\"https:\/\/revierwelt.de\/wp-content\/uploads\/2018\/01\/cropped-Logo_emblem_black.png 512w, https:\/\/revierwelt.de\/wp-content\/uploads\/2018\/01\/cropped-Logo_emblem_black-150x150.png 150w, https:\/\/revierwelt.de\/wp-content\/uploads\/2018\/01\/cropped-Logo_emblem_black-300x300.png 300w, https:\/\/revierwelt.de\/wp-content\/uploads\/2018\/01\/cropped-Logo_emblem_black-180x180.png 180w, https:\/\/revierwelt.de\/wp-content\/uploads\/2018\/01\/cropped-Logo_emblem_black-350x350.png 350w, https:\/\/revierwelt.de\/wp-content\/uploads\/2018\/01\/cropped-Logo_emblem_black-270x270.png 270w, https:\/\/revierwelt.de\/wp-content\/uploads\/2018\/01\/cropped-Logo_emblem_black-192x192.png 192w, https:\/\/revierwelt.de\/wp-content\/uploads\/2018\/01\/cropped-Logo_emblem_black-32x32.png 32w\" sizes=\"auto, (max-width: 512px) 100vw, 512px\" \/><\/div><div class=\"w-iconbox-meta\"><h2 class=\"w-iconbox-title\">Revierwelt-kommunen<\/h2><\/div><\/div><div class=\"w-separator size_small\"><\/div><div class=\"wpb_text_column\"><div class=\"wpb_wrapper\"><p>I v\u00e5r Revierwelt-community kan du n\u00e4tverka med j\u00e4gare \u00f6ver hela v\u00e4rlden. N\u00e4r du registrerar dig p\u00e5 Revierwelt kan du skicka och ta emot v\u00e4nf\u00f6rfr\u00e5gningar till andra j\u00e4gare. Med tiden kommer du att bygga upp ett n\u00e4tverk av m\u00e4nniskor som delar din entusiasm f\u00f6r jakt.  <\/p>\n<p>I Revierwelt-communityn kan du publicera din aktuella status, din plats och dina jaktupplevelser och dela dem med dina v\u00e4nner. Detta fungerar b\u00e5de i text- och bildform eller med hj\u00e4lp av videor. <\/p>\n<p>Ett stort antal jaktorganisationer, f\u00f6reningar och f\u00f6retag finns redan representerade p\u00e5 Revierwelt. Prenumerera p\u00e5 deras sida och h\u00e5ll dig uppdaterad. Du kan ocks\u00e5 skapa dina egna grupper om jaktrelaterade \u00e4mnen, bjuda in andra Revierwelt-anv\u00e4ndare att g\u00e5 med eller g\u00e5 med i andra grupper och utbyta id\u00e9er d\u00e4r.<\/p>\n<\/div><\/div><\/div><\/div><\/div><div class=\"vc_col-sm-6 wpb_column vc_column_container has_bg_color us_animate_afr\"><div class=\"vc_column-inner us_custom_9b39d8ad\"><div class=\"wpb_wrapper\"><div class=\"w-separator blank-column size_custom\" style=\"height:10px\"><\/div><\/div><\/div><\/div><\/div><\/div><\/section><section class=\"l-section wpb_row height_auto width_full\"><div class=\"l-section-h i-cf\"><div class=\"g-cols vc_row via_flex valign_middle type_boxes stacking_default\"><div class=\"vc_col-sm-6 wpb_column vc_column_container has_bg_color us_animate_afl\"><div class=\"vc_column-inner us_custom_aca726bf\"><div class=\"wpb_wrapper\"><div class=\"w-separator size_custom\" style=\"height:10px\"><\/div><\/div><\/div><\/div><div class=\"vc_col-sm-6 wpb_column vc_column_container us_animate_afr\"><div class=\"vc_column-inner\"><div class=\"wpb_wrapper\"><div class=\"w-iconbox iconpos_left style_default color_primary align_left no_text icontype_img\"><div class=\"w-iconbox-icon\" style=\"font-size:40px;\"><img loading=\"lazy\" decoding=\"async\" width=\"512\" height=\"512\" src=\"https:\/\/revierwelt.de\/wp-content\/uploads\/2018\/01\/cropped-Logo_emblem_black.png\" class=\"attachment-full size-full\" alt=\"\" srcset=\"https:\/\/revierwelt.de\/wp-content\/uploads\/2018\/01\/cropped-Logo_emblem_black.png 512w, https:\/\/revierwelt.de\/wp-content\/uploads\/2018\/01\/cropped-Logo_emblem_black-150x150.png 150w, https:\/\/revierwelt.de\/wp-content\/uploads\/2018\/01\/cropped-Logo_emblem_black-300x300.png 300w, https:\/\/revierwelt.de\/wp-content\/uploads\/2018\/01\/cropped-Logo_emblem_black-180x180.png 180w, https:\/\/revierwelt.de\/wp-content\/uploads\/2018\/01\/cropped-Logo_emblem_black-350x350.png 350w, https:\/\/revierwelt.de\/wp-content\/uploads\/2018\/01\/cropped-Logo_emblem_black-270x270.png 270w, https:\/\/revierwelt.de\/wp-content\/uploads\/2018\/01\/cropped-Logo_emblem_black-192x192.png 192w, https:\/\/revierwelt.de\/wp-content\/uploads\/2018\/01\/cropped-Logo_emblem_black-32x32.png 32w\" sizes=\"auto, (max-width: 512px) 100vw, 512px\" \/><\/div><div class=\"w-iconbox-meta\"><h2 class=\"w-iconbox-title\">Marknadsplats &amp; privata annonser<\/h2><\/div><\/div><div class=\"w-separator size_small\"><\/div><div class=\"wpb_text_column\"><div class=\"wpb_wrapper\"><p>Du kan k\u00f6pa alla Revierwelt-produkter &#8211; GPS-sp\u00e5rare, viltkameror, f\u00e4lldetektorer och alla tillbeh\u00f6r &#8211; p\u00e5 v\u00e5r Revierwelt-marknadsplats. M\u00e5nga tillverkare och \u00e5terf\u00f6rs\u00e4ljare fr\u00e5n jaktsektorn finns ocks\u00e5 representerade h\u00e4r, s\u00e5 att du ocks\u00e5 kan k\u00f6pa alla produkter du beh\u00f6ver f\u00f6r jakt p\u00e5 v\u00e5r marknadsplats. <\/p>\n<p>Och det \u00e4r inte allt &#8211; du kan \u00e4ven erbjuda dina egna f\u00f6rem\u00e5l via Revierwelt-appen som en privat annons p\u00e5 v\u00e5r marknadsplats eller k\u00f6pa f\u00f6rem\u00e5l fr\u00e5n andra Revierwelt-anv\u00e4ndare. Revierwelts annonser \u00e4r radannonser f\u00f6r jakt &#8211; din marknadsplats online f\u00f6r att k\u00f6pa, s\u00e4lja, byta och mer om \u00e4mnet jakt. <\/p>\n<p>V\u00e5rt erbjudande avrundas med v\u00e5r viltk\u00f6ttsmarknad, som ger dig m\u00f6jlighet att erbjuda ditt viltk\u00f6tt direkt fr\u00e5n Revierwelts k\u00f6tthanteringssystem till ett stort antal k\u00f6pare via Internet med ett musklick. Naturligtvis kan du ocks\u00e5 erbjuda det till bara en liten grupp k\u00f6pare &#8211; beroende p\u00e5 dina krav.<\/p>\n<\/div><\/div><\/div><\/div><\/div><\/div><\/div><\/section><section class=\"l-section wpb_row height_medium color_primary\"><div class=\"l-section-h i-cf\"><div class=\"g-cols vc_row via_flex valign_top type_default stacking_default\"><div class=\"vc_col-sm-12 wpb_column vc_column_container us_animate_afb\"><div class=\"vc_column-inner\"><div class=\"wpb_wrapper\"><div class=\"w-actionbox color_primary controls_right\"><div class=\"w-actionbox-text\"><h2 class=\"w-actionbox-title\">\u00d6vertyga dig sj\u00e4lv om Revierwelt!<\/h2><\/div><div class=\"w-actionbox-controls\"><a class=\"w-btn us-btn-style_6 icon_atleft\" href=\"https:\/\/portal.revierwelt.de\/\" style=\"font-size:19px;\"><i class=\"fas fa-user-plus\"><\/i><span class=\"w-btn-label\">Registrera dig nu!<\/span><\/a><\/div><\/div><\/div><\/div><\/div><\/div><\/div><\/section>\n","protected":false},"excerpt":{"rendered":"REVIERWELT. Tillsammans. P\u00e5litliga. S\u00e4ker. Revierwelt guidar dig och dina jaktkamrater genom jaktvardagen med \u00f6ver 120 olika funktioner.Du best\u00e4mmer sj\u00e4lv vilken funktion du vill anv\u00e4nda i din jaktmark. Ledning av distriktEn central funktion i jaktmarksf\u00f6rvaltningen \u00e4r t.ex. jaktmarkskartan, p\u00e5 vilken du kan registrera alla objekt i din jaktmark. F\u00f6rutom gryt, g\u00f6mslen och efters\u00f6ksplatser kan \u00e4ven r\u00e4vlyor,...","protected":false},"author":4,"featured_media":0,"parent":0,"menu_order":0,"comment_status":"closed","ping_status":"closed","template":"","meta":{"footnotes":""},"class_list":["post-42866","page","type-page","status-publish","hentry"],"_links":{"self":[{"href":"https:\/\/revierwelt.de\/index.php\/wp-json\/wp\/v2\/pages\/42866","targetHints":{"allow":["GET"]}}],"collection":[{"href":"https:\/\/revierwelt.de\/index.php\/wp-json\/wp\/v2\/pages"}],"about":[{"href":"https:\/\/revierwelt.de\/index.php\/wp-json\/wp\/v2\/types\/page"}],"author":[{"embeddable":true,"href":"https:\/\/revierwelt.de\/index.php\/wp-json\/wp\/v2\/users\/4"}],"replies":[{"embeddable":true,"href":"https:\/\/revierwelt.de\/index.php\/wp-json\/wp\/v2\/comments?post=42866"}],"version-history":[{"count":0,"href":"https:\/\/revierwelt.de\/index.php\/wp-json\/wp\/v2\/pages\/42866\/revisions"}],"wp:attachment":[{"href":"https:\/\/revierwelt.de\/index.php\/wp-json\/wp\/v2\/media?parent=42866"}],"curies":[{"name":"wp","href":"https:\/\/api.w.org\/{rel}","templated":true}]}}