{"id":43639,"date":"2025-02-25T14:43:18","date_gmt":"2025-02-25T13:43:18","guid":{"rendered":"https:\/\/revierwelt.de\/index.php\/foersaeljning-av-viltkoett\/"},"modified":"2025-02-25T14:43:26","modified_gmt":"2025-02-25T13:43:26","slug":"foersaeljning-av-viltkoett","status":"publish","type":"page","link":"https:\/\/revierwelt.de\/index.php\/foersaeljning-av-viltkoett\/?lang=sv","title":{"rendered":"F\u00f6rs\u00e4ljning av viltk\u00f6tt"},"content":{"rendered":"<section class=\"l-section wpb_row height_medium\"><div class=\"l-section-h i-cf\"><div class=\"g-cols vc_row via_flex valign_top type_default stacking_default\"><div class=\"vc_col-sm-12 wpb_column vc_column_container\"><div class=\"vc_column-inner\"><div class=\"wpb_wrapper\"><div class=\"wpb_text_column\"><div class=\"wpb_wrapper\"><p>REVIERWELT tillhandah\u00e5ller en onlinetj\u00e4nst, Wildbretmarkt.de, genom vilken anv\u00e4ndare kan l\u00e4gga upp och publicera spelerbjudanden och, som intresserade parter, se spelerbjudanden fr\u00e5n andra anv\u00e4ndare. Dessutom m\u00f6jligg\u00f6r Wildbretmarkt-tj\u00e4nsten utbyte av elektroniska meddelanden mellan annons\u00f6rer och intresserade parter. <\/p>\n<p>Wildbretmarkt anv\u00e4nds f\u00f6r att publicera erbjudanden om viltk\u00f6tt och f\u00f6r att sammanf\u00f6ra s\u00e4ljare och potentiella k\u00f6pare av de varor som annonseras. REVIERWELT Wildbretmarkt sj\u00e4lv \u00e4r inte leverant\u00f6r av det vilt som annonseras med erbjudandet. <\/p>\n<p>Jag, s\u00e4ljaren, f\u00f6rs\u00e4krar h\u00e4rmed att det vilt jag erbjuder har styckats rent, att k\u00f6ttet har h\u00e4ngts upp, att det har bearbetats omsorgsfullt i enlighet med g\u00e4llande best\u00e4mmelser och att det \u00e4r f\u00e4rdigt f\u00f6r konsumtion. Jag f\u00f6rs\u00e4krar h\u00e4rmed att jag kommer att f\u00f6lja f\u00f6ljande lagbest\u00e4mmelser n\u00e4r jag erbjuder viltk\u00f6tt p\u00e5 viltmarknaden REVIERWELT. <\/p>\n<p><strong>Lagstiftning:<\/strong><\/p>\n<ul>\n<li><a href=\"https:\/\/eur-lex.europa.eu\/legal-content\/DE\/TXT\/PDF\/?uri=CELEX:32004R0853&amp;from=en\">EU-f\u00f6rordning med s\u00e4rskilda hygienregler f\u00f6r livsmedel av animaliskt ursprung<\/a><\/li>\n<li><a href=\"https:\/\/eur-lex.europa.eu\/legal-content\/DE\/TXT\/PDF\/?uri=CELEX:32011R0931&amp;from=DE\">Genomf\u00f6randef\u00f6rordning om sp\u00e5rbarhetskrav f\u00f6r livsmedel av animaliskt ursprung<\/a><\/li>\n<li><a href=\"http:\/\/www.gesetze-im-internet.de\/tier-lmhv\/Tier-LMHV.pdf\">Hygienregler f\u00f6r animaliska livsmedel<\/a><\/li>\n<li><a href=\"http:\/\/www.gesetze-im-internet.de\/tier-lm_v\/Tier-LM%C3%9CV.pdf\">F\u00f6rordning om \u00f6vervakning av animaliska livsmedel<\/a><\/li>\n<li><a href=\"http:\/\/www.gesetze-im-internet.de\/lfgb\/LFGB.pdf\">Kod f\u00f6r livsmedel och foder<\/a><\/li>\n<\/ul>\n<p><strong>Krav f\u00f6r j\u00e4gare att s\u00e4lja viltk\u00f6tt:<\/strong><br \/><a href=\"https:\/\/revierwelt.de\/wp-content\/uploads\/2020\/08\/DJV-Infografik-Voraussetzung-zur-Abgabe-von-Wildfleisch-2014_0.pdf\">Nedladdningar<\/a><\/p>\n<\/div><\/div><\/div><\/div><\/div><\/div><\/div><\/section>\n","protected":false},"excerpt":{"rendered":"REVIERWELT tillhandah\u00e5ller en onlinetj\u00e4nst, Wildbretmarkt.de, genom vilken anv\u00e4ndare kan l\u00e4gga upp och publicera spelerbjudanden och, som intresserade parter, se spelerbjudanden fr\u00e5n andra anv\u00e4ndare. Dessutom m\u00f6jligg\u00f6r Wildbretmarkt-tj\u00e4nsten utbyte av elektroniska meddelanden mellan annons\u00f6rer och intresserade parter. Wildbretmarkt anv\u00e4nds f\u00f6r att publicera erbjudanden om viltk\u00f6tt och f\u00f6r att sammanf\u00f6ra s\u00e4ljare och potentiella k\u00f6pare av de varor som...","protected":false},"author":4,"featured_media":0,"parent":0,"menu_order":0,"comment_status":"closed","ping_status":"closed","template":"","meta":{"footnotes":""},"class_list":["post-43639","page","type-page","status-publish","hentry"],"_links":{"self":[{"href":"https:\/\/revierwelt.de\/index.php\/wp-json\/wp\/v2\/pages\/43639","targetHints":{"allow":["GET"]}}],"collection":[{"href":"https:\/\/revierwelt.de\/index.php\/wp-json\/wp\/v2\/pages"}],"about":[{"href":"https:\/\/revierwelt.de\/index.php\/wp-json\/wp\/v2\/types\/page"}],"author":[{"embeddable":true,"href":"https:\/\/revierwelt.de\/index.php\/wp-json\/wp\/v2\/users\/4"}],"replies":[{"embeddable":true,"href":"https:\/\/revierwelt.de\/index.php\/wp-json\/wp\/v2\/comments?post=43639"}],"version-history":[{"count":0,"href":"https:\/\/revierwelt.de\/index.php\/wp-json\/wp\/v2\/pages\/43639\/revisions"}],"wp:attachment":[{"href":"https:\/\/revierwelt.de\/index.php\/wp-json\/wp\/v2\/media?parent=43639"}],"curies":[{"name":"wp","href":"https:\/\/api.w.org\/{rel}","templated":true}]}}