{"id":43642,"date":"2025-02-25T14:43:20","date_gmt":"2025-02-25T13:43:20","guid":{"rendered":"https:\/\/revierwelt.de\/index.php\/venta-de-carne-de-venado\/"},"modified":"2025-02-25T14:43:26","modified_gmt":"2025-02-25T13:43:26","slug":"venta-de-carne-de-venado","status":"publish","type":"page","link":"https:\/\/revierwelt.de\/index.php\/venta-de-carne-de-venado\/?lang=es","title":{"rendered":"Venta de carne de venado"},"content":{"rendered":"<section class=\"l-section wpb_row height_medium\"><div class=\"l-section-h i-cf\"><div class=\"g-cols vc_row via_flex valign_top type_default stacking_default\"><div class=\"vc_col-sm-12 wpb_column vc_column_container\"><div class=\"vc_column-inner\"><div class=\"wpb_wrapper\"><div class=\"wpb_text_column\"><div class=\"wpb_wrapper\"><p>REVIERWELT ofrece un servicio en l\u00ednea, Wildbretmarkt.de, a trav\u00e9s del cual los usuarios pueden enviar y publicar ofertas de juegos y, como partes interesadas, ver ofertas de juegos de otros usuarios. Adem\u00e1s, el servicio Wildbretmarkt tambi\u00e9n permite el intercambio de mensajes electr\u00f3nicos entre anunciantes y partes interesadas. <\/p>\n<p>Wildbretmarkt se utiliza para publicar ofertas de carne de venado y poner en contacto a vendedores y compradores potenciales de los productos anunciados. REVIERWELT El propio Wildbretmarkt no es el proveedor de la caza anunciada. <\/p>\n<p>Yo, el vendedor, declaro por la presente que la carne de caza que ofrezco ha sido limpiamente desmenuzada, la carne ha sido colgada, cuidadosamente procesada de acuerdo con la normativa vigente y est\u00e1 lista para el consumo. Por la presente declaro que cumplir\u00e9 las siguientes disposiciones legales cuando ofrezca carne de venado en el mercado de venado de REVIERWELT. <\/p>\n<p><strong>Legislaci\u00f3n:<\/strong><\/p>\n<ul>\n<li><a href=\"https:\/\/eur-lex.europa.eu\/legal-content\/DE\/TXT\/PDF\/?uri=CELEX:32004R0853&amp;from=en\">Reglamento de la UE con normas espec\u00edficas de higiene de los alimentos de origen animal<\/a><\/li>\n<li><a href=\"https:\/\/eur-lex.europa.eu\/legal-content\/DE\/TXT\/PDF\/?uri=CELEX:32011R0931&amp;from=DE\">Reglamento de aplicaci\u00f3n relativo a los requisitos de trazabilidad de los alimentos de origen animal<\/a><\/li>\n<li><a href=\"http:\/\/www.gesetze-im-internet.de\/tier-lmhv\/Tier-LMHV.pdf\">Normas de higiene de los alimentos para animales<\/a><\/li>\n<li><a href=\"http:\/\/www.gesetze-im-internet.de\/tier-lm_v\/Tier-LM%C3%9CV.pdf\">Ordenanza de control de alimentos para animales<\/a><\/li>\n<li><a href=\"http:\/\/www.gesetze-im-internet.de\/lfgb\/LFGB.pdf\">C\u00f3digo Alimentario<\/a><\/li>\n<\/ul>\n<p><strong>Requisitos para que los cazadores puedan vender carne de caza:<\/strong><br \/><a href=\"https:\/\/revierwelt.de\/wp-content\/uploads\/2020\/08\/DJV-Infografik-Voraussetzung-zur-Abgabe-von-Wildfleisch-2014_0.pdf\">Descarga<\/a><\/p>\n<\/div><\/div><\/div><\/div><\/div><\/div><\/div><\/section>\n","protected":false},"excerpt":{"rendered":"REVIERWELT ofrece un servicio en l\u00ednea, Wildbretmarkt.de, a trav\u00e9s del cual los usuarios pueden enviar y publicar ofertas de juegos y, como partes interesadas, ver ofertas de juegos de otros usuarios. Adem\u00e1s, el servicio Wildbretmarkt tambi\u00e9n permite el intercambio de mensajes electr\u00f3nicos entre anunciantes y partes interesadas. Wildbretmarkt se utiliza para publicar ofertas de carne...","protected":false},"author":4,"featured_media":0,"parent":0,"menu_order":0,"comment_status":"closed","ping_status":"closed","template":"","meta":{"footnotes":""},"class_list":["post-43642","page","type-page","status-publish","hentry"],"_links":{"self":[{"href":"https:\/\/revierwelt.de\/index.php\/wp-json\/wp\/v2\/pages\/43642","targetHints":{"allow":["GET"]}}],"collection":[{"href":"https:\/\/revierwelt.de\/index.php\/wp-json\/wp\/v2\/pages"}],"about":[{"href":"https:\/\/revierwelt.de\/index.php\/wp-json\/wp\/v2\/types\/page"}],"author":[{"embeddable":true,"href":"https:\/\/revierwelt.de\/index.php\/wp-json\/wp\/v2\/users\/4"}],"replies":[{"embeddable":true,"href":"https:\/\/revierwelt.de\/index.php\/wp-json\/wp\/v2\/comments?post=43642"}],"version-history":[{"count":0,"href":"https:\/\/revierwelt.de\/index.php\/wp-json\/wp\/v2\/pages\/43642\/revisions"}],"wp:attachment":[{"href":"https:\/\/revierwelt.de\/index.php\/wp-json\/wp\/v2\/media?parent=43642"}],"curies":[{"name":"wp","href":"https:\/\/api.w.org\/{rel}","templated":true}]}}